{"id":10104,"date":"2023-12-20T19:15:02","date_gmt":"2023-12-20T18:15:02","guid":{"rendered":"https:\/\/vivarapro.nl\/product\/nk-mu-10-nichoir-de-facade-pour-moineau-domestique\/"},"modified":"2025-10-29T21:00:33","modified_gmt":"2025-10-29T20:00:33","slug":"nk-mu-10-nichoir-de-facade-pour-moineau-domestique","status":"publish","type":"product","link":"https:\/\/viva.ezxdemo.com\/fr\/produit\/nk-mu-10-nichoir-de-facade-pour-moineau-domestique\/","title":{"rendered":"NK MU 10 Nichoir mural pour moineau domestique"},"content":{"rendered":"<p>Ce nichoir en bois, \u00e0 monter sur un mur, est con\u00e7u pour compenser temporairement la perte de sites de nidification des moineaux. Son trou d\u2019envol se situe \u00e0 droite et il peut \u00eatre combin\u00e9 avec le mod\u00e8le NK MU\u00a011 (trou d\u2019envol \u00e0 l\u2019avant) et le NK MU\u00a012 (trou d\u2019envol sur la gauche). Ces trois variantes, avec leurs ouvertures orient\u00e9es diff\u00e9remment, permettent de les installer plus pr\u00e8s les uns des autres sans risque de g\u00eaner les oiseaux. Si vous combinez plusieurs nichoirs, veillez \u00e0 respecter une distance minimale de 25\u00a0cm entre eux. Ce nichoir est \u00e9galement appr\u00e9ci\u00e9 des m\u00e9sanges (notamment la m\u00e9sange charbonni\u00e8re). Il est fabriqu\u00e9 en contreplaqu\u00e9 ext\u00e9rieur certifi\u00e9 FSC\u00ae.<\/p>\n","protected":false},"excerpt":{"rendered":"<p>NK MU 10 Nichoir mural pour moineau domestique | Vivara Pro | Le plus grand fabricant europ\u00e9en de solutions de nidification pour les chauves-souris, les oiseaux et la faune sauvage<\/p>\n","protected":false},"featured_media":31280,"template":"","meta":{"_acf_changed":false,"_relevanssi_hide_post":"","_relevanssi_hide_content":"","_relevanssi_pin_for_all":"","_relevanssi_pin_keywords":"","_relevanssi_unpin_keywords":"","_relevanssi_related_keywords":"","_relevanssi_related_include_ids":"","_relevanssi_related_exclude_ids":"","_relevanssi_related_no_append":"","_relevanssi_related_not_related":"","_relevanssi_related_posts":"","_relevanssi_noindex_reason":""},"product_brand":[],"product_cat":[5026,5051,5040,5043,7868],"product_tag":[],"class_list":{"0":"post-10104","1":"product","2":"type-product","3":"status-publish","4":"has-post-thumbnail","6":"product_cat-moineaux-domestiques","7":"product_cat-nichoirs-a-moineaux-domestiques","8":"product_cat-nichoirs-muraux","9":"product_cat-nichoirs-muraux-pour-moineaux-domestiques","10":"product_cat-nichoirs","11":"pa_binnenmaat-b-x-h-x-d-cm-20-x-135-x-125-fr","12":"pa_buitenmaat-b-x-h-x-d-cm-295-x-189-x-172-fr","13":"pa_invliegopening-34-mm-fr","14":"pa_materiaal-whitewood-fsc","15":"pa_materiaal-voor-filter-bois-fsc","16":"pa_soort-moineau-domestique","17":"pa_soort-moineau-friquet","18":"pa_soortgroep-moineaux","20":"first","21":"instock","22":"purchasable","23":"product-type-simple"},"acf":[],"_links":{"self":[{"href":"https:\/\/viva.ezxdemo.com\/fr\/wp-json\/wp\/v2\/product\/10104","targetHints":{"allow":["GET"]}}],"collection":[{"href":"https:\/\/viva.ezxdemo.com\/fr\/wp-json\/wp\/v2\/product"}],"about":[{"href":"https:\/\/viva.ezxdemo.com\/fr\/wp-json\/wp\/v2\/types\/product"}],"wp:featuredmedia":[{"embeddable":true,"href":"https:\/\/viva.ezxdemo.com\/fr\/wp-json\/wp\/v2\/media\/31280"}],"wp:attachment":[{"href":"https:\/\/viva.ezxdemo.com\/fr\/wp-json\/wp\/v2\/media?parent=10104"}],"wp:term":[{"taxonomy":"product_brand","embeddable":true,"href":"https:\/\/viva.ezxdemo.com\/fr\/wp-json\/wp\/v2\/product_brand?post=10104"},{"taxonomy":"product_cat","embeddable":true,"href":"https:\/\/viva.ezxdemo.com\/fr\/wp-json\/wp\/v2\/product_cat?post=10104"},{"taxonomy":"product_tag","embeddable":true,"href":"https:\/\/viva.ezxdemo.com\/fr\/wp-json\/wp\/v2\/product_tag?post=10104"}],"curies":[{"name":"wp","href":"https:\/\/api.w.org\/{rel}","templated":true}]}}