{"id":10115,"date":"2023-12-20T19:08:38","date_gmt":"2023-12-20T18:08:38","guid":{"rendered":"https:\/\/vivarapro.nl\/product\/uk-st-01-nichoir-a-chouette-cheveche\/"},"modified":"2026-02-24T10:24:19","modified_gmt":"2026-02-24T09:24:19","slug":"uk-st-01-nichoir-a-chouette-cheveche","status":"publish","type":"product","link":"https:\/\/viva.ezxdemo.com\/fr\/produit\/uk-st-01-nichoir-a-chouette-cheveche\/","title":{"rendered":"UK ST 01 Nichoir \u00e0 chev\u00eache d\u2019Ath\u00e9na"},"content":{"rendered":"<p>L\u2019installation de nichoirs permet de donner un coup de pouce aux chev\u00eaches. Par exemple, dans les exploitations agricoles o\u00f9 les possibilit\u00e9s de nidification ont disparu ces derni\u00e8res ann\u00e9es. Ces nichoirs sont adopt\u00e9s avec joie par les chev\u00eaches. On estime aujourd\u2019hui qu\u2019au moins un quart, voire un tiers, de la population nicheuse des Pays-Bas se reproduit dans des nichoirs. Voici les points essentiels \u00e0 respecter lors de la pose d\u2019un nichoir\u00a0:<\/p>\n<ul>\n<li>Pr\u00e9voyez suffisamment d\u2019espace\u00a0: optez pour un nichoir aussi spacieux que possible (surface au sol).<\/li>\n<li>Assurez une bonne ventilation.<\/li>\n<li>Utilisez un mat\u00e9riau absorbant l\u2019humidit\u00e9 pour le fond (copeaux de bois secs).<\/li>\n<li>\u00c9vitez toute infiltration d\u2019eau de pluie, surtout par vents forts.<\/li>\n<li>Optez pour un mat\u00e9riau durable\u00a0: le nichoir doit r\u00e9sister aux vents et aux intemp\u00e9ries pendant environ dix ans.<\/li>\n<li>Veillez \u00e0 ce que la bo\u00eete soit facilement accessible et ouvrable pour le contr\u00f4le.<\/li>\n<li>Prot\u00e9gez l\u2019acc\u00e8s contre les pr\u00e9dateurs comme la martre, par exemple gr\u00e2ce \u00e0 un syst\u00e8me de verrouillage anti-martres. Cela permet aussi d\u2019\u00e9viter la concurrence d\u2019autres esp\u00e8ces comme le choucas ou le pigeon biset.<\/li>\n<\/ul>\n<p>(Source\u00a0: site web STONE Stone Owl Consultation Netherlands)<\/p>\n","protected":false},"excerpt":{"rendered":"<p>UK ST 01 Nichoir \u00e0 chev\u00eache d\u2019Ath\u00e9na | Vivara Pro | Le plus grand fabricant europ\u00e9en de solutions de nidification pour les chauves-souris, les oiseaux et la faune sauvage<\/p>\n","protected":false},"featured_media":10121,"template":"","meta":{"_acf_changed":false,"_relevanssi_hide_post":"","_relevanssi_hide_content":"","_relevanssi_pin_for_all":"","_relevanssi_pin_keywords":"","_relevanssi_unpin_keywords":"","_relevanssi_related_keywords":"","_relevanssi_related_include_ids":"","_relevanssi_related_exclude_ids":"","_relevanssi_related_no_append":"","_relevanssi_related_not_related":"","_relevanssi_related_posts":"","_relevanssi_noindex_reason":""},"product_brand":[],"product_cat":[5082,5056],"product_tag":[],"class_list":{"0":"post-10115","1":"product","2":"type-product","3":"status-publish","4":"has-post-thumbnail","6":"product_cat-nichoirs-pour-des-rapaces-et-des-hiboux","7":"product_cat-nichoirs-pour-les-hiboux","8":"pa_binnenmaat-b-x-h-x-d-cm-33-x-28-x-49-fr","9":"pa_buitenmaat-b-x-h-x-d-cm-50-x-35-x-85-fr","10":"pa_gewicht-kg-14-fr-2","11":"pa_invliegopening-70mm-fr","12":"pa_kleur-vert","13":"pa_materiaal-contreplaque-fsc","14":"pa_materiaal-voor-filter-bois-fsc","15":"pa_soort-cheveche-dathena","16":"pa_soortgroep-hiboux","18":"first","19":"instock","20":"purchasable","21":"product-type-simple"},"acf":[],"_links":{"self":[{"href":"https:\/\/viva.ezxdemo.com\/fr\/wp-json\/wp\/v2\/product\/10115","targetHints":{"allow":["GET"]}}],"collection":[{"href":"https:\/\/viva.ezxdemo.com\/fr\/wp-json\/wp\/v2\/product"}],"about":[{"href":"https:\/\/viva.ezxdemo.com\/fr\/wp-json\/wp\/v2\/types\/product"}],"wp:featuredmedia":[{"embeddable":true,"href":"https:\/\/viva.ezxdemo.com\/fr\/wp-json\/wp\/v2\/media\/10121"}],"wp:attachment":[{"href":"https:\/\/viva.ezxdemo.com\/fr\/wp-json\/wp\/v2\/media?parent=10115"}],"wp:term":[{"taxonomy":"product_brand","embeddable":true,"href":"https:\/\/viva.ezxdemo.com\/fr\/wp-json\/wp\/v2\/product_brand?post=10115"},{"taxonomy":"product_cat","embeddable":true,"href":"https:\/\/viva.ezxdemo.com\/fr\/wp-json\/wp\/v2\/product_cat?post=10115"},{"taxonomy":"product_tag","embeddable":true,"href":"https:\/\/viva.ezxdemo.com\/fr\/wp-json\/wp\/v2\/product_tag?post=10115"}],"curies":[{"name":"wp","href":"https:\/\/api.w.org\/{rel}","templated":true}]}}