{"id":10116,"date":"2023-12-20T19:15:02","date_gmt":"2023-12-20T18:15:02","guid":{"rendered":"https:\/\/vivarapro.nl\/product\/nk-sp-02-nichoir-a-etourneaux\/"},"modified":"2026-02-24T11:33:36","modified_gmt":"2026-02-24T10:33:36","slug":"nk-sp-02-nichoir-a-etourneaux","status":"publish","type":"product","link":"https:\/\/viva.ezxdemo.com\/fr\/produit\/nk-sp-02-nichoir-a-etourneaux\/","title":{"rendered":"NK SP 02 Nichoir \u00e0 \u00e9tourneaux"},"content":{"rendered":"<p>Ce nichoir en 100\u202f% WoodStone\u00ae avec protection contre les martres constitue un abri id\u00e9al pour les \u00e9tourneaux mais peut aussi accueillir diverses autres petites esp\u00e8ces. Un petit bloc est plac\u00e9 \u00e0 l\u2019int\u00e9rieur, sous le trou d\u2019envol, pour que les jeunes \u00e9tourneaux puissent s\u2019y poser pour d\u00e9f\u00e9quer \u00e0 l\u2019ext\u00e9rieur, ce qui contribue \u00e0 garder le nichoir propre. Le WoodStone\u00ae est un m\u00e9lange de fibres de bois certifi\u00e9es FSC\u00ae \u00e0 100\u202f% et de b\u00e9ton. Ce mat\u00e9riau robuste, respectueux de l\u2019environnement, est con\u00e7u pour durer plusieurs d\u00e9cennies.<\/p>\n","protected":false},"excerpt":{"rendered":"<p>NK SP 02 Nichoir \u00e0 \u00e9tourneaux | Vivara Pro | Le plus grand fabricant europ\u00e9en de solutions de nidification pour les chauves-souris, les oiseaux et la faune sauvage<\/p>\n","protected":false},"featured_media":10124,"template":"","meta":{"_acf_changed":false,"_relevanssi_hide_post":"","_relevanssi_hide_content":"","_relevanssi_pin_for_all":"","_relevanssi_pin_keywords":"","_relevanssi_unpin_keywords":"","_relevanssi_related_keywords":"","_relevanssi_related_include_ids":"","_relevanssi_related_exclude_ids":"","_relevanssi_related_no_append":"","_relevanssi_related_not_related":"","_relevanssi_related_posts":"","_relevanssi_noindex_reason":""},"product_brand":[],"product_cat":[5054,5063,5029,7868],"product_tag":[],"class_list":{"0":"post-10116","1":"product","2":"type-product","3":"status-publish","4":"has-post-thumbnail","6":"product_cat-etourneau-sansonnet","7":"product_cat-nichoirs-autres","8":"product_cat-nichoirs-oiseaux-chanteurs","9":"product_cat-nichoirs","10":"pa_binnenmaat-b-x-h-x-d-cm-14-x-34-x-11-fr","11":"pa_buitenmaat-b-x-h-x-d-cm-215-x-395-x-20-fr","12":"pa_gewicht-kg-75-fr","13":"pa_invliegopening-45mm-fr","14":"pa_kleur-marron-blanc","15":"pa_materiaal-woodstone-fr","16":"pa_materiaal-voor-filter-beton-de-bois","17":"pa_soort-etourneau-sansonnet","18":"pa_soortgroep-oiseaux-chanteurs","20":"first","21":"instock","22":"purchasable","23":"product-type-simple"},"acf":[],"_links":{"self":[{"href":"https:\/\/viva.ezxdemo.com\/fr\/wp-json\/wp\/v2\/product\/10116","targetHints":{"allow":["GET"]}}],"collection":[{"href":"https:\/\/viva.ezxdemo.com\/fr\/wp-json\/wp\/v2\/product"}],"about":[{"href":"https:\/\/viva.ezxdemo.com\/fr\/wp-json\/wp\/v2\/types\/product"}],"wp:featuredmedia":[{"embeddable":true,"href":"https:\/\/viva.ezxdemo.com\/fr\/wp-json\/wp\/v2\/media\/10124"}],"wp:attachment":[{"href":"https:\/\/viva.ezxdemo.com\/fr\/wp-json\/wp\/v2\/media?parent=10116"}],"wp:term":[{"taxonomy":"product_brand","embeddable":true,"href":"https:\/\/viva.ezxdemo.com\/fr\/wp-json\/wp\/v2\/product_brand?post=10116"},{"taxonomy":"product_cat","embeddable":true,"href":"https:\/\/viva.ezxdemo.com\/fr\/wp-json\/wp\/v2\/product_cat?post=10116"},{"taxonomy":"product_tag","embeddable":true,"href":"https:\/\/viva.ezxdemo.com\/fr\/wp-json\/wp\/v2\/product_tag?post=10116"}],"curies":[{"name":"wp","href":"https:\/\/api.w.org\/{rel}","templated":true}]}}