{"id":10117,"date":"2023-12-20T19:06:04","date_gmt":"2023-12-20T18:06:04","guid":{"rendered":"https:\/\/vivarapro.nl\/product\/vk-sk-02-nichoir-pour-chauves-souris\/"},"modified":"2025-10-29T21:00:36","modified_gmt":"2025-10-29T20:00:36","slug":"vk-sk-02-nichoir-pour-chauves-souris","status":"publish","type":"product","link":"https:\/\/viva.ezxdemo.com\/fr\/produit\/vk-sk-02-nichoir-pour-chauves-souris\/","title":{"rendered":"VK SK 02 G\u00eete mural pour chauves-souris"},"content":{"rendered":"<p>Ce g\u00eete de maternit\u00e9 pour chauves-souris au format extra-large est con\u00e7u pour \u00eatre install\u00e9 contre des murs en ma\u00e7onnerie ou d\u2019autres fa\u00e7ades rugueuses. Les chauves-souris peuvent y acc\u00e9der de deux mani\u00e8res\u202f: par l\u2019arri\u00e8re, gr\u00e2ce \u00e0 un espace de 2\u202fcm entre le mur et le g\u00eete, et par les ouvertures situ\u00e9es au fond. Le fond ouvert permet \u00e9galement un contr\u00f4le facile. Les trois compartiments, s\u00e9par\u00e9s par des cloisons espac\u00e9es de 19\u00a0mm, communiquent entre eux gr\u00e2ce \u00e0 des ouvertures. Il est possible de relier plusieurs g\u00eetes c\u00f4te \u00e0 c\u00f4te pour former un espace encore plus vaste. Cela n\u00e9cessite de percer des ouvertures de communication dans les parois contigu\u00ebs, afin de cr\u00e9er un passage d\u2019un g\u00eete \u00e0 l\u2019autre. Plusieurs esp\u00e8ces de chauves-souris peuvent utiliser ce g\u00eete, selon les esp\u00e8ces pr\u00e9sentes localement. En tant que g\u00eete de maternit\u00e9, d\u2019\u00e9t\u00e9 ou de reproduction, il convient notamment aux esp\u00e8ces suivantes\u00a0: <\/p>\n<ul>\n<li>Murin \u00e0 moustaches<\/li>\n<li>Pipistrelle commune<\/li>\n<li>Pipistrelle pygm\u00e9e<\/li>\n<li>S\u00e9rotine commune (\u00e0 titre exp\u00e9rimental)<\/li>\n<li>Murin des marais (\u00e0 titre exp\u00e9rimental)<\/li>\n<li>Pipistrelle de Nathusius<\/li>\n<li>S\u00e9rotine bicolore (potentiellement aussi comme g\u00eete de maternit\u00e9)<\/li>\n<\/ul>\n<p> Pendant les hivers doux, il peut \u00e9galement servir d\u2019abri \u00e0 la\u00a0: <\/p>\n<ul>\n<li>Pipistrelle commune<\/li>\n<\/ul>\n<p> Ce g\u00eete est principalement destin\u00e9 \u00e0 la maternit\u00e9, mais peut aussi servir de g\u00eete d\u2019\u00e9t\u00e9 et\/ou de reproduction. Pendant les hivers doux, il peut faire office de refuge. Les compartiments, ainsi que l\u2019espace entre le g\u00eete et le mur, cr\u00e9ent diff\u00e9rents microclimats \u00e0 l\u2019int\u00e9rieur. Le g\u00eete est fabriqu\u00e9 en contreplaqu\u00e9 ext\u00e9rieur hydrofuge coll\u00e9. L\u2019int\u00e9rieur de la paroi arri\u00e8re et une face des cloisons sont recouverts de li\u00e8ge projet\u00e9 pour assurer une bonne accroche. L\u2019ext\u00e9rieur est \u00e9galement prot\u00e9g\u00e9 et isol\u00e9 par un rev\u00eatement en li\u00e8ge projet\u00e9. Le g\u00eete est livr\u00e9 avec le mat\u00e9riel de fixation n\u00e9cessaire pour un montage facile.<\/p>\n","protected":false},"excerpt":{"rendered":"<p>VK SK 02 G\u00eete mural pour chauves-souris | Vivara Pro | Le plus grand fabricant europ\u00e9en de solutions de nidification pour les chauves-souris, les oiseaux et la faune sauvage<\/p>\n","protected":false},"featured_media":10123,"template":"","meta":{"_acf_changed":false,"_relevanssi_hide_post":"","_relevanssi_hide_content":"","_relevanssi_pin_for_all":"","_relevanssi_pin_keywords":"","_relevanssi_unpin_keywords":"","_relevanssi_related_keywords":"","_relevanssi_related_include_ids":"","_relevanssi_related_exclude_ids":"","_relevanssi_related_no_append":"","_relevanssi_related_not_related":"","_relevanssi_related_posts":"","_relevanssi_noindex_reason":""},"product_brand":[],"product_cat":[5024,5039,5040,5037],"product_tag":[],"class_list":{"0":"post-10117","1":"product","2":"type-product","3":"status-publish","4":"has-post-thumbnail","6":"product_cat-chauves-souris","7":"product_cat-gite-de-maternite-pour-chauves-souris","8":"product_cat-nichoirs-muraux","9":"product_cat-nichoirs-muraux-chauves-souris","10":"pa_binnenmaat-b-x-h-x-d-cm-74-x-102-x-3-x-19-fr","11":"pa_buitenmaat-b-x-h-x-d-cm-80-x-120-x-135-fr","12":"pa_gewicht-kg-18-fr","13":"pa_materiaal-contreplaque-exterieur-fsc","14":"pa_materiaal-revetement-en-liege","15":"pa_materiaal-voor-filter-bois-fsc","16":"pa_soort-murin-a-moustaches","17":"pa_soort-oreillard-roux","18":"pa_soort-pipistrelle-commune","19":"pa_soort-pipistrelle-de-nathusius","20":"pa_soort-pipistrelle-pygmee","21":"pa_soort-serotine-commune","22":"pa_soortgroep-chauves-souris","24":"first","25":"instock","26":"purchasable","27":"product-type-simple"},"acf":[],"_links":{"self":[{"href":"https:\/\/viva.ezxdemo.com\/fr\/wp-json\/wp\/v2\/product\/10117","targetHints":{"allow":["GET"]}}],"collection":[{"href":"https:\/\/viva.ezxdemo.com\/fr\/wp-json\/wp\/v2\/product"}],"about":[{"href":"https:\/\/viva.ezxdemo.com\/fr\/wp-json\/wp\/v2\/types\/product"}],"wp:featuredmedia":[{"embeddable":true,"href":"https:\/\/viva.ezxdemo.com\/fr\/wp-json\/wp\/v2\/media\/10123"}],"wp:attachment":[{"href":"https:\/\/viva.ezxdemo.com\/fr\/wp-json\/wp\/v2\/media?parent=10117"}],"wp:term":[{"taxonomy":"product_brand","embeddable":true,"href":"https:\/\/viva.ezxdemo.com\/fr\/wp-json\/wp\/v2\/product_brand?post=10117"},{"taxonomy":"product_cat","embeddable":true,"href":"https:\/\/viva.ezxdemo.com\/fr\/wp-json\/wp\/v2\/product_cat?post=10117"},{"taxonomy":"product_tag","embeddable":true,"href":"https:\/\/viva.ezxdemo.com\/fr\/wp-json\/wp\/v2\/product_tag?post=10117"}],"curies":[{"name":"wp","href":"https:\/\/api.w.org\/{rel}","templated":true}]}}