{"id":10119,"date":"2023-12-20T19:15:02","date_gmt":"2023-12-20T18:15:02","guid":{"rendered":"https:\/\/vivarapro.nl\/product\/st-sp-01-hotel-a-etourneau-complet\/"},"modified":"2025-10-29T21:00:37","modified_gmt":"2025-10-29T20:00:37","slug":"st-sp-01-hotel-a-etourneau-complet","status":"publish","type":"product","link":"https:\/\/viva.ezxdemo.com\/fr\/produit\/st-sp-01-hotel-a-etourneau-complet\/","title":{"rendered":"ST SP 01 Tour \u00e0 \u00e9tourneaux (complet)"},"content":{"rendered":"<p>Pour att\u00e9nuer et compenser la perte de nids pour les \u00e9tourneaux, plusieurs am\u00e9nagements sont souvent r\u00e9alis\u00e9s. Ils peuvent inclure des nichoirs classiques ainsi que des tours \u00e0 \u00e9tourneaux. L\u2019un des principaux avantages des tours \u00e0 \u00e9tourneaux est qu\u2019elles n\u2019occasionnent aucune salissure sur les murs, contrairement aux nichoirs fix\u00e9s directement sur les fa\u00e7ades. Ce mod\u00e8le offre 9\u00a0compartiments r\u00e9unis sous un m\u00eame toit, permettant \u00e0 plusieurs couples d\u2019\u00e9tourneaux de nicher. Il est \u00e9galement utilis\u00e9 par le moineau domestique et le moineau friquet. La structure de cette tour repose sur un cadre m\u00e9tallique recouvert de contreplaqu\u00e9 ext\u00e9rieur, prot\u00e9g\u00e9 par une peinture \u00e9cologique (\u00c9colabel) de couleur RAL\u00a09010. Le toit est couvert d\u2019ardoises noires et b\u00e9n\u00e9ficie d\u2019une couche suppl\u00e9mentaire favorisant la ventilation, afin d\u2019\u00e9viter la surchauffe des nids en p\u00e9riode estivale. Correctement install\u00e9, ce type de tour r\u00e9siste \u00e0 des vents d\u2019au moins force\u00a010.<\/p>\n","protected":false},"excerpt":{"rendered":"<p>ST SP 01 Tour \u00e0 \u00e9tourneaux (complet) | Vivara Pro | Le plus grand fabricant europ\u00e9en de solutions de nidification pour les chauves-souris, les oiseaux et la faune sauvage<\/p>\n","protected":false},"featured_media":17043,"template":"","meta":{"_acf_changed":false,"_relevanssi_hide_post":"","_relevanssi_hide_content":"","_relevanssi_pin_for_all":"","_relevanssi_pin_keywords":"","_relevanssi_unpin_keywords":"","_relevanssi_related_keywords":"","_relevanssi_related_include_ids":"","_relevanssi_related_exclude_ids":"","_relevanssi_related_no_append":"","_relevanssi_related_not_related":"","_relevanssi_related_posts":"","_relevanssi_noindex_reason":""},"product_brand":[],"product_cat":[5054,5075,5076],"product_tag":[],"class_list":{"0":"post-10119","1":"product","2":"type-product","3":"status-publish","4":"has-post-thumbnail","6":"product_cat-etourneau-sansonnet","7":"product_cat-nichoir-sur-poteau","8":"product_cat-tour-a-etourneaux","9":"pa_buitenmaat-b-x-h-x-d-cm-90-x-120-sans-poteau","10":"pa_gewicht-kg-82-sans-poteau","11":"pa_materiaal-voor-filter-bois-fsc","12":"pa_soort-etourneau-sansonnet","13":"pa_soort-moineau-domestique","14":"pa_soort-moineau-friquet","15":"pa_soortgroep-oiseaux-chanteurs","17":"first","18":"instock","19":"purchasable","20":"product-type-variable"},"acf":[],"_links":{"self":[{"href":"https:\/\/viva.ezxdemo.com\/fr\/wp-json\/wp\/v2\/product\/10119","targetHints":{"allow":["GET"]}}],"collection":[{"href":"https:\/\/viva.ezxdemo.com\/fr\/wp-json\/wp\/v2\/product"}],"about":[{"href":"https:\/\/viva.ezxdemo.com\/fr\/wp-json\/wp\/v2\/types\/product"}],"wp:featuredmedia":[{"embeddable":true,"href":"https:\/\/viva.ezxdemo.com\/fr\/wp-json\/wp\/v2\/media\/17043"}],"wp:attachment":[{"href":"https:\/\/viva.ezxdemo.com\/fr\/wp-json\/wp\/v2\/media?parent=10119"}],"wp:term":[{"taxonomy":"product_brand","embeddable":true,"href":"https:\/\/viva.ezxdemo.com\/fr\/wp-json\/wp\/v2\/product_brand?post=10119"},{"taxonomy":"product_cat","embeddable":true,"href":"https:\/\/viva.ezxdemo.com\/fr\/wp-json\/wp\/v2\/product_cat?post=10119"},{"taxonomy":"product_tag","embeddable":true,"href":"https:\/\/viva.ezxdemo.com\/fr\/wp-json\/wp\/v2\/product_tag?post=10119"}],"curies":[{"name":"wp","href":"https:\/\/api.w.org\/{rel}","templated":true}]}}