{"id":10147,"date":"2023-12-20T19:10:55","date_gmt":"2023-12-20T18:10:55","guid":{"rendered":"https:\/\/vivarapro.nl\/product\/uk-vd-01-abreuvoir-en-pierre-adapte-aux-hiboux\/"},"modified":"2026-02-24T10:28:17","modified_gmt":"2026-02-24T09:28:17","slug":"uk-vd-01-abreuvoir-en-pierre-adapte-aux-hiboux","status":"publish","type":"product","link":"https:\/\/viva.ezxdemo.com\/fr\/produit\/uk-vd-01-abreuvoir-en-pierre-adapte-aux-hiboux\/","title":{"rendered":"UK VD 01 Abreuvoir pour chev\u00eaches d\u2019Ath\u00e9na"},"content":{"rendered":"<p>Cet abreuvoir pour chev\u00eaches d\u2019Ath\u00e9na sert de point d\u2019eau aussi bien pour les animaux d\u2019\u00e9levage, tels que les moutons, les chevaux ou les vaches. Il peut \u00eatre install\u00e9 \u00e0 un ou plusieurs endroits dans une cour ou un p\u00e2turage. Les oiseaux, notamment les jeunes chouettes chev\u00eaches, s\u2019abreuvent fr\u00e9quemment dans les abreuvoirs classiques pour b\u00e9tail. Cependant, ils risquent parfois de tomber dedans et de se noyer, car il leur est impossible d\u2019en sortir par eux-m\u00eames. Cet abreuvoir est \u00e9quip\u00e9 d\u2019un plateau int\u00e9rieur amovible et perfor\u00e9, qui permet \u00e0 la chouette de retrouver appui et de ressortir si elle tombe dans l\u2019eau.<br \/>\nCapacit\u00e9\u00a0: 65\u00a0litres.<\/p>\n","protected":false},"excerpt":{"rendered":"<p>UK VD 01 Abreuvoir pour chev\u00eaches d\u2019Ath\u00e9na | Vivara Pro | Le plus grand fabricant europ\u00e9en de solutions de nidification pour les chauves-souris, les oiseaux et la faune sauvage<\/p>\n","protected":false},"featured_media":10153,"template":"","meta":{"_acf_changed":false,"_relevanssi_hide_post":"","_relevanssi_hide_content":"","_relevanssi_pin_for_all":"","_relevanssi_pin_keywords":"","_relevanssi_unpin_keywords":"","_relevanssi_related_keywords":"","_relevanssi_related_include_ids":"","_relevanssi_related_exclude_ids":"","_relevanssi_related_no_append":"","_relevanssi_related_not_related":"","_relevanssi_related_posts":"","_relevanssi_noindex_reason":""},"product_brand":[],"product_cat":[5077,5082,5028],"product_tag":[],"class_list":{"0":"post-10147","1":"product","2":"type-product","3":"status-publish","4":"has-post-thumbnail","6":"product_cat-abreuvoir","7":"product_cat-nichoirs-pour-des-rapaces-et-des-hiboux","8":"product_cat-nichoirs-pour-rapaces","9":"pa_binnenmaat-b-x-h-x-d-cm-32-x-48-fr","10":"pa_buitenmaat-b-x-h-x-d-cm-35-x-59-fr","11":"pa_gewicht-kg-33-fr","12":"pa_kleur-noir","13":"pa_materiaal-plastique","14":"pa_soort-cheveche-dathena","15":"pa_soortgroep-hiboux","17":"first","18":"instock","19":"purchasable","20":"product-type-simple"},"acf":[],"_links":{"self":[{"href":"https:\/\/viva.ezxdemo.com\/fr\/wp-json\/wp\/v2\/product\/10147","targetHints":{"allow":["GET"]}}],"collection":[{"href":"https:\/\/viva.ezxdemo.com\/fr\/wp-json\/wp\/v2\/product"}],"about":[{"href":"https:\/\/viva.ezxdemo.com\/fr\/wp-json\/wp\/v2\/types\/product"}],"wp:featuredmedia":[{"embeddable":true,"href":"https:\/\/viva.ezxdemo.com\/fr\/wp-json\/wp\/v2\/media\/10153"}],"wp:attachment":[{"href":"https:\/\/viva.ezxdemo.com\/fr\/wp-json\/wp\/v2\/media?parent=10147"}],"wp:term":[{"taxonomy":"product_brand","embeddable":true,"href":"https:\/\/viva.ezxdemo.com\/fr\/wp-json\/wp\/v2\/product_brand?post=10147"},{"taxonomy":"product_cat","embeddable":true,"href":"https:\/\/viva.ezxdemo.com\/fr\/wp-json\/wp\/v2\/product_cat?post=10147"},{"taxonomy":"product_tag","embeddable":true,"href":"https:\/\/viva.ezxdemo.com\/fr\/wp-json\/wp\/v2\/product_tag?post=10147"}],"curies":[{"name":"wp","href":"https:\/\/api.w.org\/{rel}","templated":true}]}}