{"id":10148,"date":"2023-12-20T19:06:04","date_gmt":"2023-12-20T18:06:04","guid":{"rendered":"https:\/\/vivarapro.nl\/product\/vk-sk-03-nichoir-a-chauve-souris\/"},"modified":"2025-10-29T21:00:39","modified_gmt":"2025-10-29T20:00:39","slug":"vk-sk-03-nichoir-a-chauve-souris","status":"publish","type":"product","link":"https:\/\/viva.ezxdemo.com\/fr\/produit\/vk-sk-03-nichoir-a-chauve-souris\/","title":{"rendered":"VK SK 03 G\u00eete pour chauves-souris"},"content":{"rendered":"<p>Ce g\u00eete de maternit\u00e9 extra-large peut \u00eatre install\u00e9 contre tout type de mur, y compris les palplanches m\u00e9talliques. Il est \u00e9quip\u00e9 d\u2019une planche d\u2019approche tr\u00e8s longue permettant aux chauves-souris d\u2019y atterrir facilement. De l\u00e0, les chauves-souris peuvent ramper jusqu\u2019au g\u00eete. Le fond ouvert permet de contr\u00f4ler le g\u00eete facilement. Les trois compartiments, espac\u00e9s de 19\u00a0mm chacun, communiquent entre eux par des ouvertures dans les cloisons, offrant des microclimats vari\u00e9s \u00e0 l\u2019int\u00e9rieur du g\u00eete. Ce g\u00eete de maternit\u00e9 peut \u00e9galement \u00eatre install\u00e9 de mani\u00e8re autonome sur des poteaux. Pour conna\u00eetre les diff\u00e9rentes options, consultez le mod\u00e8le <a href=\"https:\/\/viva.ezxdemo.com\/product\/vk-sk-08-vleermuizen-paalkast-set\/\">VK SK\u00a008<\/a>. Plusieurs esp\u00e8ces de chauves-souris peuvent utiliser ce g\u00eete, selon les esp\u00e8ces pr\u00e9sentes localement. Ce g\u00eete est principalement destin\u00e9 \u00e0 la maternit\u00e9, mais peut aussi servir de g\u00eete d\u2019\u00e9t\u00e9 et\/ou de reproduction. Pendant les hivers doux, il peut faire office de refuge. En tant que g\u00eete de maternit\u00e9, d\u2019\u00e9t\u00e9 ou de reproduction, il convient notamment aux esp\u00e8ces suivantes\u00a0: <\/p>\n<ul>\n<li>Murin \u00e0 moustaches<\/li>\n<li>Pipistrelle commune<\/li>\n<li>Pipistrelle pygm\u00e9e<\/li>\n<li>S\u00e9rotine commune (\u00e0 titre exp\u00e9rimental)<\/li>\n<li>Murin des marais (\u00e0 titre exp\u00e9rimental)<\/li>\n<li>Pipistrelle de Nathusius<\/li>\n<li>S\u00e9rotine bicolore (potentiellement aussi comme g\u00eete de maternit\u00e9)<\/li>\n<\/ul>\n<p> Pendant les hivers doux, il peut \u00e9galement servir d\u2019abri \u00e0 la\u00a0: <\/p>\n<ul>\n<li>Pipistrelle commune<\/li>\n<\/ul>\n<p> Le g\u00eete est fabriqu\u00e9 en contreplaqu\u00e9 ext\u00e9rieur coll\u00e9 \u00e9tanche. L\u2019int\u00e9rieur de la paroi arri\u00e8re et une face des cloisons sont recouverts de li\u00e8ge projet\u00e9 pour assurer une bonne accroche. L\u2019ext\u00e9rieur est \u00e9galement prot\u00e9g\u00e9 et isol\u00e9 par un rev\u00eatement en li\u00e8ge projet\u00e9. Le g\u00eete est livr\u00e9 avec le mat\u00e9riel de fixation n\u00e9cessaire pour un montage facile.<\/p>\n","protected":false},"excerpt":{"rendered":"<p>VK SK 03 G\u00eete pour chauves-souris | Vivara Pro | Le plus grand fabricant europ\u00e9en de solutions de nidification pour les chauves-souris, les oiseaux et la faune sauvage<\/p>\n","protected":false},"featured_media":10157,"template":"","meta":{"_acf_changed":false,"_relevanssi_hide_post":"","_relevanssi_hide_content":"","_relevanssi_pin_for_all":"","_relevanssi_pin_keywords":"","_relevanssi_unpin_keywords":"","_relevanssi_related_keywords":"","_relevanssi_related_include_ids":"","_relevanssi_related_exclude_ids":"","_relevanssi_related_no_append":"","_relevanssi_related_not_related":"","_relevanssi_related_posts":"","_relevanssi_noindex_reason":""},"product_brand":[],"product_cat":[5024,5039,5040,5037],"product_tag":[],"class_list":{"0":"post-10148","1":"product","2":"type-product","3":"status-publish","4":"has-post-thumbnail","6":"product_cat-chauves-souris","7":"product_cat-gite-de-maternite-pour-chauves-souris","8":"product_cat-nichoirs-muraux","9":"product_cat-nichoirs-muraux-chauves-souris","10":"pa_binnenmaat-b-x-h-x-d-cm-107-x-63-x-3-x-2-fr","11":"pa_buitenmaat-b-x-h-x-d-cm-118-x-79-x-15-fr","12":"pa_gewicht-kg-18-fr","13":"pa_materiaal-contreplaque-exterieur-fsc","14":"pa_materiaal-revetement-en-liege","15":"pa_materiaal-voor-filter-bois-fsc","16":"pa_soort-murin-a-moustaches","17":"pa_soort-murin-des-marais","18":"pa_soort-oreillard-roux","19":"pa_soort-pipistrelle-commune","20":"pa_soort-pipistrelle-de-nathusius","21":"pa_soort-pipistrelle-pygmee","22":"pa_soort-serotine-commune","23":"pa_soortgroep-chauves-souris","25":"first","26":"instock","27":"purchasable","28":"product-type-simple"},"acf":[],"_links":{"self":[{"href":"https:\/\/viva.ezxdemo.com\/fr\/wp-json\/wp\/v2\/product\/10148","targetHints":{"allow":["GET"]}}],"collection":[{"href":"https:\/\/viva.ezxdemo.com\/fr\/wp-json\/wp\/v2\/product"}],"about":[{"href":"https:\/\/viva.ezxdemo.com\/fr\/wp-json\/wp\/v2\/types\/product"}],"wp:featuredmedia":[{"embeddable":true,"href":"https:\/\/viva.ezxdemo.com\/fr\/wp-json\/wp\/v2\/media\/10157"}],"wp:attachment":[{"href":"https:\/\/viva.ezxdemo.com\/fr\/wp-json\/wp\/v2\/media?parent=10148"}],"wp:term":[{"taxonomy":"product_brand","embeddable":true,"href":"https:\/\/viva.ezxdemo.com\/fr\/wp-json\/wp\/v2\/product_brand?post=10148"},{"taxonomy":"product_cat","embeddable":true,"href":"https:\/\/viva.ezxdemo.com\/fr\/wp-json\/wp\/v2\/product_cat?post=10148"},{"taxonomy":"product_tag","embeddable":true,"href":"https:\/\/viva.ezxdemo.com\/fr\/wp-json\/wp\/v2\/product_tag?post=10148"}],"curies":[{"name":"wp","href":"https:\/\/api.w.org\/{rel}","templated":true}]}}