{"id":10150,"date":"2023-12-20T19:08:38","date_gmt":"2023-12-20T18:08:38","guid":{"rendered":"https:\/\/vivarapro.nl\/product\/ow-oz-01-mur-dhirondelles-de-rivage\/"},"modified":"2026-02-24T09:40:21","modified_gmt":"2026-02-24T08:40:21","slug":"ow-oz-01-mur-dhirondelles-de-rivage","status":"publish","type":"product","link":"https:\/\/viva.ezxdemo.com\/fr\/produit\/ow-oz-01-mur-dhirondelles-de-rivage\/","title":{"rendered":"OW OZ 01 Mur d\u2019hirondelles de rivage"},"content":{"rendered":"<p>Ce mur mobile offre des possibilit\u00e9s de nidification artificielle \u00e0 l\u2019hirondelle de rivage.<\/p>\n<ul>\n<li>Il mesure 3,75\u00a0m\u00e8tres de long, 1,50\u00a0m\u00e8tre de profondeur et 2,30\u00a0m\u00e8tres de hauteur et peut contenir jusqu\u2019\u00e0 51\u00a0nichoirs.<\/li>\n<li>Le mur est construit avec une ossature en bois massif recouverte de contreplaqu\u00e9 en b\u00e9ton hydrofuge de 18\u00a0mm. Tout l\u2019ext\u00e9rieur est enduit d\u2019un cr\u00e9pi rugueux afin de lui donner l\u2019aspect du sable. Le toit est recouvert de caoutchouc EPDM.<\/li>\n<li>Le mur peut \u00eatre ouvert gr\u00e2ce \u00e0 une porte \u00e0 l\u2019arri\u00e8re, \u00e9quip\u00e9e de deux coulisses et de cadenas.<\/li>\n<li>\u00c0 l\u2019int\u00e9rieur, un \u00e9chafaudage avec plateformes permet d\u2019installer les 51\u00a0nichoirs&lt;ahref=&#8221;https:\/\/viva.ezxdemo.com\/product\/nk-oz-01-nestkast-oeverzwaluw\/&#8221;&gt;(NK OZ\u00a001), livr\u00e9s s\u00e9par\u00e9ment. \u00c0 l\u2019arri\u00e8re, chaque nichoir s\u2019ouvre facilement pour acc\u00e9der \u00e0 la zone de nidification. Il est \u00e9videmment recommand\u00e9 de limiter l\u2019ouverture des nichoirs afin de ne pas d\u00e9ranger les hirondelles\u00a0!<\/li>\n<li>Ce mur est id\u00e9al pour les travaux de recherche. Les bagueurs peuvent facilement acc\u00e9der aux nids pour peser, mesurer et baguer les jeunes.<\/li>\n<\/ul>\n","protected":false},"excerpt":{"rendered":"<p>OW OZ 01 Mur d\u2019hirondelles de rivage | Vivara Pro | Le plus grand fabricant europ\u00e9en de solutions de nidification pour les chauves-souris, les oiseaux et la faune sauvage<\/p>\n","protected":false},"featured_media":27840,"template":"","meta":{"_acf_changed":false,"_relevanssi_hide_post":"","_relevanssi_hide_content":"","_relevanssi_pin_for_all":"","_relevanssi_pin_keywords":"","_relevanssi_unpin_keywords":"","_relevanssi_related_keywords":"","_relevanssi_related_include_ids":"","_relevanssi_related_exclude_ids":"","_relevanssi_related_no_append":"","_relevanssi_related_not_related":"","_relevanssi_related_posts":"","_relevanssi_noindex_reason":""},"product_brand":[],"product_cat":[5027,5046,5030,7868],"product_tag":[],"class_list":{"0":"post-10150","1":"product","2":"type-product","3":"status-publish","4":"has-post-thumbnail","6":"product_cat-hirondelles","7":"product_cat-nichoirs-pour-hirondelles-de-rivage","8":"product_cat-oiseaux-pres-de-leau","9":"product_cat-nichoirs","10":"pa_buitenmaat-b-x-h-x-d-cm-375-x-230-x-150-fr","11":"pa_kleur-gris","12":"pa_materiaal-bois-fsc","13":"pa_materiaal-caoutchouc-epdm","14":"pa_materiaal-contreplaque-de-beton","15":"pa_materiaal-revetement-en-liege","16":"pa_materiaal-voor-filter-bois-fsc","17":"pa_soort-hirondelle-de-rivage","18":"pa_soortgroep-hirondelles","20":"first","21":"instock","22":"purchasable","23":"product-type-simple"},"acf":[],"_links":{"self":[{"href":"https:\/\/viva.ezxdemo.com\/fr\/wp-json\/wp\/v2\/product\/10150","targetHints":{"allow":["GET"]}}],"collection":[{"href":"https:\/\/viva.ezxdemo.com\/fr\/wp-json\/wp\/v2\/product"}],"about":[{"href":"https:\/\/viva.ezxdemo.com\/fr\/wp-json\/wp\/v2\/types\/product"}],"wp:featuredmedia":[{"embeddable":true,"href":"https:\/\/viva.ezxdemo.com\/fr\/wp-json\/wp\/v2\/media\/27840"}],"wp:attachment":[{"href":"https:\/\/viva.ezxdemo.com\/fr\/wp-json\/wp\/v2\/media?parent=10150"}],"wp:term":[{"taxonomy":"product_brand","embeddable":true,"href":"https:\/\/viva.ezxdemo.com\/fr\/wp-json\/wp\/v2\/product_brand?post=10150"},{"taxonomy":"product_cat","embeddable":true,"href":"https:\/\/viva.ezxdemo.com\/fr\/wp-json\/wp\/v2\/product_cat?post=10150"},{"taxonomy":"product_tag","embeddable":true,"href":"https:\/\/viva.ezxdemo.com\/fr\/wp-json\/wp\/v2\/product_tag?post=10150"}],"curies":[{"name":"wp","href":"https:\/\/api.w.org\/{rel}","templated":true}]}}