{"id":10151,"date":"2023-12-20T19:08:38","date_gmt":"2023-12-20T18:08:38","guid":{"rendered":"https:\/\/vivarapro.nl\/product\/uk-bo-01-nichoir-pour-chouette-hulotte\/"},"modified":"2026-02-24T10:23:51","modified_gmt":"2026-02-24T09:23:51","slug":"uk-bo-01-nichoir-pour-chouette-hulotte","status":"publish","type":"product","link":"https:\/\/viva.ezxdemo.com\/fr\/produit\/uk-bo-01-nichoir-pour-chouette-hulotte\/","title":{"rendered":"UK BO 01 Nichoir pour chouette hulotte"},"content":{"rendered":"<p>La chouette hulotte niche dans divers types de cavit\u00e9s, principalement dans les arbres, mais parfois aussi dans des b\u00e2timents. Ce nichoir leur offre un espace de nidification spacieux et s\u00e9curis\u00e9. Les c\u00f4t\u00e9s prolong\u00e9s en haut du nichoir rendent l\u2019acc\u00e8s plus difficile aux martres, m\u00eame s\u2019il reste impossible de les emp\u00eacher totalement d\u2019y p\u00e9n\u00e9trer, vu l\u2019agilit\u00e9 et l\u2019ing\u00e9niosit\u00e9 de ces pr\u00e9dateurs. Ce nichoir plait aussi aux pigeons colombins et aux choucas. Si une chouette hulotte d\u00e9cide d\u2019occuper le nichoir, elle chassera tout autre occupant.<\/p>\n","protected":false},"excerpt":{"rendered":"<p>UK BO 01 Nichoir pour chouette hulotte | Vivara Pro | Le plus grand fabricant europ\u00e9en de solutions de nidification pour les chauves-souris, les oiseaux et la faune sauvage<\/p>\n","protected":false},"featured_media":10168,"template":"","meta":{"_acf_changed":false,"_relevanssi_hide_post":"","_relevanssi_hide_content":"","_relevanssi_pin_for_all":"","_relevanssi_pin_keywords":"","_relevanssi_unpin_keywords":"","_relevanssi_related_keywords":"","_relevanssi_related_include_ids":"","_relevanssi_related_exclude_ids":"","_relevanssi_related_no_append":"","_relevanssi_related_not_related":"","_relevanssi_related_posts":"","_relevanssi_noindex_reason":""},"product_brand":[],"product_cat":[5082,5056],"product_tag":[],"class_list":{"0":"post-10151","1":"product","2":"type-product","3":"status-publish","4":"has-post-thumbnail","6":"product_cat-nichoirs-pour-des-rapaces-et-des-hiboux","7":"product_cat-nichoirs-pour-les-hiboux","8":"pa_binnenmaat-b-x-h-x-d-cm-25-x-47-x-25-fr","9":"pa_buitenmaat-b-x-h-x-d-cm-40-x-51-x-44-fr","10":"pa_gewicht-kg-77-fr","11":"pa_invliegopening-125mm-fr","12":"pa_kleur-vert","13":"pa_materiaal-contreplaque-fsc","14":"pa_materiaal-voor-filter-bois-fsc","15":"pa_soort-choucas-des-tours","16":"pa_soort-chouette-hulotte","17":"pa_soort-pigeon-colombin","18":"pa_soortgroep-hiboux","20":"first","21":"instock","22":"purchasable","23":"product-type-simple"},"acf":[],"_links":{"self":[{"href":"https:\/\/viva.ezxdemo.com\/fr\/wp-json\/wp\/v2\/product\/10151","targetHints":{"allow":["GET"]}}],"collection":[{"href":"https:\/\/viva.ezxdemo.com\/fr\/wp-json\/wp\/v2\/product"}],"about":[{"href":"https:\/\/viva.ezxdemo.com\/fr\/wp-json\/wp\/v2\/types\/product"}],"wp:featuredmedia":[{"embeddable":true,"href":"https:\/\/viva.ezxdemo.com\/fr\/wp-json\/wp\/v2\/media\/10168"}],"wp:attachment":[{"href":"https:\/\/viva.ezxdemo.com\/fr\/wp-json\/wp\/v2\/media?parent=10151"}],"wp:term":[{"taxonomy":"product_brand","embeddable":true,"href":"https:\/\/viva.ezxdemo.com\/fr\/wp-json\/wp\/v2\/product_brand?post=10151"},{"taxonomy":"product_cat","embeddable":true,"href":"https:\/\/viva.ezxdemo.com\/fr\/wp-json\/wp\/v2\/product_cat?post=10151"},{"taxonomy":"product_tag","embeddable":true,"href":"https:\/\/viva.ezxdemo.com\/fr\/wp-json\/wp\/v2\/product_tag?post=10151"}],"curies":[{"name":"wp","href":"https:\/\/api.w.org\/{rel}","templated":true}]}}