{"id":10176,"date":"2023-12-20T19:06:04","date_gmt":"2023-12-20T18:06:04","guid":{"rendered":"https:\/\/vivarapro.nl\/product\/vk-sk-04-nichoir-sur-poteau-poteau-en-bois-complet\/"},"modified":"2025-10-29T21:00:44","modified_gmt":"2025-10-29T20:00:44","slug":"vk-sk-04-nichoir-sur-poteau-poteau-en-bois-complet","status":"publish","type":"product","link":"https:\/\/viva.ezxdemo.com\/fr\/produit\/vk-sk-04-nichoir-sur-poteau-poteau-en-bois-complet\/","title":{"rendered":"VK SK 04  Tour \u00e0 chauves-souris sur poteau (compl\u00e8te)"},"content":{"rendered":"<p>Cette tour mont\u00e9e sur poteau est id\u00e9ale pour compenser la perte de lieux de repos d\u2019\u00e9t\u00e9 de plusieurs esp\u00e8ces de chauves-souris. Elle peut \u00eatre install\u00e9e partout, mais l\u2019id\u00e9al est de la placer \u00e0 proximit\u00e9 d\u2019un espace vert avec des arbustes et des arbres, ou en lisi\u00e8re de for\u00eat. Il est \u00e9galement possible de l\u2019installer dans une zone d\u00e9gag\u00e9e d\u2019un parc, d\u2019un jardin ou d\u2019une for\u00eat. Dans ce cas, positionnez-la le plus pr\u00e8s possible du bord d\u2019une clairi\u00e8re. La tour se compose d\u2019un poteau en douglas certifi\u00e9 FSC\u00ae de 6\u202fm\u00e8tres et d\u2019un g\u00eete \u00e0 chauves-souris type \u00ab\u202ffus\u00e9e\u202f\u00bb. Quatre sacs de b\u00e9ton \u00e0 prise rapide sont \u00e9galement fournis pour assurer une installation stable. Les trois faces disposent de chambres espac\u00e9es de 19\u202fmm, recouvertes de li\u00e8ge pulv\u00e9ris\u00e9, et communiquent entre elles par des ouvertures dans les cloisons. Les chauves-souris peuvent se glisser dans le g\u00eete par les lattes ouvertes situ\u00e9es en bas. Une fente de ventilation est pr\u00e9vue sur deux faces. Une fois \u00e0 l\u2019int\u00e9rieur, les chauves-souris peuvent acc\u00e9der \u00e0 toutes les parties du g\u00eete gr\u00e2ce \u00e0 diff\u00e9rentes ouvertures dans les lattes. Plusieurs esp\u00e8ces peuvent y trouver refuge, selon celles pr\u00e9sentes dans la zone. Cette tour sur poteau est adapt\u00e9e pour servir de g\u00eete d\u2019\u00e9t\u00e9. Pendant les hivers doux, elle peut \u00e9galement servir d\u2019abri. Cette tour peut \u00eatre utilis\u00e9e comme g\u00eete d\u2019\u00e9t\u00e9 et de reproduction par les esp\u00e8ces suivantes\u00a0: <\/p>\n<ul class=\"margin-block-10\">\n<li>Pipistrelle commune et Pipistrelle pygm\u00e9e<\/li>\n<li>Murin \u00e0 moustaches<\/li>\n<\/ul>\n<p> Si install\u00e9e en for\u00eat\u00a0: <\/p>\n<ul class=\"margin-block-10\">\n<li>Oreillard roux<\/li>\n<li>Murin de Natterer<\/li>\n<li>Murin de Daubenton<\/li>\n<li>Barbastelle d\u2019Europe<\/li>\n<li>Murin de Brandt<\/li>\n<\/ul>\n<p> Pendant les hivers doux, elle peut \u00eatre utilis\u00e9e par les\u00a0: <\/p>\n<ul class=\"margin-block-10\">\n<li>Pipistrelle commune<\/li>\n<li>Oreillard roux<\/li>\n<\/ul>\n","protected":false},"excerpt":{"rendered":"<p>VK SK 04 Tour \u00e0 chauves-souris sur poteau (compl\u00e8te) | Vivara Pro | Le plus grand fabricant europ\u00e9en de solutions de nidification pour les chauves-souris, les oiseaux et la faune sauvage<\/p>\n","protected":false},"featured_media":10190,"template":"","meta":{"_acf_changed":false,"_relevanssi_hide_post":"","_relevanssi_hide_content":"","_relevanssi_pin_for_all":"","_relevanssi_pin_keywords":"","_relevanssi_unpin_keywords":"","_relevanssi_related_keywords":"","_relevanssi_related_include_ids":"","_relevanssi_related_exclude_ids":"","_relevanssi_related_no_append":"","_relevanssi_related_not_related":"","_relevanssi_related_posts":"","_relevanssi_noindex_reason":""},"product_brand":[],"product_cat":[5024,5055,5075],"product_tag":[],"class_list":{"0":"post-10176","1":"product","2":"type-product","3":"status-publish","4":"has-post-thumbnail","6":"product_cat-chauves-souris","7":"product_cat-gites-sur-poteau-pour-chauves-souris","8":"product_cat-nichoir-sur-poteau","9":"pa_buitenmaat-b-x-h-x-d-cm-43-x-165-x-43-sans-le-poteau","10":"pa_gewicht-kg-65-sans-poteau","11":"pa_materiaal-contreplaque-fsc","12":"pa_materiaal-revetement-en-liege","13":"pa_materiaal-voor-filter-bois-fsc","14":"pa_soort-barbastelle-deurope","15":"pa_soort-murin-a-moustaches","16":"pa_soort-murin-de-daubenton","17":"pa_soort-murin-de-natterer","18":"pa_soort-noctule-commune","19":"pa_soort-noctule-de-leisler","20":"pa_soort-oreillard-roux","21":"pa_soort-oreillard-roux-fr","22":"pa_soort-pipistrelle-commune","23":"pa_soort-pipistrelle-de-nathusius","24":"pa_soort-pipistrelle-pygmee","25":"pa_soortgroep-chauves-souris","27":"first","28":"instock","29":"purchasable","30":"product-type-variable"},"acf":[],"_links":{"self":[{"href":"https:\/\/viva.ezxdemo.com\/fr\/wp-json\/wp\/v2\/product\/10176","targetHints":{"allow":["GET"]}}],"collection":[{"href":"https:\/\/viva.ezxdemo.com\/fr\/wp-json\/wp\/v2\/product"}],"about":[{"href":"https:\/\/viva.ezxdemo.com\/fr\/wp-json\/wp\/v2\/types\/product"}],"wp:featuredmedia":[{"embeddable":true,"href":"https:\/\/viva.ezxdemo.com\/fr\/wp-json\/wp\/v2\/media\/10190"}],"wp:attachment":[{"href":"https:\/\/viva.ezxdemo.com\/fr\/wp-json\/wp\/v2\/media?parent=10176"}],"wp:term":[{"taxonomy":"product_brand","embeddable":true,"href":"https:\/\/viva.ezxdemo.com\/fr\/wp-json\/wp\/v2\/product_brand?post=10176"},{"taxonomy":"product_cat","embeddable":true,"href":"https:\/\/viva.ezxdemo.com\/fr\/wp-json\/wp\/v2\/product_cat?post=10176"},{"taxonomy":"product_tag","embeddable":true,"href":"https:\/\/viva.ezxdemo.com\/fr\/wp-json\/wp\/v2\/product_tag?post=10176"}],"curies":[{"name":"wp","href":"https:\/\/api.w.org\/{rel}","templated":true}]}}