{"id":10177,"date":"2023-12-20T19:10:55","date_gmt":"2023-12-20T18:10:55","guid":{"rendered":"https:\/\/vivarapro.nl\/product\/rk-bu-01-panier-de-nid-de-buse\/"},"modified":"2026-02-24T10:22:10","modified_gmt":"2026-02-24T09:22:10","slug":"rk-bu-01-panier-de-nid-de-buse","status":"publish","type":"product","link":"https:\/\/viva.ezxdemo.com\/fr\/produit\/rk-bu-01-panier-de-nid-de-buse\/","title":{"rendered":"RK BU 01 Nid pour buse variable"},"content":{"rendered":"<p>Ce panier-nid offre un habitat \u00e0 la buse variable. Il est \u00e9galement utilis\u00e9 par les bondr\u00e9es apivores et les faucons. Ce panier pour buses constitue une mesure compensatoire test\u00e9e et approuv\u00e9e, notamment lorsque l\u2019abattage d\u2019arbres a provoqu\u00e9 la perte de nids naturels. Il est essentiel de le placer dans un endroit adapt\u00e9 et de l\u2019installer correctement.<\/p>\n","protected":false},"excerpt":{"rendered":"<p>RK BU 01 Nid pour buse variable | Vivara Pro | Le plus grand fabricant europ\u00e9en de solutions de nidification pour les chauves-souris, les oiseaux et la faune sauvage<\/p>\n","protected":false},"featured_media":10188,"template":"","meta":{"_acf_changed":false,"_relevanssi_hide_post":"","_relevanssi_hide_content":"","_relevanssi_pin_for_all":"","_relevanssi_pin_keywords":"","_relevanssi_unpin_keywords":"","_relevanssi_related_keywords":"","_relevanssi_related_include_ids":"","_relevanssi_related_exclude_ids":"","_relevanssi_related_no_append":"","_relevanssi_related_not_related":"","_relevanssi_related_posts":"","_relevanssi_noindex_reason":""},"product_brand":[],"product_cat":[5082,5028],"product_tag":[],"class_list":{"0":"post-10177","1":"product","2":"type-product","3":"status-publish","4":"has-post-thumbnail","6":"product_cat-nichoirs-pour-des-rapaces-et-des-hiboux","7":"product_cat-nichoirs-pour-rapaces","8":"pa_buitenmaat-b-x-h-x-d-cm-35-x-75-fr","9":"pa_gewicht-kg-4863","10":"pa_kleur-marron","11":"pa_materiaal-saule","12":"pa_materiaal-voor-filter-saule","13":"pa_soort-autour-des-palombes","14":"pa_soort-bondree-apivore","15":"pa_soort-buse-variable","16":"pa_soortgroep-oiseaux-de-proie","18":"first","19":"instock","20":"purchasable","21":"product-type-simple"},"acf":[],"_links":{"self":[{"href":"https:\/\/viva.ezxdemo.com\/fr\/wp-json\/wp\/v2\/product\/10177","targetHints":{"allow":["GET"]}}],"collection":[{"href":"https:\/\/viva.ezxdemo.com\/fr\/wp-json\/wp\/v2\/product"}],"about":[{"href":"https:\/\/viva.ezxdemo.com\/fr\/wp-json\/wp\/v2\/types\/product"}],"wp:featuredmedia":[{"embeddable":true,"href":"https:\/\/viva.ezxdemo.com\/fr\/wp-json\/wp\/v2\/media\/10188"}],"wp:attachment":[{"href":"https:\/\/viva.ezxdemo.com\/fr\/wp-json\/wp\/v2\/media?parent=10177"}],"wp:term":[{"taxonomy":"product_brand","embeddable":true,"href":"https:\/\/viva.ezxdemo.com\/fr\/wp-json\/wp\/v2\/product_brand?post=10177"},{"taxonomy":"product_cat","embeddable":true,"href":"https:\/\/viva.ezxdemo.com\/fr\/wp-json\/wp\/v2\/product_cat?post=10177"},{"taxonomy":"product_tag","embeddable":true,"href":"https:\/\/viva.ezxdemo.com\/fr\/wp-json\/wp\/v2\/product_tag?post=10177"}],"curies":[{"name":"wp","href":"https:\/\/api.w.org\/{rel}","templated":true}]}}