{"id":10178,"date":"2023-12-20T19:08:38","date_gmt":"2023-12-20T18:08:38","guid":{"rendered":"https:\/\/vivarapro.nl\/product\/uk-ke-01-nichoir-pour-chouette-effraie\/"},"modified":"2026-02-24T10:23:57","modified_gmt":"2026-02-24T09:23:57","slug":"uk-ke-01-nichoir-pour-chouette-effraie","status":"publish","type":"product","link":"https:\/\/viva.ezxdemo.com\/fr\/produit\/uk-ke-01-nichoir-pour-chouette-effraie\/","title":{"rendered":"UK KE 01 Nichoir pour effraie des clochers"},"content":{"rendered":"<p>Ce nichoir est fabriqu\u00e9 en contreplaqu\u00e9 ext\u00e9rieur et muni d\u2019a\u00e9rations. Il comporte un compartiment s\u00e9par\u00e9 pour la nidification et un couvercle facilitant l\u2019inspection du nid et son entretien. Attention, ce nichoir ne doit pas \u00eatre plac\u00e9 dehors, expos\u00e9 au vent et aux intemp\u00e9ries.<\/p>\n","protected":false},"excerpt":{"rendered":"<p>UK KE 01 Nichoir pour effraie des clochers | Vivara Pro | Le plus grand fabricant europ\u00e9en de solutions de nidification pour les chauves-souris, les oiseaux et la faune sauvage<\/p>\n","protected":false},"featured_media":10201,"template":"","meta":{"_acf_changed":false,"_relevanssi_hide_post":"","_relevanssi_hide_content":"","_relevanssi_pin_for_all":"","_relevanssi_pin_keywords":"","_relevanssi_unpin_keywords":"","_relevanssi_related_keywords":"","_relevanssi_related_include_ids":"","_relevanssi_related_exclude_ids":"","_relevanssi_related_no_append":"","_relevanssi_related_not_related":"","_relevanssi_related_posts":"","_relevanssi_noindex_reason":""},"product_brand":[],"product_cat":[5082,5056],"product_tag":[],"class_list":{"0":"post-10178","1":"product","2":"type-product","3":"status-publish","4":"has-post-thumbnail","6":"product_cat-nichoirs-pour-des-rapaces-et-des-hiboux","7":"product_cat-nichoirs-pour-les-hiboux","8":"pa_binnenmaat-b-x-h-x-d-cm-56-x-43-x-365-fr","9":"pa_buitenmaat-b-x-h-x-d-cm-79-x-46-x-39-fr","10":"pa_gewicht-kg-13-fr","11":"pa_invliegopening-110-mm-x-110-mm","12":"pa_kleur-naturel-fr","13":"pa_materiaal-contreplaque-fsc","14":"pa_materiaal-voor-filter-bois-fsc","15":"pa_soort-effraie-des-clochers","16":"pa_soortgroep-hiboux","18":"first","19":"instock","20":"purchasable","21":"product-type-simple"},"acf":[],"_links":{"self":[{"href":"https:\/\/viva.ezxdemo.com\/fr\/wp-json\/wp\/v2\/product\/10178","targetHints":{"allow":["GET"]}}],"collection":[{"href":"https:\/\/viva.ezxdemo.com\/fr\/wp-json\/wp\/v2\/product"}],"about":[{"href":"https:\/\/viva.ezxdemo.com\/fr\/wp-json\/wp\/v2\/types\/product"}],"wp:featuredmedia":[{"embeddable":true,"href":"https:\/\/viva.ezxdemo.com\/fr\/wp-json\/wp\/v2\/media\/10201"}],"wp:attachment":[{"href":"https:\/\/viva.ezxdemo.com\/fr\/wp-json\/wp\/v2\/media?parent=10178"}],"wp:term":[{"taxonomy":"product_brand","embeddable":true,"href":"https:\/\/viva.ezxdemo.com\/fr\/wp-json\/wp\/v2\/product_brand?post=10178"},{"taxonomy":"product_cat","embeddable":true,"href":"https:\/\/viva.ezxdemo.com\/fr\/wp-json\/wp\/v2\/product_cat?post=10178"},{"taxonomy":"product_tag","embeddable":true,"href":"https:\/\/viva.ezxdemo.com\/fr\/wp-json\/wp\/v2\/product_tag?post=10178"}],"curies":[{"name":"wp","href":"https:\/\/api.w.org\/{rel}","templated":true}]}}