{"id":10209,"date":"2023-12-20T19:10:55","date_gmt":"2023-12-20T18:10:55","guid":{"rendered":"https:\/\/vivarapro.nl\/product\/rk-sl-01-nichoir-pour-faucons-pelerins\/"},"modified":"2026-02-24T10:21:51","modified_gmt":"2026-02-24T09:21:51","slug":"rk-sl-01-nichoir-pour-faucons-pelerins","status":"publish","type":"product","link":"https:\/\/viva.ezxdemo.com\/fr\/produit\/rk-sl-01-nichoir-pour-faucons-pelerins\/","title":{"rendered":"RK SL 01 Nichoir pour faucons p\u00e8lerins"},"content":{"rendered":"<p>Ce nichoir est fabriqu\u00e9 en contreplaqu\u00e9 ext\u00e9rieur en b\u00e9ton et assembl\u00e9 avec des vis en acier inoxydable. Son toit est recouvert de bitume et renforc\u00e9 par des profil\u00e9s d\u2019angle en aluminium. Il est \u00e9quip\u00e9 d\u2019une grille d\u2019approche galvanis\u00e9e ainsi que d\u2019un sac de 25\u00a0kg de gravier fin servant de mat\u00e9riau de nidification. Pour la fixation, vous pouvez concevoir votre propre support ou opter pour notre cadre suspendu standard. Toutefois, ce cadre n\u2019est adapt\u00e9 qu\u2019\u00e0 une installation contre un mur ou une fa\u00e7ade.<\/p>\n","protected":false},"excerpt":{"rendered":"<p>RK SL 01 Nichoir pour faucons p\u00e8lerins | Vivara Pro | Le plus grand fabricant europ\u00e9en de solutions de nidification pour les chauves-souris, les oiseaux et la faune sauvage<\/p>\n","protected":false},"featured_media":10217,"template":"","meta":{"_acf_changed":false,"_relevanssi_hide_post":"","_relevanssi_hide_content":"","_relevanssi_pin_for_all":"","_relevanssi_pin_keywords":"","_relevanssi_unpin_keywords":"","_relevanssi_related_keywords":"","_relevanssi_related_include_ids":"","_relevanssi_related_exclude_ids":"","_relevanssi_related_no_append":"","_relevanssi_related_not_related":"","_relevanssi_related_posts":"","_relevanssi_noindex_reason":""},"product_brand":[],"product_cat":[5082,5028],"product_tag":[],"class_list":{"0":"post-10209","1":"product","2":"type-product","3":"status-publish","4":"has-post-thumbnail","6":"product_cat-nichoirs-pour-des-rapaces-et-des-hiboux","7":"product_cat-nichoirs-pour-rapaces","8":"pa_buitenmaat-b-x-h-x-d-cm-80-x-62-x-64-fr","9":"pa_gewicht-kg-40-fr","10":"pa_kleur-marron-gris","11":"pa_materiaal-contreplaque-de-beton","12":"pa_materiaal-metal-fr","13":"pa_materiaal-voor-filter-bois-fsc","14":"pa_soort-faucon-pelerin","15":"pa_soortgroep-oiseaux-de-proie","17":"first","18":"instock","19":"purchasable","20":"product-type-simple"},"acf":[],"_links":{"self":[{"href":"https:\/\/viva.ezxdemo.com\/fr\/wp-json\/wp\/v2\/product\/10209","targetHints":{"allow":["GET"]}}],"collection":[{"href":"https:\/\/viva.ezxdemo.com\/fr\/wp-json\/wp\/v2\/product"}],"about":[{"href":"https:\/\/viva.ezxdemo.com\/fr\/wp-json\/wp\/v2\/types\/product"}],"wp:featuredmedia":[{"embeddable":true,"href":"https:\/\/viva.ezxdemo.com\/fr\/wp-json\/wp\/v2\/media\/10217"}],"wp:attachment":[{"href":"https:\/\/viva.ezxdemo.com\/fr\/wp-json\/wp\/v2\/media?parent=10209"}],"wp:term":[{"taxonomy":"product_brand","embeddable":true,"href":"https:\/\/viva.ezxdemo.com\/fr\/wp-json\/wp\/v2\/product_brand?post=10209"},{"taxonomy":"product_cat","embeddable":true,"href":"https:\/\/viva.ezxdemo.com\/fr\/wp-json\/wp\/v2\/product_cat?post=10209"},{"taxonomy":"product_tag","embeddable":true,"href":"https:\/\/viva.ezxdemo.com\/fr\/wp-json\/wp\/v2\/product_tag?post=10209"}],"curies":[{"name":"wp","href":"https:\/\/api.w.org\/{rel}","templated":true}]}}