{"id":10210,"date":"2023-12-20T19:06:04","date_gmt":"2023-12-20T18:06:04","guid":{"rendered":"https:\/\/vivarapro.nl\/product\/vk-mp-10-boite-murale-pour-chauves-souris\/"},"modified":"2025-10-29T21:00:54","modified_gmt":"2025-10-29T20:00:54","slug":"vk-mp-10-boite-murale-pour-chauves-souris","status":"publish","type":"product","link":"https:\/\/viva.ezxdemo.com\/fr\/produit\/vk-mp-10-boite-murale-pour-chauves-souris\/","title":{"rendered":"VK MP 10 G\u00eete mural pour chauves-souris"},"content":{"rendered":"<p>Ce g\u00eete pour chauve-souris se compose de quatre compartiments avec des lattes inclin\u00e9es permettant de cr\u00e9er diff\u00e9rentes largeurs. Il s\u2019installe sur les murs pour servir d\u2019habitat temporaire aux colonies de chauves-souris, pr\u00eates \u00e0 mettre bas. Plusieurs esp\u00e8ces de chauves-souris peuvent utiliser ce g\u00eete, selon les esp\u00e8ces pr\u00e9sentes localement et l\u2019endroit o\u00f9 il est install\u00e9. Ce g\u00eete est principalement destin\u00e9 \u00e0 la maternit\u00e9, mais peut aussi servir de g\u00eete d\u2019\u00e9t\u00e9 et\/ou de reproduction. Pendant les hivers doux, il peut faire office de refuge. En tant que g\u00eete de maternit\u00e9, d\u2019\u00e9t\u00e9 ou de reproduction, il convient notamment aux esp\u00e8ces suivantes\u00a0: <\/p>\n<ul>\n<li>Murin \u00e0 moustaches<\/li>\n<li>Pipistrelle commune<\/li>\n<li>Pipistrelle pygm\u00e9e<\/li>\n<li>S\u00e9rotine commune (\u00e0 titre exp\u00e9rimental)<\/li>\n<li>Murin des marais (\u00e0 titre exp\u00e9rimental)<\/li>\n<li>Pipistrelle de Nathusius<\/li>\n<li>S\u00e9rotine bicolore<\/li>\n<\/ul>\n<p> Pendant les hivers doux, il peut \u00e9galement servir d\u2019abri \u00e0 la\u00a0: <\/p>\n<ul>\n<li>Pipistrelle commune<\/li>\n<\/ul>\n<p> Le g\u00eete est peint en blanc afin de limiter la mont\u00e9e en temp\u00e9rature lorsqu\u2019il est plac\u00e9 dans des endroits chauds et ensoleill\u00e9s. Les quatre compartiments cr\u00e9ent diff\u00e9rents microclimats \u00e0 l\u2019int\u00e9rieur du g\u00eete. Ce g\u00eete est fabriqu\u00e9 en contreplaqu\u00e9 ext\u00e9rieur \u00e9tanche coll\u00e9. L\u2019int\u00e9rieur de la paroi arri\u00e8re et une face des cloisons sont recouverts de li\u00e8ge projet\u00e9 pour assurer une bonne accroche. Le g\u00eete est livr\u00e9 avec des chevilles et des vis pour le montage.<\/p>\n","protected":false},"excerpt":{"rendered":"<p>VK MP 10 G\u00eete mural pour chauves-souris | Vivara Pro | Le plus grand fabricant europ\u00e9en de solutions de nidification pour les chauves-souris, les oiseaux et la faune sauvage<\/p>\n","protected":false},"featured_media":10223,"template":"","meta":{"_acf_changed":false,"_relevanssi_hide_post":"","_relevanssi_hide_content":"","_relevanssi_pin_for_all":"","_relevanssi_pin_keywords":"","_relevanssi_unpin_keywords":"","_relevanssi_related_keywords":"","_relevanssi_related_include_ids":"","_relevanssi_related_exclude_ids":"","_relevanssi_related_no_append":"","_relevanssi_related_not_related":"","_relevanssi_related_posts":"","_relevanssi_noindex_reason":""},"product_brand":[],"product_cat":[5024,5039,5040,5037],"product_tag":[],"class_list":{"0":"post-10210","1":"product","2":"type-product","3":"status-publish","4":"has-post-thumbnail","6":"product_cat-chauves-souris","7":"product_cat-gite-de-maternite-pour-chauves-souris","8":"product_cat-nichoirs-muraux","9":"product_cat-nichoirs-muraux-chauves-souris","10":"pa_binnenmaat-b-x-h-x-d-cm-79-x-104-x-4-x-125-fr","11":"pa_buitenmaat-b-x-h-x-d-cm-85-x-110-x-145-fr","12":"pa_kleur-blanc","13":"pa_materiaal-contreplaque-exterieur-fsc","14":"pa_materiaal-revetement-en-liege","15":"pa_materiaal-voor-filter-bois-fsc","16":"pa_soort-murin-a-moustaches","17":"pa_soort-oreillard-roux","18":"pa_soort-pipistrelle-commune","19":"pa_soort-pipistrelle-de-nathusius","20":"pa_soort-pipistrelle-pygmee","21":"pa_soort-serotine-commune","22":"pa_soortgroep-chauves-souris","24":"first","25":"instock","26":"purchasable","27":"product-type-simple"},"acf":[],"_links":{"self":[{"href":"https:\/\/viva.ezxdemo.com\/fr\/wp-json\/wp\/v2\/product\/10210","targetHints":{"allow":["GET"]}}],"collection":[{"href":"https:\/\/viva.ezxdemo.com\/fr\/wp-json\/wp\/v2\/product"}],"about":[{"href":"https:\/\/viva.ezxdemo.com\/fr\/wp-json\/wp\/v2\/types\/product"}],"wp:featuredmedia":[{"embeddable":true,"href":"https:\/\/viva.ezxdemo.com\/fr\/wp-json\/wp\/v2\/media\/10223"}],"wp:attachment":[{"href":"https:\/\/viva.ezxdemo.com\/fr\/wp-json\/wp\/v2\/media?parent=10210"}],"wp:term":[{"taxonomy":"product_brand","embeddable":true,"href":"https:\/\/viva.ezxdemo.com\/fr\/wp-json\/wp\/v2\/product_brand?post=10210"},{"taxonomy":"product_cat","embeddable":true,"href":"https:\/\/viva.ezxdemo.com\/fr\/wp-json\/wp\/v2\/product_cat?post=10210"},{"taxonomy":"product_tag","embeddable":true,"href":"https:\/\/viva.ezxdemo.com\/fr\/wp-json\/wp\/v2\/product_tag?post=10210"}],"curies":[{"name":"wp","href":"https:\/\/api.w.org\/{rel}","templated":true}]}}