{"id":10211,"date":"2023-12-20T19:08:38","date_gmt":"2023-12-20T18:08:38","guid":{"rendered":"https:\/\/vivarapro.nl\/product\/uk-ke-02-nichoir-pour-chouette-effraie\/"},"modified":"2026-02-24T10:24:10","modified_gmt":"2026-02-24T09:24:10","slug":"uk-ke-02-nichoir-pour-chouette-effraie","status":"publish","type":"product","link":"https:\/\/viva.ezxdemo.com\/fr\/produit\/uk-ke-02-nichoir-pour-chouette-effraie\/","title":{"rendered":"UK KE 02 Nichoir pour effraie des clochers"},"content":{"rendered":"<p>La pose de nichoirs pour effraies est de plus en plus r\u00e9pandue en Europe. Cette pratique, d\u00e9sormais bien \u00e9tablie, a d\u00e9montr\u00e9 son efficacit\u00e9 puisque ces nichoirs sont r\u00e9guli\u00e8rement occup\u00e9s par l\u2019esp\u00e8ce.<\/p>\n<ul>\n<li>Ce nichoir pour l\u2019effraie des clochers est fabriqu\u00e9 en contreplaqu\u00e9 ext\u00e9rieur et recouvert d\u2019une laque \u00e0 l\u2019eau. Pour am\u00e9liorer encore sa durabilit\u00e9, il est possible de renforcer le toit avec une couche d\u2019EPDM ou de bitume (non fournie).<\/li>\n<li>Le nichoir est livr\u00e9 avec une grande plateforme d\u2019atterrissage, \u00e0 fixer comme vous le souhaitez, bien qu\u2019elle ne soit pas indispensable.<\/li>\n<li>Le nichoir comporte une zone de nidification s\u00e9par\u00e9e ainsi qu\u2019une trappe frontale pour l\u2019inspection et l\u2019entretien du nichoir.<\/li>\n<\/ul>\n","protected":false},"excerpt":{"rendered":"<p>UK KE 02 Nichoir pour effraie des clochers | Vivara Pro | Le plus grand fabricant europ\u00e9en de solutions de nidification pour les chauves-souris, les oiseaux et la faune sauvage<\/p>\n","protected":false},"featured_media":10220,"template":"","meta":{"_acf_changed":false,"_relevanssi_hide_post":"","_relevanssi_hide_content":"","_relevanssi_pin_for_all":"","_relevanssi_pin_keywords":"","_relevanssi_unpin_keywords":"","_relevanssi_related_keywords":"","_relevanssi_related_include_ids":"","_relevanssi_related_exclude_ids":"","_relevanssi_related_no_append":"","_relevanssi_related_not_related":"","_relevanssi_related_posts":"","_relevanssi_noindex_reason":""},"product_brand":[],"product_cat":[5082,5056],"product_tag":[],"class_list":{"0":"post-10211","1":"product","2":"type-product","3":"status-publish","4":"has-post-thumbnail","6":"product_cat-nichoirs-pour-des-rapaces-et-des-hiboux","7":"product_cat-nichoirs-pour-les-hiboux","8":"pa_buitenmaat-b-x-h-x-d-cm-47-x-67-x-88-fr","9":"pa_materiaal-voor-filter-bois-fsc","10":"pa_soort-effraie-des-clochers","11":"pa_soortgroep-hiboux","13":"first","14":"instock","15":"purchasable","16":"product-type-simple"},"acf":[],"_links":{"self":[{"href":"https:\/\/viva.ezxdemo.com\/fr\/wp-json\/wp\/v2\/product\/10211","targetHints":{"allow":["GET"]}}],"collection":[{"href":"https:\/\/viva.ezxdemo.com\/fr\/wp-json\/wp\/v2\/product"}],"about":[{"href":"https:\/\/viva.ezxdemo.com\/fr\/wp-json\/wp\/v2\/types\/product"}],"wp:featuredmedia":[{"embeddable":true,"href":"https:\/\/viva.ezxdemo.com\/fr\/wp-json\/wp\/v2\/media\/10220"}],"wp:attachment":[{"href":"https:\/\/viva.ezxdemo.com\/fr\/wp-json\/wp\/v2\/media?parent=10211"}],"wp:term":[{"taxonomy":"product_brand","embeddable":true,"href":"https:\/\/viva.ezxdemo.com\/fr\/wp-json\/wp\/v2\/product_brand?post=10211"},{"taxonomy":"product_cat","embeddable":true,"href":"https:\/\/viva.ezxdemo.com\/fr\/wp-json\/wp\/v2\/product_cat?post=10211"},{"taxonomy":"product_tag","embeddable":true,"href":"https:\/\/viva.ezxdemo.com\/fr\/wp-json\/wp\/v2\/product_tag?post=10211"}],"curies":[{"name":"wp","href":"https:\/\/api.w.org\/{rel}","templated":true}]}}