{"id":10237,"date":"2023-12-20T19:06:04","date_gmt":"2023-12-20T18:06:04","guid":{"rendered":"https:\/\/vivarapro.nl\/product\/vk-mp-06-nichoir-pour-chauve-souris\/"},"modified":"2025-10-29T21:00:57","modified_gmt":"2025-10-29T20:00:57","slug":"vk-mp-06-nichoir-pour-chauve-souris","status":"publish","type":"product","link":"https:\/\/viva.ezxdemo.com\/fr\/produit\/vk-mp-06-nichoir-pour-chauve-souris\/","title":{"rendered":"VK MP 06 G\u00eete mural pour chauves-souris"},"content":{"rendered":"<p>Ce g\u00eete pour chauves-souris est compos\u00e9 de trois compartiments et sert d\u2019abri temporaire. Il s\u2019installe de pr\u00e9f\u00e9rence sur les murs, mais il peut aussi \u00eatre plac\u00e9 dans les arbres. Le g\u00eete est peint en noir afin de r\u00e9chauffer plus rapidement l\u2019int\u00e9rieur lorsqu\u2019il est plac\u00e9 dans un endroit frais et ombrag\u00e9. Les trois compartiments cr\u00e9ent diff\u00e9rents microclimats \u00e0 l\u2019int\u00e9rieur du g\u00eete. Plusieurs esp\u00e8ces de chauves-souris peuvent utiliser ce g\u00eete, selon les esp\u00e8ces pr\u00e9sentes localement et l\u2019endroit o\u00f9 il est install\u00e9. Cet abri convient comme g\u00eete d\u2019\u00e9t\u00e9 et\/ou de reproduction et peut \u00e9galement servir de refuge pendant les hivers doux. Ce mod\u00e8le existe aussi en blanc (VK MP\u00a009). Le blanc permet de limiter la mont\u00e9e en temp\u00e9rature lorsque le g\u00eete est plac\u00e9 dans des endroits chauds et ensoleill\u00e9s. Il peut \u00eatre utilis\u00e9 comme g\u00eete d\u2019\u00e9t\u00e9 ou de reproduction par les esp\u00e8ces suivantes\u00a0: <\/p>\n<ul>\n<li>Murin \u00e0 moustaches<\/li>\n<li>Pipistrelle commune<\/li>\n<li>Oreillard roux (dans un grenier)<\/li>\n<li>Pipistrelle pygm\u00e9e<\/li>\n<li>Pipistrelle de Nathusius<\/li>\n<\/ul>\n<p> Pendant les hivers doux, il peut \u00eatre utilis\u00e9 par la\u00a0: <\/p>\n<ul>\n<li>Pipistrelle commune<\/li>\n<\/ul>\n<p> Ce g\u00eete est fabriqu\u00e9 en contreplaqu\u00e9 ext\u00e9rieur \u00e9tanche coll\u00e9. L\u2019int\u00e9rieur de la paroi arri\u00e8re et une face des cloisons sont recouverts de li\u00e8ge projet\u00e9 pour assurer une bonne accroche. Le g\u00eete est livr\u00e9 avec des chevilles et des vis pour le montage.<\/p>\n","protected":false},"excerpt":{"rendered":"<p>VK MP 06 G\u00eete mural pour chauves-souris<br \/>\n|Vivara Pro | Le plus grand fabricant europ\u00e9en de solutions de nidification pour les chauves-souris, les oiseaux et la faune sauvage<\/p>\n","protected":false},"featured_media":29089,"template":"","meta":{"_acf_changed":false,"_relevanssi_hide_post":"","_relevanssi_hide_content":"","_relevanssi_pin_for_all":"","_relevanssi_pin_keywords":"","_relevanssi_unpin_keywords":"","_relevanssi_related_keywords":"","_relevanssi_related_include_ids":"","_relevanssi_related_exclude_ids":"","_relevanssi_related_no_append":"","_relevanssi_related_not_related":"","_relevanssi_related_posts":"","_relevanssi_noindex_reason":""},"product_brand":[],"product_cat":[5024,5040,5037],"product_tag":[],"class_list":{"0":"post-10237","1":"product","2":"type-product","3":"status-publish","4":"has-post-thumbnail","6":"product_cat-chauves-souris","7":"product_cat-nichoirs-muraux","8":"product_cat-nichoirs-muraux-chauves-souris","9":"pa_binnenmaat-b-x-h-x-d-cm-42-x-55-x-4-x-15-fr","10":"pa_buitenmaat-b-x-h-x-d-cm-51-x-79-x-16-fr","11":"pa_gewicht-kg-12-fr-2","12":"pa_kleur-noir-ou-blanc","13":"pa_materiaal-contreplaque-fsc","14":"pa_materiaal-revetement-en-liege","15":"pa_materiaal-voor-filter-bois-fsc","16":"pa_soort-murin-a-moustaches","17":"pa_soort-pipistrelle-commune","18":"pa_soort-pipistrelle-de-nathusius","19":"pa_soort-pipistrelle-pygmee","20":"pa_soortgroep-chauves-souris","22":"first","23":"instock","24":"purchasable","25":"product-type-simple"},"acf":[],"_links":{"self":[{"href":"https:\/\/viva.ezxdemo.com\/fr\/wp-json\/wp\/v2\/product\/10237","targetHints":{"allow":["GET"]}}],"collection":[{"href":"https:\/\/viva.ezxdemo.com\/fr\/wp-json\/wp\/v2\/product"}],"about":[{"href":"https:\/\/viva.ezxdemo.com\/fr\/wp-json\/wp\/v2\/types\/product"}],"wp:featuredmedia":[{"embeddable":true,"href":"https:\/\/viva.ezxdemo.com\/fr\/wp-json\/wp\/v2\/media\/29089"}],"wp:attachment":[{"href":"https:\/\/viva.ezxdemo.com\/fr\/wp-json\/wp\/v2\/media?parent=10237"}],"wp:term":[{"taxonomy":"product_brand","embeddable":true,"href":"https:\/\/viva.ezxdemo.com\/fr\/wp-json\/wp\/v2\/product_brand?post=10237"},{"taxonomy":"product_cat","embeddable":true,"href":"https:\/\/viva.ezxdemo.com\/fr\/wp-json\/wp\/v2\/product_cat?post=10237"},{"taxonomy":"product_tag","embeddable":true,"href":"https:\/\/viva.ezxdemo.com\/fr\/wp-json\/wp\/v2\/product_tag?post=10237"}],"curies":[{"name":"wp","href":"https:\/\/api.w.org\/{rel}","templated":true}]}}