{"id":10238,"date":"2023-12-20T19:10:55","date_gmt":"2023-12-20T18:10:55","guid":{"rendered":"https:\/\/vivarapro.nl\/product\/rk-to-01-nichoir-a-faucon-crecerellette\/"},"modified":"2026-02-24T10:21:58","modified_gmt":"2026-02-24T09:21:58","slug":"rk-to-01-nichoir-a-faucon-crecerellette","status":"publish","type":"product","link":"https:\/\/viva.ezxdemo.com\/fr\/produit\/rk-to-01-nichoir-a-faucon-crecerellette\/","title":{"rendered":"RK TO 01 Nichoir pour faucon cr\u00e9cerelle"},"content":{"rendered":"<p>Une grande partie des faucons cr\u00e9cerelles se reproduisent dans des nichoirs. Plusieurs mod\u00e8les de nichoirs existent et sont tous efficaces. Ce nichoir est fabriqu\u00e9 en contreplaqu\u00e9 ext\u00e9rieur et son toit est recouvert de bitume.<\/p>\n","protected":false},"excerpt":{"rendered":"<p>RK TO 01 Nichoir pour faucon cr\u00e9cerelle | Vivara Pro | Le plus grand fabricant europ\u00e9en de solutions de nidification pour les chauves-souris, les oiseaux et la faune sauvage<\/p>\n","protected":false},"featured_media":10246,"template":"","meta":{"_acf_changed":false,"_relevanssi_hide_post":"","_relevanssi_hide_content":"","_relevanssi_pin_for_all":"","_relevanssi_pin_keywords":"","_relevanssi_unpin_keywords":"","_relevanssi_related_keywords":"","_relevanssi_related_include_ids":"","_relevanssi_related_exclude_ids":"","_relevanssi_related_no_append":"","_relevanssi_related_not_related":"","_relevanssi_related_posts":"","_relevanssi_noindex_reason":""},"product_brand":[],"product_cat":[5082,5028],"product_tag":[],"class_list":{"0":"post-10238","1":"product","2":"type-product","3":"status-publish","4":"has-post-thumbnail","6":"product_cat-nichoirs-pour-des-rapaces-et-des-hiboux","7":"product_cat-nichoirs-pour-rapaces","8":"pa_binnenmaat-b-x-h-x-d-cm-425-x-30-x-375-fr","9":"pa_buitenmaat-b-x-h-x-d-cm-53-x-38-x-53-fr","10":"pa_gewicht-kg-9-fr","11":"pa_kleur-vert","12":"pa_materiaal-contreplaque-fsc","13":"pa_materiaal-voor-filter-bois-fsc","14":"pa_soort-faucon-crecerelle","15":"pa_soortgroep-oiseaux-de-proie","17":"first","18":"instock","19":"purchasable","20":"product-type-simple"},"acf":[],"_links":{"self":[{"href":"https:\/\/viva.ezxdemo.com\/fr\/wp-json\/wp\/v2\/product\/10238","targetHints":{"allow":["GET"]}}],"collection":[{"href":"https:\/\/viva.ezxdemo.com\/fr\/wp-json\/wp\/v2\/product"}],"about":[{"href":"https:\/\/viva.ezxdemo.com\/fr\/wp-json\/wp\/v2\/types\/product"}],"wp:featuredmedia":[{"embeddable":true,"href":"https:\/\/viva.ezxdemo.com\/fr\/wp-json\/wp\/v2\/media\/10246"}],"wp:attachment":[{"href":"https:\/\/viva.ezxdemo.com\/fr\/wp-json\/wp\/v2\/media?parent=10238"}],"wp:term":[{"taxonomy":"product_brand","embeddable":true,"href":"https:\/\/viva.ezxdemo.com\/fr\/wp-json\/wp\/v2\/product_brand?post=10238"},{"taxonomy":"product_cat","embeddable":true,"href":"https:\/\/viva.ezxdemo.com\/fr\/wp-json\/wp\/v2\/product_cat?post=10238"},{"taxonomy":"product_tag","embeddable":true,"href":"https:\/\/viva.ezxdemo.com\/fr\/wp-json\/wp\/v2\/product_tag?post=10238"}],"curies":[{"name":"wp","href":"https:\/\/api.w.org\/{rel}","templated":true}]}}