{"id":10239,"date":"2023-12-20T19:10:55","date_gmt":"2023-12-20T18:10:55","guid":{"rendered":"https:\/\/vivarapro.nl\/product\/uk-ra-01-panier-a-nid-pour-hibou-moyen-duc-faucon\/"},"modified":"2026-02-24T10:22:20","modified_gmt":"2026-02-24T09:22:20","slug":"uk-ra-01-panier-a-nid-pour-hibou-moyen-duc-faucon","status":"publish","type":"product","link":"https:\/\/viva.ezxdemo.com\/fr\/produit\/uk-ra-01-panier-a-nid-pour-hibou-moyen-duc-faucon\/","title":{"rendered":"UK RA 01 Nid pour hibou moyen-duc\/faucon"},"content":{"rendered":"<p>Les hiboux moyens-ducs et les faucons sont des esp\u00e8ces qui ne construisent pas leurs propres nids, ils r\u00e9utilisent souvent ceux abandonn\u00e9s par les corneilles ou d\u2019autres rapaces. Ce panier leur offre une r\u00e9elle opportunit\u00e9 de se reproduire. Il convient aussi tr\u00e8s bien aux cr\u00e9cerelles et est fabriqu\u00e9 en osier tress\u00e9.<\/p>\n","protected":false},"excerpt":{"rendered":"<p>UK RA 01 Nid pour hibou moyen-duc\/faucon | Vivara Pro | Le plus grand fabricant europ\u00e9en de solutions de nidification pour les chauves-souris, les oiseaux et la faune sauvage<\/p>\n","protected":false},"featured_media":10247,"template":"","meta":{"_acf_changed":false,"_relevanssi_hide_post":"","_relevanssi_hide_content":"","_relevanssi_pin_for_all":"","_relevanssi_pin_keywords":"","_relevanssi_unpin_keywords":"","_relevanssi_related_keywords":"","_relevanssi_related_include_ids":"","_relevanssi_related_exclude_ids":"","_relevanssi_related_no_append":"","_relevanssi_related_not_related":"","_relevanssi_related_posts":"","_relevanssi_noindex_reason":""},"product_brand":[],"product_cat":[5082,5056,5028],"product_tag":[],"class_list":{"0":"post-10239","1":"product","2":"type-product","3":"status-publish","4":"has-post-thumbnail","6":"product_cat-nichoirs-pour-des-rapaces-et-des-hiboux","7":"product_cat-nichoirs-pour-les-hiboux","8":"product_cat-nichoirs-pour-rapaces","9":"pa_binnenmaat-b-x-h-x-d-cm-13-x-36-fr","10":"pa_buitenmaat-b-x-h-x-d-cm-15-x-41-fr","11":"pa_gewicht-kg-07-fr","12":"pa_kleur-marron","13":"pa_materiaal-saule","14":"pa_materiaal-voor-filter-bois-fsc","15":"pa_soort-faucon-crecerelle","16":"pa_soort-faucon-hobereau","17":"pa_soort-hibou-moyen-duc","18":"pa_soortgroep-hiboux","19":"pa_soortgroep-oiseaux-de-proie","21":"first","22":"instock","23":"purchasable","24":"product-type-simple"},"acf":[],"_links":{"self":[{"href":"https:\/\/viva.ezxdemo.com\/fr\/wp-json\/wp\/v2\/product\/10239","targetHints":{"allow":["GET"]}}],"collection":[{"href":"https:\/\/viva.ezxdemo.com\/fr\/wp-json\/wp\/v2\/product"}],"about":[{"href":"https:\/\/viva.ezxdemo.com\/fr\/wp-json\/wp\/v2\/types\/product"}],"wp:featuredmedia":[{"embeddable":true,"href":"https:\/\/viva.ezxdemo.com\/fr\/wp-json\/wp\/v2\/media\/10247"}],"wp:attachment":[{"href":"https:\/\/viva.ezxdemo.com\/fr\/wp-json\/wp\/v2\/media?parent=10239"}],"wp:term":[{"taxonomy":"product_brand","embeddable":true,"href":"https:\/\/viva.ezxdemo.com\/fr\/wp-json\/wp\/v2\/product_brand?post=10239"},{"taxonomy":"product_cat","embeddable":true,"href":"https:\/\/viva.ezxdemo.com\/fr\/wp-json\/wp\/v2\/product_cat?post=10239"},{"taxonomy":"product_tag","embeddable":true,"href":"https:\/\/viva.ezxdemo.com\/fr\/wp-json\/wp\/v2\/product_tag?post=10239"}],"curies":[{"name":"wp","href":"https:\/\/api.w.org\/{rel}","templated":true}]}}