{"id":10265,"date":"2023-12-20T19:13:08","date_gmt":"2023-12-20T18:13:08","guid":{"rendered":"https:\/\/vivarapro.nl\/product\/nk-se-09-nichoir-ovale-gris\/"},"modified":"2025-10-29T21:01:20","modified_gmt":"2025-10-29T20:01:20","slug":"nk-se-09-nichoir-ovale-gris","status":"publish","type":"product","link":"https:\/\/viva.ezxdemo.com\/fr\/produit\/nk-se-09-nichoir-ovale-gris\/","title":{"rendered":"NK SE 09 Nichoir ovale (gris)"},"content":{"rendered":"<p>Ce nichoir gris en 100\u00a0% WoodStone\u00ae, dot\u00e9 d\u2019une protection contre les martres, offre des possibilit\u00e9s de nidification pour les moineaux domestiques, moineaux friquets, parulines ceintur\u00e9es, ainsi que pour les m\u00e9sanges, les sittelles torchepots et les gobe-mouches noirs, entre autres. Trois couleurs sont disponibles\u00a0: <a href=\"https:\/\/viva.ezxdemo.com\/fr\/produit\/nk-se-07-nichoir-ovale-vert\/\">vert<\/a>, <a href=\"https:\/\/viva.ezxdemo.com\/fr\/produit\/nk-se-08-nichoir-ovale-brun\/\">marron<\/a> et gris. Le WoodStone\u00ae est un m\u00e9lange de fibres de bois certifi\u00e9es FSC\u00ae \u00e0 100\u00a0% et de b\u00e9ton. Ce mat\u00e9riau robuste est respectueux de l\u2019environnement et con\u00e7u pour durer des d\u00e9cennies.<\/p>\n","protected":false},"excerpt":{"rendered":"<p>NK SE 09 Nichoir ovale (gris) | Vivara Pro | Le plus grand fabricant europ\u00e9en de solutions de nidification pour les chauves-souris, les oiseaux et la faune sauvage<\/p>\n","protected":false},"featured_media":10267,"template":"","meta":{"_acf_changed":false,"_relevanssi_hide_post":"","_relevanssi_hide_content":"","_relevanssi_pin_for_all":"","_relevanssi_pin_keywords":"","_relevanssi_unpin_keywords":"","_relevanssi_related_keywords":"","_relevanssi_related_include_ids":"","_relevanssi_related_exclude_ids":"","_relevanssi_related_no_append":"","_relevanssi_related_not_related":"","_relevanssi_related_posts":"","_relevanssi_noindex_reason":""},"product_brand":[],"product_cat":[5026,5051,5040,5043,5059,5029,7868],"product_tag":[],"class_list":{"0":"post-10265","1":"product","2":"type-product","3":"status-publish","4":"has-post-thumbnail","6":"product_cat-moineaux-domestiques","7":"product_cat-nichoirs-a-moineaux-domestiques","8":"product_cat-nichoirs-muraux","9":"product_cat-nichoirs-muraux-pour-moineaux-domestiques","10":"product_cat-nichoirs-pour-les-rouge-queues-a-front-blanc","11":"product_cat-nichoirs-oiseaux-chanteurs","12":"product_cat-nichoirs","13":"pa_binnenmaat-b-x-h-x-d-cm-12-x-24-x-12-fr","14":"pa_buitenmaat-b-x-h-x-d-cm-21-x-305-x-19-fr","15":"pa_gewicht-kg-environ-6","16":"pa_invliegopening-ovale","17":"pa_kleur-gris-blanc","18":"pa_materiaal-woodstone-fr","19":"pa_materiaal-voor-filter-beton-de-bois","20":"pa_soort-moineau-domestique","21":"pa_soort-rougequeue-a-front-blanc","22":"pa_soortgroep-oiseaux-chanteurs","24":"first","25":"instock","26":"purchasable","27":"product-type-simple"},"acf":[],"_links":{"self":[{"href":"https:\/\/viva.ezxdemo.com\/fr\/wp-json\/wp\/v2\/product\/10265","targetHints":{"allow":["GET"]}}],"collection":[{"href":"https:\/\/viva.ezxdemo.com\/fr\/wp-json\/wp\/v2\/product"}],"about":[{"href":"https:\/\/viva.ezxdemo.com\/fr\/wp-json\/wp\/v2\/types\/product"}],"wp:featuredmedia":[{"embeddable":true,"href":"https:\/\/viva.ezxdemo.com\/fr\/wp-json\/wp\/v2\/media\/10267"}],"wp:attachment":[{"href":"https:\/\/viva.ezxdemo.com\/fr\/wp-json\/wp\/v2\/media?parent=10265"}],"wp:term":[{"taxonomy":"product_brand","embeddable":true,"href":"https:\/\/viva.ezxdemo.com\/fr\/wp-json\/wp\/v2\/product_brand?post=10265"},{"taxonomy":"product_cat","embeddable":true,"href":"https:\/\/viva.ezxdemo.com\/fr\/wp-json\/wp\/v2\/product_cat?post=10265"},{"taxonomy":"product_tag","embeddable":true,"href":"https:\/\/viva.ezxdemo.com\/fr\/wp-json\/wp\/v2\/product_tag?post=10265"}],"curies":[{"name":"wp","href":"https:\/\/api.w.org\/{rel}","templated":true}]}}