{"id":10272,"date":"2023-12-20T19:03:26","date_gmt":"2023-12-20T18:03:26","guid":{"rendered":"https:\/\/vivarapro.nl\/product\/vk-ws-09-nichoir-pour-chauve-souris\/"},"modified":"2025-10-29T21:01:00","modified_gmt":"2025-10-29T20:01:00","slug":"vk-ws-09-nichoir-pour-chauve-souris","status":"publish","type":"product","link":"https:\/\/viva.ezxdemo.com\/fr\/produit\/vk-ws-09-nichoir-pour-chauve-souris\/","title":{"rendered":"VK WS 09 G\u00eete mural pour chauves-souris"},"content":{"rendered":"<p>Le g\u00eete mural pour chauves-souris VK WS\u00a009 est parfait pour une installation directement sous les avant-toits, les goutti\u00e8res, ou encore sous des ponts ou des d\u00e9versoirs. Ce g\u00eete mural peut \u00eatre install\u00e9 seul ou en groupe, c\u00f4te \u00e0 c\u00f4te, afin de cr\u00e9er un espace horizontal plus vaste. Il est peint en noir afin de r\u00e9chauffer plus rapidement l\u2019int\u00e9rieur lorsqu\u2019il est plac\u00e9 dans un endroit frais et ombrag\u00e9. Plusieurs esp\u00e8ces de chauves-souris peuvent utiliser ce g\u00eete, selon les esp\u00e8ces pr\u00e9sentes localement et l\u2019endroit o\u00f9 il est install\u00e9. Cet abri convient comme g\u00eete d\u2019\u00e9t\u00e9 et\/ou de reproduction et peut \u00e9galement servir de refuge pendant les hivers doux. Le g\u00eete est fabriqu\u00e9 en WoodStone\u00ae, un m\u00e9lange de fibres de bois certifi\u00e9es FSC\u00ae 100\u00a0% et de b\u00e9ton, et il est fourni avec un crochet en Z pratique pour le fixer au mur. Il peut \u00eatre utilis\u00e9 comme g\u00eete d\u2019\u00e9t\u00e9 ou de reproduction par les esp\u00e8ces suivantes\u00a0: <\/p>\n<ul>\n<li>Pipistrelle commune<\/li>\n<li>Pipistrelle de Nathusius<\/li>\n<li>Pipistrelle pygm\u00e9e<\/li>\n<li>Murin \u00e0 moustaches<\/li>\n<li>Oreillard roux<\/li>\n<li>S\u00e9rotine bicolore<\/li>\n<\/ul>\n<p> Pendant les hivers doux, il peut \u00eatre utilis\u00e9 par les\u00a0: <\/p>\n<ul>\n<li>Pipistrelle commune<\/li>\n<li>Oreillard roux<\/li>\n<\/ul>\n","protected":false},"excerpt":{"rendered":"<p>VK WS 09 G\u00eete mural pour chauves-souris | Vivara Pro | Le plus grand fabricant europ\u00e9en de solutions de nidification pour les chauves-souris, les oiseaux et la faune sauvage<\/p>\n","protected":false},"featured_media":28804,"template":"","meta":{"_acf_changed":false,"_relevanssi_hide_post":"","_relevanssi_hide_content":"","_relevanssi_pin_for_all":"","_relevanssi_pin_keywords":"","_relevanssi_unpin_keywords":"","_relevanssi_related_keywords":"","_relevanssi_related_include_ids":"","_relevanssi_related_exclude_ids":"","_relevanssi_related_no_append":"","_relevanssi_related_not_related":"","_relevanssi_related_posts":"","_relevanssi_noindex_reason":""},"product_brand":[],"product_cat":[5024,5040,5037],"product_tag":[],"class_list":{"0":"post-10272","1":"product","2":"type-product","3":"status-publish","4":"has-post-thumbnail","6":"product_cat-chauves-souris","7":"product_cat-nichoirs-muraux","8":"product_cat-nichoirs-muraux-chauves-souris","9":"pa_binnenmaat-b-x-h-x-d-cm-25-x-45-x-2-fr","10":"pa_buitenmaat-b-x-h-x-d-cm-30-x-50-x-75-fr","11":"pa_gewicht-kg-4873","12":"pa_kleur-noir","13":"pa_materiaal-woodstone-fr","14":"pa_materiaal-voor-filter-beton-de-bois","15":"pa_soort-murin-a-moustaches","16":"pa_soort-oreillard-roux","17":"pa_soort-oreillard-roux-fr","18":"pa_soort-pipistrelle-commune","19":"pa_soort-pipistrelle-de-nathusius","20":"pa_soort-pipistrelle-pygmee","21":"pa_soort-serotine-bicolore","22":"pa_soortgroep-chauves-souris","24":"first","25":"instock","26":"purchasable","27":"product-type-simple"},"acf":[],"_links":{"self":[{"href":"https:\/\/viva.ezxdemo.com\/fr\/wp-json\/wp\/v2\/product\/10272","targetHints":{"allow":["GET"]}}],"collection":[{"href":"https:\/\/viva.ezxdemo.com\/fr\/wp-json\/wp\/v2\/product"}],"about":[{"href":"https:\/\/viva.ezxdemo.com\/fr\/wp-json\/wp\/v2\/types\/product"}],"wp:featuredmedia":[{"embeddable":true,"href":"https:\/\/viva.ezxdemo.com\/fr\/wp-json\/wp\/v2\/media\/28804"}],"wp:attachment":[{"href":"https:\/\/viva.ezxdemo.com\/fr\/wp-json\/wp\/v2\/media?parent=10272"}],"wp:term":[{"taxonomy":"product_brand","embeddable":true,"href":"https:\/\/viva.ezxdemo.com\/fr\/wp-json\/wp\/v2\/product_brand?post=10272"},{"taxonomy":"product_cat","embeddable":true,"href":"https:\/\/viva.ezxdemo.com\/fr\/wp-json\/wp\/v2\/product_cat?post=10272"},{"taxonomy":"product_tag","embeddable":true,"href":"https:\/\/viva.ezxdemo.com\/fr\/wp-json\/wp\/v2\/product_tag?post=10272"}],"curies":[{"name":"wp","href":"https:\/\/api.w.org\/{rel}","templated":true}]}}