{"id":10273,"date":"2023-12-20T19:06:04","date_gmt":"2023-12-20T18:06:04","guid":{"rendered":"https:\/\/vivarapro.nl\/product\/vk-st-02-pierre-de-la-cave-a-chauves-souris\/"},"modified":"2025-10-29T21:01:21","modified_gmt":"2025-10-29T20:01:21","slug":"vk-st-02-pierre-de-la-cave-a-chauves-souris","status":"publish","type":"product","link":"https:\/\/viva.ezxdemo.com\/fr\/produit\/vk-st-02-pierre-de-la-cave-a-chauves-souris\/","title":{"rendered":"VK ST 02 Pierre \u00e0 chauve-souris"},"content":{"rendered":"<p>Cette pierre \u00e0 chauves-souris est particuli\u00e8rement adapt\u00e9e pour offrir un abri aux chauves-souris pendant l\u2019hiver. Ses fissures, cavit\u00e9s et ouvertures permettent aux chauves-souris de choisir l\u2019endroit o\u00f9 elles se sentent le plus \u00e0 l\u2019aise ou de se regrouper en colonie. Elle convient \u00e0 diff\u00e9rents types de sites, d\u2019usages et de groupes d\u2019esp\u00e8ces. Elle est particuli\u00e8rement adapt\u00e9e aux g\u00eetes souterrains ou enterr\u00e9s servant d\u2019abris pour l\u2019hiver aux esp\u00e8ces suivantes\u00a0: <\/p>\n<ul>\n<li>Murin de Daubenton<\/li>\n<li>Murin \u00e0 moustaches<\/li>\n<li>Murin de Natterer<\/li>\n<li>Oreillard roux<\/li>\n<li>Murin des marais<\/li>\n<li>Barbastelle d\u2019Europe<\/li>\n<li>Grand Murin<\/li>\n<li>Murin de Bechstein<\/li>\n<\/ul>\n<p> Elle peut \u00e9galement \u00eatre install\u00e9e dans des abris d\u2019hiver situ\u00e9s en hauteur, tels que les forteresses, les clochers ou les combles d\u2019\u00e9glises. Dans ces cas, elle est adapt\u00e9e aux esp\u00e8ces suivantes\u00a0: <\/p>\n<ul>\n<li>Pipistrelle commune<\/li>\n<li>Pipistrelle de Nathusius<\/li>\n<li>S\u00e9rotine commune<\/li>\n<li>Oreillard roux<\/li>\n<li>Oreillard gris<\/li>\n<li>Pipistrelle pygm\u00e9e<\/li>\n<\/ul>\n<p> De plus, ces pierres peuvent aussi servir de refuge pour les chauves-souris sous les ponts ou dans les zones de d\u00e9gagement des \u00e9changeurs routiers.<\/p>\n","protected":false},"excerpt":{"rendered":"<p>VK ST 02 Pierre \u00e0 chauve-souris | Vivara Pro | Le plus grand fabricant europ\u00e9en de solutions de nidification pour les chauves-souris, les oiseaux et la faune sauvage<\/p>\n","protected":false},"featured_media":30065,"template":"","meta":{"_acf_changed":false,"_relevanssi_hide_post":"","_relevanssi_hide_content":"","_relevanssi_pin_for_all":"","_relevanssi_pin_keywords":"","_relevanssi_unpin_keywords":"","_relevanssi_related_keywords":"","_relevanssi_related_include_ids":"","_relevanssi_related_exclude_ids":"","_relevanssi_related_no_append":"","_relevanssi_related_not_related":"","_relevanssi_related_posts":"","_relevanssi_noindex_reason":""},"product_brand":[],"product_cat":[5024,5040],"product_tag":[],"class_list":{"0":"post-10273","1":"product","2":"type-product","3":"status-publish","4":"has-post-thumbnail","6":"product_cat-chauves-souris","7":"product_cat-nichoirs-muraux","8":"pa_buitenmaat-b-x-h-x-d-cm-38-x-19-x-19-fr","9":"pa_gewicht-kg-85-fr","10":"pa_materiaal-woodstone-fr","11":"pa_materiaal-voor-filter-beton-de-bois","12":"pa_soort-barbastelle-deurope","13":"pa_soort-grand-murin","14":"pa_soort-le-murin-de-bechstein","15":"pa_soort-murin-a-moustaches","16":"pa_soort-murin-de-daubenton","17":"pa_soort-murin-de-natterer","18":"pa_soort-murin-des-marais","19":"pa_soort-oreillard-roux","20":"pa_soort-pipistrelle-commune","21":"pa_soort-pipistrelle-de-nathusius","22":"pa_soort-vespertilion-de-brandt","23":"pa_soortgroep-chauves-souris","25":"first","26":"instock","27":"purchasable","28":"product-type-simple"},"acf":[],"_links":{"self":[{"href":"https:\/\/viva.ezxdemo.com\/fr\/wp-json\/wp\/v2\/product\/10273","targetHints":{"allow":["GET"]}}],"collection":[{"href":"https:\/\/viva.ezxdemo.com\/fr\/wp-json\/wp\/v2\/product"}],"about":[{"href":"https:\/\/viva.ezxdemo.com\/fr\/wp-json\/wp\/v2\/types\/product"}],"wp:featuredmedia":[{"embeddable":true,"href":"https:\/\/viva.ezxdemo.com\/fr\/wp-json\/wp\/v2\/media\/30065"}],"wp:attachment":[{"href":"https:\/\/viva.ezxdemo.com\/fr\/wp-json\/wp\/v2\/media?parent=10273"}],"wp:term":[{"taxonomy":"product_brand","embeddable":true,"href":"https:\/\/viva.ezxdemo.com\/fr\/wp-json\/wp\/v2\/product_brand?post=10273"},{"taxonomy":"product_cat","embeddable":true,"href":"https:\/\/viva.ezxdemo.com\/fr\/wp-json\/wp\/v2\/product_cat?post=10273"},{"taxonomy":"product_tag","embeddable":true,"href":"https:\/\/viva.ezxdemo.com\/fr\/wp-json\/wp\/v2\/product_tag?post=10273"}],"curies":[{"name":"wp","href":"https:\/\/api.w.org\/{rel}","templated":true}]}}