{"id":10274,"date":"2023-12-20T19:15:02","date_gmt":"2023-12-20T18:15:02","guid":{"rendered":"https:\/\/vivarapro.nl\/product\/vk-ws-14-nichoir-arbre-a-chauve-souris-cjm\/"},"modified":"2026-02-24T10:33:49","modified_gmt":"2026-02-24T09:33:49","slug":"vk-ws-14-nichoir-arbre-a-chauve-souris-cjm","status":"publish","type":"product","link":"https:\/\/viva.ezxdemo.com\/fr\/produit\/vk-ws-14-nichoir-arbre-a-chauve-souris-cjm\/","title":{"rendered":"VK WS 14 G\u00eete pour chauves-souris CJM"},"content":{"rendered":"<p>Ce g\u00eete CJM a \u00e9t\u00e9 con\u00e7u par l\u2019expert en chauves-souris britannique Colin Morris. Ce mod\u00e8le remporte un grand succ\u00e8s en Angleterre depuis de nombreuses ann\u00e9es. Colin nous a donn\u00e9 l\u2019autorisation de fabriquer ce mod\u00e8le en b\u00e9ton de bois et de le commercialiser sous le nom de g\u00eete pour chauves-souris CJM. Fabriqu\u00e9 en 100 % WoodStone\u00ae, ce g\u00eete comporte trois compartiments avec des panneaux en bois permettant de cr\u00e9er diff\u00e9rents microclimats \u00e0 l\u2019int\u00e9rieur. Il peut \u00eatre install\u00e9 aussi bien dans un arbre que sur un mur. Plusieurs esp\u00e8ces de chauves-souris peuvent utiliser ce g\u00eete, selon les esp\u00e8ces pr\u00e9sentes localement et l\u2019endroit o\u00f9 il est install\u00e9. Cet abri convient comme g\u00eete d\u2019\u00e9t\u00e9 et\/ou de reproduction et peut \u00e9galement servir de refuge pendant les hivers doux :<\/p>\n<ul>\n<li>Chauve-souris \u00e0 barbe<\/li>\n<li>Vespertilion de Brandt<\/li>\n<li>Noctule de Leisler<\/li>\n<li>Murin de Natterer<\/li>\n<li>Oreillard roux<\/li>\n<li>Pipistrelle commune<\/li>\n<li>Pipistrelle de Nathusius<\/li>\n<li>Pipistrelle pygm\u00e9e<\/li>\n<li>Barbastelle d\u2019Europe<\/li>\n<li>Murin de Daubenton<\/li>\n<\/ul>\n<p>Pendant les hivers doux, il peut \u00eatre utilis\u00e9 par les\u00a0:<\/p>\n<ul>\n<li>Pipistrelle commune<\/li>\n<li>Oreillard roux<\/li>\n<\/ul>\n","protected":false},"excerpt":{"rendered":"<p>VK WS 14 G\u00eete pour chauves-souris CJM | Vivara Pro | Le plus grand fabricant europ\u00e9en de solutions de nidification pour les chauves-souris, les oiseaux et la faune sauvage<\/p>\n","protected":false},"featured_media":29291,"template":"","meta":{"_acf_changed":false,"_relevanssi_hide_post":"","_relevanssi_hide_content":"","_relevanssi_pin_for_all":"","_relevanssi_pin_keywords":"","_relevanssi_unpin_keywords":"","_relevanssi_related_keywords":"","_relevanssi_related_include_ids":"","_relevanssi_related_exclude_ids":"","_relevanssi_related_no_append":"","_relevanssi_related_not_related":"","_relevanssi_related_posts":"","_relevanssi_noindex_reason":""},"product_brand":[],"product_cat":[5024,5039,5042],"product_tag":[],"class_list":{"0":"post-10274","1":"product","2":"type-product","3":"status-publish","4":"has-post-thumbnail","6":"product_cat-chauves-souris","7":"product_cat-gite-de-maternite-pour-chauves-souris","8":"product_cat-gites-darbre-pour-chauves-souris","9":"pa_buitenmaat-b-x-h-x-d-cm-255-x-715-x-18-fr","10":"pa_gewicht-kg-1245-fr","11":"pa_materiaal-beton-de-bois","12":"pa_materiaal-voor-filter-beton-de-bois","13":"pa_soort-barbastelle-deurope","14":"pa_soort-murin-a-moustaches","15":"pa_soort-murin-de-daubenton","16":"pa_soort-murin-de-natterer","17":"pa_soort-murin-des-marais","18":"pa_soort-noctule-de-leisler","19":"pa_soort-oreillard-roux","20":"pa_soort-oreillard-roux-fr","21":"pa_soort-pipistrelle-commune","22":"pa_soort-pipistrelle-de-nathusius","23":"pa_soort-pipistrelle-pygmee","24":"pa_soort-serotine-commune","25":"pa_soortgroep-chauves-souris","27":"first","28":"instock","29":"purchasable","30":"product-type-simple"},"acf":[],"_links":{"self":[{"href":"https:\/\/viva.ezxdemo.com\/fr\/wp-json\/wp\/v2\/product\/10274","targetHints":{"allow":["GET"]}}],"collection":[{"href":"https:\/\/viva.ezxdemo.com\/fr\/wp-json\/wp\/v2\/product"}],"about":[{"href":"https:\/\/viva.ezxdemo.com\/fr\/wp-json\/wp\/v2\/types\/product"}],"wp:featuredmedia":[{"embeddable":true,"href":"https:\/\/viva.ezxdemo.com\/fr\/wp-json\/wp\/v2\/media\/29291"}],"wp:attachment":[{"href":"https:\/\/viva.ezxdemo.com\/fr\/wp-json\/wp\/v2\/media?parent=10274"}],"wp:term":[{"taxonomy":"product_brand","embeddable":true,"href":"https:\/\/viva.ezxdemo.com\/fr\/wp-json\/wp\/v2\/product_brand?post=10274"},{"taxonomy":"product_cat","embeddable":true,"href":"https:\/\/viva.ezxdemo.com\/fr\/wp-json\/wp\/v2\/product_cat?post=10274"},{"taxonomy":"product_tag","embeddable":true,"href":"https:\/\/viva.ezxdemo.com\/fr\/wp-json\/wp\/v2\/product_tag?post=10274"}],"curies":[{"name":"wp","href":"https:\/\/api.w.org\/{rel}","templated":true}]}}