{"id":10275,"date":"2023-12-20T19:10:55","date_gmt":"2023-12-20T18:10:55","guid":{"rendered":"https:\/\/vivarapro.nl\/product\/zk-em-01-hedgehog-et-otter-box\/"},"modified":"2025-10-29T21:01:02","modified_gmt":"2025-10-29T20:01:02","slug":"zk-em-01-hedgehog-et-otter-box","status":"publish","type":"product","link":"https:\/\/viva.ezxdemo.com\/fr\/produit\/zk-em-01-hedgehog-et-otter-box\/","title":{"rendered":"ZK EM 01 G\u00eete pour h\u00e9risson et martres"},"content":{"rendered":"<p>Fabriqu\u00e9 en WoodStone\u00ae 100\u202f% naturel, il est con\u00e7u sp\u00e9cialement pour accueillir les h\u00e9rissons et les must\u00e9lid\u00e9s. Ces animaux aiment se dissimuler sous des tas de branches ou de feuilles. Gr\u00e2ce \u00e0 cet abri, ils disposent d\u2019un refuge s\u00fbr et sec. Le WoodStone\u00ae est un m\u00e9lange de fibres de bois certifi\u00e9es FSC\u00ae \u00e0 100\u202f% et de b\u00e9ton. Ce mat\u00e9riau robuste, durable et respectueux de l\u2019environnement, est con\u00e7u pour durer des d\u00e9cennies<\/p>\n","protected":false},"excerpt":{"rendered":"<p>ZK EM 01 G\u00eete pour h\u00e9risson et martres | Vivara Pro | Le plus grand fabricant europ\u00e9en de solutions de nidification pour les chauves-souris, les oiseaux et la faune sauvage<\/p>\n","protected":false},"featured_media":10286,"template":"","meta":{"_acf_changed":false,"_relevanssi_hide_post":"","_relevanssi_hide_content":"","_relevanssi_pin_for_all":"","_relevanssi_pin_keywords":"","_relevanssi_unpin_keywords":"","_relevanssi_related_keywords":"","_relevanssi_related_include_ids":"","_relevanssi_related_exclude_ids":"","_relevanssi_related_no_append":"","_relevanssi_related_not_related":"","_relevanssi_related_posts":"","_relevanssi_noindex_reason":""},"product_brand":[],"product_cat":[5068,5069,5033],"product_tag":[],"class_list":{"0":"post-10275","1":"product","2":"type-product","3":"status-publish","4":"has-post-thumbnail","6":"product_cat-gites-pour-herissons","7":"product_cat-gites-pour-les-mustelides","8":"product_cat-mammiferes","9":"pa_buitenmaat-b-x-h-x-d-cm-60-x-30-x-60-fr","10":"pa_gewicht-kg-15-fr-2","11":"pa_kleur-gris-noir","12":"pa_materiaal-woodstone-fr","13":"pa_materiaal-voor-filter-beton-de-bois","14":"pa_soort-fouine","15":"pa_soort-herisson","16":"pa_soort-martre-des-pins","17":"pa_soortgroep-mammiferes","19":"first","20":"instock","21":"purchasable","22":"product-type-simple"},"acf":[],"_links":{"self":[{"href":"https:\/\/viva.ezxdemo.com\/fr\/wp-json\/wp\/v2\/product\/10275","targetHints":{"allow":["GET"]}}],"collection":[{"href":"https:\/\/viva.ezxdemo.com\/fr\/wp-json\/wp\/v2\/product"}],"about":[{"href":"https:\/\/viva.ezxdemo.com\/fr\/wp-json\/wp\/v2\/types\/product"}],"wp:featuredmedia":[{"embeddable":true,"href":"https:\/\/viva.ezxdemo.com\/fr\/wp-json\/wp\/v2\/media\/10286"}],"wp:attachment":[{"href":"https:\/\/viva.ezxdemo.com\/fr\/wp-json\/wp\/v2\/media?parent=10275"}],"wp:term":[{"taxonomy":"product_brand","embeddable":true,"href":"https:\/\/viva.ezxdemo.com\/fr\/wp-json\/wp\/v2\/product_brand?post=10275"},{"taxonomy":"product_cat","embeddable":true,"href":"https:\/\/viva.ezxdemo.com\/fr\/wp-json\/wp\/v2\/product_cat?post=10275"},{"taxonomy":"product_tag","embeddable":true,"href":"https:\/\/viva.ezxdemo.com\/fr\/wp-json\/wp\/v2\/product_tag?post=10275"}],"curies":[{"name":"wp","href":"https:\/\/api.w.org\/{rel}","templated":true}]}}