{"id":10292,"date":"2023-12-20T19:06:04","date_gmt":"2023-12-20T19:06:04","guid":{"rendered":"https:\/\/vivarapro.nl\/product\/vk-ws-10-boite-murale-pour-chauve-souris\/"},"modified":"2025-10-29T21:01:03","modified_gmt":"2025-10-29T20:01:03","slug":"vk-ws-10-boite-murale-pour-chauve-souris","status":"publish","type":"product","link":"https:\/\/viva.ezxdemo.com\/fr\/produit\/vk-ws-10-boite-murale-pour-chauve-souris\/","title":{"rendered":"VK WS 10 G\u00eete mural pour chauves-souris"},"content":{"rendered":"<p>Ce petit g\u00eete mural pour chauves-souris se place de pr\u00e9f\u00e9rence sur un mur, mais il peut \u00e9galement \u00eatre install\u00e9 dans les arbres. Le g\u00eete est peint en blanc afin de limiter la mont\u00e9e en temp\u00e9rature lorsqu\u2019il est expos\u00e9 dans des endroits chauds et ensoleill\u00e9s. Ce mod\u00e8le existe aussi en noir <a href=\"https:\/\/viva.ezxdemo.com\/product\/vk-ws-01-vleermuizenkast\/\">(VK WS 01<\/a>). Le noir permet de r\u00e9chauffer plus rapidement l\u2019int\u00e9rieur lorsque le g\u00eete est plac\u00e9 dans un endroit frais et ombrag\u00e9. Plusieurs esp\u00e8ces de chauves-souris peuvent utiliser ce g\u00eete, selon les esp\u00e8ces pr\u00e9sentes localement et l\u2019endroit o\u00f9 il est install\u00e9. Cet abri convient comme g\u00eete d\u2019\u00e9t\u00e9 et\/ou de reproduction et peut \u00e9galement servir de refuge pendant les hivers doux. Ce g\u00eete est fabriqu\u00e9 en 100\u00a0% WoodStone\u00ae (un m\u00e9lange de fibres de bois certifi\u00e9es FSC\u00ae \u00e0 100\u202f% et de b\u00e9ton) et est livr\u00e9 avec des chevilles et des vis pour le montage. <strong>Cet abri peut \u00eatre utilis\u00e9 comme g\u00eete d\u2019\u00e9t\u00e9 ou de reproduction par les esp\u00e8ces suivantes\u00a0: <\/strong> <\/p>\n<ul>\n<li>Pipistrelle commune<\/li>\n<li>Pipistrelle pygm\u00e9e<\/li>\n<li>Pipistrelle de Nathusius<\/li>\n<li>Murin \u00e0 moustaches<\/li>\n<li>Vespertilion de Brandt<\/li>\n<li>Noctule de Leisler<\/li>\n<li>Oreillard roux<\/li>\n<li>Murin de Daubenton<\/li>\n<\/ul>\n<p> Pendant les hivers doux, il peut \u00eatre utilis\u00e9 par les\u00a0: <\/p>\n<ul>\n<li>Pipistrelle commune<\/li>\n<li>Oreillard roux<\/li>\n<\/ul>\n","protected":false},"excerpt":{"rendered":"<p>VK WS 10 G\u00eete mural pour chauves-souris | Vivara Pro | Le plus grand fabricant europ\u00e9en de solutions de nidification pour les chauves-souris, les oiseaux et la faune sauvage<\/p>\n","protected":false},"featured_media":28839,"template":"","meta":{"_acf_changed":false,"_relevanssi_hide_post":"","_relevanssi_hide_content":"","_relevanssi_pin_for_all":"","_relevanssi_pin_keywords":"","_relevanssi_unpin_keywords":"","_relevanssi_related_keywords":"","_relevanssi_related_include_ids":"","_relevanssi_related_exclude_ids":"","_relevanssi_related_no_append":"","_relevanssi_related_not_related":"","_relevanssi_related_posts":"","_relevanssi_noindex_reason":""},"product_brand":[],"product_cat":[5024,5040,5037],"product_tag":[],"class_list":{"0":"post-10292","1":"product","2":"type-product","3":"status-publish","4":"has-post-thumbnail","6":"product_cat-chauves-souris","7":"product_cat-nichoirs-muraux","8":"product_cat-nichoirs-muraux-chauves-souris","9":"pa_binnenmaat-b-x-h-x-d-cm-19-x-30-x-2-fr","10":"pa_buitenmaat-b-x-h-x-d-cm-29-x-40-x-7-fr","11":"pa_gewicht-kg-5-fr","12":"pa_kleur-blanc","13":"pa_materiaal-woodstone-fr","14":"pa_materiaal-voor-filter-beton-de-bois","15":"pa_soort-murin-a-moustaches","16":"pa_soort-murin-de-daubenton","17":"pa_soort-murin-de-natterer","18":"pa_soort-murin-des-marais","19":"pa_soort-noctule-commune","20":"pa_soort-oreillard-roux","21":"pa_soort-oreillard-roux-fr","22":"pa_soort-pipistrelle-commune","23":"pa_soort-pipistrelle-de-nathusius","24":"pa_soort-pipistrelle-pygmee","25":"pa_soort-serotine-commune","26":"pa_soort-vespertilion-de-brandt","27":"pa_soortgroep-chauves-souris","29":"first","30":"instock","31":"purchasable","32":"product-type-simple"},"acf":[],"_links":{"self":[{"href":"https:\/\/viva.ezxdemo.com\/fr\/wp-json\/wp\/v2\/product\/10292","targetHints":{"allow":["GET"]}}],"collection":[{"href":"https:\/\/viva.ezxdemo.com\/fr\/wp-json\/wp\/v2\/product"}],"about":[{"href":"https:\/\/viva.ezxdemo.com\/fr\/wp-json\/wp\/v2\/types\/product"}],"wp:featuredmedia":[{"embeddable":true,"href":"https:\/\/viva.ezxdemo.com\/fr\/wp-json\/wp\/v2\/media\/28839"}],"wp:attachment":[{"href":"https:\/\/viva.ezxdemo.com\/fr\/wp-json\/wp\/v2\/media?parent=10292"}],"wp:term":[{"taxonomy":"product_brand","embeddable":true,"href":"https:\/\/viva.ezxdemo.com\/fr\/wp-json\/wp\/v2\/product_brand?post=10292"},{"taxonomy":"product_cat","embeddable":true,"href":"https:\/\/viva.ezxdemo.com\/fr\/wp-json\/wp\/v2\/product_cat?post=10292"},{"taxonomy":"product_tag","embeddable":true,"href":"https:\/\/viva.ezxdemo.com\/fr\/wp-json\/wp\/v2\/product_tag?post=10292"}],"curies":[{"name":"wp","href":"https:\/\/api.w.org\/{rel}","templated":true}]}}