{"id":10293,"date":"2023-12-20T19:10:55","date_gmt":"2023-12-20T18:10:55","guid":{"rendered":"https:\/\/vivarapro.nl\/product\/zk-ma-01-boite-a-martres\/"},"modified":"2025-10-29T21:01:04","modified_gmt":"2025-10-29T20:01:04","slug":"zk-ma-01-boite-a-martres","status":"publish","type":"product","link":"https:\/\/viva.ezxdemo.com\/fr\/produit\/zk-ma-01-boite-a-martres\/","title":{"rendered":"ZK MA 01 Nichoir pour martres"},"content":{"rendered":"<p>Ce nichoir pour martres (des pierres ou des pins) a \u00e9t\u00e9 con\u00e7u en collaboration avec la Soci\u00e9t\u00e9 des Mammif\u00e8res. Il met \u00e0 disposition un espace o\u00f9 les martres peuvent se cacher ou faire leur nid, avec une partie sp\u00e9ciale pour la maternit\u00e9 afin d\u2019accueillir les jeunes. Il est fabriqu\u00e9 en contreplaqu\u00e9 ext\u00e9rieur et son toit est recouvert d\u2019une membrane d\u2019\u00e9tanch\u00e9it\u00e9.<\/p>\n","protected":false},"excerpt":{"rendered":"<p>ZK MA 01 Nichoir pour martres | Vivara Pro | Le plus grand fabricant europ\u00e9en de solutions de nidification pour les chauves-souris, les oiseaux et la faune sauvage<\/p>\n","protected":false},"featured_media":10307,"template":"","meta":{"_acf_changed":false,"_relevanssi_hide_post":"","_relevanssi_hide_content":"","_relevanssi_pin_for_all":"","_relevanssi_pin_keywords":"","_relevanssi_unpin_keywords":"","_relevanssi_related_keywords":"","_relevanssi_related_include_ids":"","_relevanssi_related_exclude_ids":"","_relevanssi_related_no_append":"","_relevanssi_related_not_related":"","_relevanssi_related_posts":"","_relevanssi_noindex_reason":""},"product_brand":[],"product_cat":[5069,5033],"product_tag":[],"class_list":{"0":"post-10293","1":"product","2":"type-product","3":"status-publish","4":"has-post-thumbnail","6":"product_cat-gites-pour-les-mustelides","7":"product_cat-mammiferes","8":"pa_binnenmaat-b-x-h-x-d-cm-635-x-41-x-43-fr","9":"pa_buitenmaat-b-x-h-x-d-cm-725-x-45-x-52-fr","10":"pa_kleur-vert-noir","11":"pa_materiaal-contreplaque-fsc","12":"pa_materiaal-toiture","13":"pa_materiaal-voor-filter-bois-fsc","14":"pa_soort-fouine","15":"pa_soort-martre-des-pins","16":"pa_soortgroep-mammiferes","18":"first","19":"instock","20":"purchasable","21":"product-type-simple"},"acf":[],"_links":{"self":[{"href":"https:\/\/viva.ezxdemo.com\/fr\/wp-json\/wp\/v2\/product\/10293","targetHints":{"allow":["GET"]}}],"collection":[{"href":"https:\/\/viva.ezxdemo.com\/fr\/wp-json\/wp\/v2\/product"}],"about":[{"href":"https:\/\/viva.ezxdemo.com\/fr\/wp-json\/wp\/v2\/types\/product"}],"wp:featuredmedia":[{"embeddable":true,"href":"https:\/\/viva.ezxdemo.com\/fr\/wp-json\/wp\/v2\/media\/10307"}],"wp:attachment":[{"href":"https:\/\/viva.ezxdemo.com\/fr\/wp-json\/wp\/v2\/media?parent=10293"}],"wp:term":[{"taxonomy":"product_brand","embeddable":true,"href":"https:\/\/viva.ezxdemo.com\/fr\/wp-json\/wp\/v2\/product_brand?post=10293"},{"taxonomy":"product_cat","embeddable":true,"href":"https:\/\/viva.ezxdemo.com\/fr\/wp-json\/wp\/v2\/product_cat?post=10293"},{"taxonomy":"product_tag","embeddable":true,"href":"https:\/\/viva.ezxdemo.com\/fr\/wp-json\/wp\/v2\/product_tag?post=10293"}],"curies":[{"name":"wp","href":"https:\/\/api.w.org\/{rel}","templated":true}]}}