{"id":10318,"date":"2024-05-07T08:38:14","date_gmt":"2024-05-07T06:38:14","guid":{"rendered":"https:\/\/vivarapro.nl\/product\/zk-mu-01-boite-a-loirs\/"},"modified":"2025-10-29T21:01:14","modified_gmt":"2025-10-29T20:01:14","slug":"zk-mu-01-boite-a-loirs","status":"publish","type":"product","link":"https:\/\/viva.ezxdemo.com\/fr\/produit\/zk-mu-01-boite-a-loirs\/","title":{"rendered":"ZK MU 01 Nichoir pour muscardins"},"content":{"rendered":"<ul>\n<li>Ce nichoir pour muscardins a \u00e9t\u00e9 con\u00e7u et test\u00e9 selon les derni\u00e8res connaissances des experts. Il constitue donc un habitat parfait pour le muscardin, lui offrant un abri ainsi qu\u2019un un g\u00eete de repos, de maternit\u00e9 ou d\u2019hivernage.<\/li>\n<li>L\u2019entr\u00e9e horizontale \u00e9troite emp\u00eache les oiseaux, comme les m\u00e9sanges bleues, d\u2019utiliser cet abri pour nicher.<\/li>\n<li>Le nichoir est fabriqu\u00e9 en WoodStone\u00ae, un m\u00e9lange de fibres de bois 100\u00a0% certifi\u00e9es FSC\u00ae et de b\u00e9ton. Ce mat\u00e9riau solide est durable, respectueux de l\u2019environnement et con\u00e7u pour durer plusieurs d\u00e9cennies. Le couvercle amovible permet un \u00e9ventuel suivi de l\u2019occupation.<\/li>\n<li>ATTENTION\u00a0: Le muscardin est une esp\u00e8ce tr\u00e8s sensible aux d\u00e9rangements. Les contr\u00f4les ne doivent \u00eatre r\u00e9alis\u00e9s que par des sp\u00e9cialistes exp\u00e9riment\u00e9s.<\/li>\n<\/ul>\n","protected":false},"excerpt":{"rendered":"<p>ZK MU 01 Nichoir pour muscardins | Vivara Pro | Le plus grand fabricant europ\u00e9en de solutions de nidification pour les chauves-souris, les oiseaux et la faune sauvage<\/p>\n","protected":false},"featured_media":10327,"template":"","meta":{"_acf_changed":false,"_relevanssi_hide_post":"","_relevanssi_hide_content":"","_relevanssi_pin_for_all":"","_relevanssi_pin_keywords":"","_relevanssi_unpin_keywords":"","_relevanssi_related_keywords":"","_relevanssi_related_include_ids":"","_relevanssi_related_exclude_ids":"","_relevanssi_related_no_append":"","_relevanssi_related_not_related":"","_relevanssi_related_posts":"","_relevanssi_noindex_reason":""},"product_brand":[],"product_cat":[5033,5073],"product_tag":[],"class_list":{"0":"post-10318","1":"product","2":"type-product","3":"status-publish","4":"has-post-thumbnail","6":"product_cat-mammiferes","7":"product_cat-nichoirs-pour-muscardins","8":"pa_binnenmaat-b-x-h-x-d-cm-125-x-21-x-125-fr","9":"pa_buitenmaat-b-x-h-x-d-cm-215-x-245-x-225-fr","10":"pa_gewicht-kg-55-fr","11":"pa_inkruipopening-bxh-mm-41-x-16-fr","12":"pa_kleur-gris","13":"pa_materiaal-beton-de-bois","14":"pa_materiaal-voor-filter-beton-de-bois","15":"pa_soort-muscardin","16":"pa_soortgroep-mammiferes","18":"first","19":"instock","20":"purchasable","21":"product-type-simple"},"acf":[],"_links":{"self":[{"href":"https:\/\/viva.ezxdemo.com\/fr\/wp-json\/wp\/v2\/product\/10318","targetHints":{"allow":["GET"]}}],"collection":[{"href":"https:\/\/viva.ezxdemo.com\/fr\/wp-json\/wp\/v2\/product"}],"about":[{"href":"https:\/\/viva.ezxdemo.com\/fr\/wp-json\/wp\/v2\/types\/product"}],"wp:featuredmedia":[{"embeddable":true,"href":"https:\/\/viva.ezxdemo.com\/fr\/wp-json\/wp\/v2\/media\/10327"}],"wp:attachment":[{"href":"https:\/\/viva.ezxdemo.com\/fr\/wp-json\/wp\/v2\/media?parent=10318"}],"wp:term":[{"taxonomy":"product_brand","embeddable":true,"href":"https:\/\/viva.ezxdemo.com\/fr\/wp-json\/wp\/v2\/product_brand?post=10318"},{"taxonomy":"product_cat","embeddable":true,"href":"https:\/\/viva.ezxdemo.com\/fr\/wp-json\/wp\/v2\/product_cat?post=10318"},{"taxonomy":"product_tag","embeddable":true,"href":"https:\/\/viva.ezxdemo.com\/fr\/wp-json\/wp\/v2\/product_tag?post=10318"}],"curies":[{"name":"wp","href":"https:\/\/api.w.org\/{rel}","templated":true}]}}