{"id":10346,"date":"2023-12-20T19:06:04","date_gmt":"2023-12-20T18:06:04","guid":{"rendered":"https:\/\/vivarapro.nl\/product\/vk-ws-04-nichoir-arbre-a-chauves-souris\/"},"modified":"2025-10-29T21:01:17","modified_gmt":"2025-10-29T20:01:17","slug":"vk-ws-04-nichoir-arbre-a-chauves-souris","status":"publish","type":"product","link":"https:\/\/viva.ezxdemo.com\/fr\/produit\/vk-ws-04-nichoir-arbre-a-chauves-souris\/","title":{"rendered":"VK WS 04 G\u00eete d\u2019arbre pour chauves-souris"},"content":{"rendered":"<p>Id\u00e9alement, ce g\u00eete pour chauve-souris est \u00e0 installer dans les arbres, mais il peut \u00e9galement \u00eatre fix\u00e9 sur un mur. Il convient particuli\u00e8rement aux noctules communes et aux oreillards roux, bien que d\u2019autres esp\u00e8ces de chauves-souris puissent aussi l\u2019utiliser, selon les esp\u00e8ces pr\u00e9sentes localement et l\u2019endroit o\u00f9 le g\u00eete est plac\u00e9. Cet abri convient comme g\u00eete d\u2019\u00e9t\u00e9 et\/ou de maternit\u00e9 pour les esp\u00e8ces suivantes\u00a0: <\/p>\n<ul>\n<li>Pipistrelle commune<\/li>\n<li>Pipistrelle de Nathusius<\/li>\n<li>Pipistrelle pygm\u00e9e<\/li>\n<li>Murin \u00e0 moustaches<\/li>\n<li>Vespertilion de Brandt<\/li>\n<li>Barbastelle d\u2019Europe<\/li>\n<li>Murin de Natterer<\/li>\n<li>Murin de Daubenton<\/li>\n<li>Noctule commune<\/li>\n<li>Murin des marais<\/li>\n<\/ul>\n<p> Pendant les hivers doux, il peut \u00eatre utilis\u00e9 par les\u00a0: <\/p>\n<ul>\n<li>Pipistrelle commune<\/li>\n<li>Oreillard roux<\/li>\n<\/ul>\n<p>Cet abri convient comme g\u00eete d\u2019\u00e9t\u00e9 et\/ou de reproduction et peut \u00e9galement servir de refuge pendant les hivers doux. Fabriqu\u00e9 enti\u00e8rement en WoodStone\u00ae, ce g\u00eete est divis\u00e9 en trois compartiments par des panneaux de bois, afin de cr\u00e9er diff\u00e9rents microclimats \u00e0 l\u2019int\u00e9rieur. Le WoodStone\u00ae est un m\u00e9lange de fibres de bois certifi\u00e9es FSC\u00ae \u00e0 100\u00a0% et de b\u00e9ton. Ce mat\u00e9riau robuste est respectueux de l\u2019environnement et con\u00e7u pour durer des d\u00e9cennies.<\/p>\n","protected":false},"excerpt":{"rendered":"<p>VK WS 04 G\u00eete d\u2019arbre pour chauves-souris | Vivara Pro | Le plus grand fabricant europ\u00e9en de solutions de nidification pour les chauves-souris, les oiseaux et la faune sauvage<\/p>\n","protected":false},"featured_media":10351,"template":"","meta":{"_acf_changed":false,"_relevanssi_hide_post":"","_relevanssi_hide_content":"","_relevanssi_pin_for_all":"","_relevanssi_pin_keywords":"","_relevanssi_unpin_keywords":"","_relevanssi_related_keywords":"","_relevanssi_related_include_ids":"","_relevanssi_related_exclude_ids":"","_relevanssi_related_no_append":"","_relevanssi_related_not_related":"","_relevanssi_related_posts":"","_relevanssi_noindex_reason":""},"product_brand":[],"product_cat":[5024,5039,5042],"product_tag":[],"class_list":{"0":"post-10346","1":"product","2":"type-product","3":"status-publish","4":"has-post-thumbnail","6":"product_cat-chauves-souris","7":"product_cat-gite-de-maternite-pour-chauves-souris","8":"product_cat-gites-darbre-pour-chauves-souris","9":"pa_binnenmaat-b-x-h-x-d-cm-71-x-185-fr","10":"pa_buitenmaat-b-x-h-x-d-cm-85-x-25-fr","11":"pa_gewicht-kg-12-fr-2","12":"pa_kleur-noir","13":"pa_materiaal-woodstone-fr","14":"pa_materiaal-voor-filter-beton-de-bois","15":"pa_soort-barbastelle-deurope","16":"pa_soort-murin-a-moustaches","17":"pa_soort-murin-de-daubenton","18":"pa_soort-murin-de-natterer","19":"pa_soort-murin-des-marais","20":"pa_soort-noctule-commune","21":"pa_soort-noctule-de-leisler","22":"pa_soort-oreillard-roux","23":"pa_soort-oreillard-roux-fr","24":"pa_soort-pipistrelle-commune","25":"pa_soort-pipistrelle-de-nathusius","26":"pa_soort-pipistrelle-pygmee","27":"pa_soortgroep-chauves-souris","29":"first","30":"instock","31":"purchasable","32":"product-type-simple"},"acf":[],"_links":{"self":[{"href":"https:\/\/viva.ezxdemo.com\/fr\/wp-json\/wp\/v2\/product\/10346","targetHints":{"allow":["GET"]}}],"collection":[{"href":"https:\/\/viva.ezxdemo.com\/fr\/wp-json\/wp\/v2\/product"}],"about":[{"href":"https:\/\/viva.ezxdemo.com\/fr\/wp-json\/wp\/v2\/types\/product"}],"wp:featuredmedia":[{"embeddable":true,"href":"https:\/\/viva.ezxdemo.com\/fr\/wp-json\/wp\/v2\/media\/10351"}],"wp:attachment":[{"href":"https:\/\/viva.ezxdemo.com\/fr\/wp-json\/wp\/v2\/media?parent=10346"}],"wp:term":[{"taxonomy":"product_brand","embeddable":true,"href":"https:\/\/viva.ezxdemo.com\/fr\/wp-json\/wp\/v2\/product_brand?post=10346"},{"taxonomy":"product_cat","embeddable":true,"href":"https:\/\/viva.ezxdemo.com\/fr\/wp-json\/wp\/v2\/product_cat?post=10346"},{"taxonomy":"product_tag","embeddable":true,"href":"https:\/\/viva.ezxdemo.com\/fr\/wp-json\/wp\/v2\/product_tag?post=10346"}],"curies":[{"name":"wp","href":"https:\/\/api.w.org\/{rel}","templated":true}]}}