{"id":10367,"date":"2023-12-20T19:10:55","date_gmt":"2023-12-20T18:10:55","guid":{"rendered":"https:\/\/vivarapro.nl\/product\/zk-ee-01-boite-a-ecureuil\/"},"modified":"2025-10-29T21:01:18","modified_gmt":"2025-10-29T20:01:18","slug":"zk-ee-01-boite-a-ecureuil","status":"publish","type":"product","link":"https:\/\/viva.ezxdemo.com\/fr\/produit\/zk-ee-01-boite-a-ecureuil\/","title":{"rendered":"ZK EE 01 Nichoir pour \u00e9cureuil"},"content":{"rendered":"<p>Ce nichoir pour \u00e9cureuil, con\u00e7u avec les conseils de l\u2019association n\u00e9erlandaise pour la protection des \u00e9cureuils, est utilis\u00e9 par l\u2019\u00e9cureuil roux comme g\u00eete de maternit\u00e9 mais aussi comme g\u00eete d\u2019hibernation. L\u2019entr\u00e9e large permet \u00e0 l\u2019\u00e9cureuil d\u2019entrer et de sortir facilement, m\u00eame lorsqu\u2019il transporte un petit. Le rebord ajout\u00e9 offre un meilleur appui et une prise s\u00fbre pour lui permettre d\u2019acc\u00e9der au nichoir. Il arrive aussi que des pigeons colombins utilisent ce nichoir. Il est fabriqu\u00e9 en contreplaqu\u00e9 ext\u00e9rieur prot\u00e9g\u00e9 par un vernis \u00e0 base d\u2019eau, et le toit est recouvert d\u2019une membrane d\u2019\u00e9tanch\u00e9it\u00e9.<\/p>\n","protected":false},"excerpt":{"rendered":"<p>ZK EE 01 Nichoir pour \u00e9cureuil | Vivara Pro | Le plus grand fabricant europ\u00e9en de solutions de nidification pour les chauves-souris, les oiseaux et la faune sauvage<\/p>\n","protected":false},"featured_media":10371,"template":"","meta":{"_acf_changed":false,"_relevanssi_hide_post":"","_relevanssi_hide_content":"","_relevanssi_pin_for_all":"","_relevanssi_pin_keywords":"","_relevanssi_unpin_keywords":"","_relevanssi_related_keywords":"","_relevanssi_related_include_ids":"","_relevanssi_related_exclude_ids":"","_relevanssi_related_no_append":"","_relevanssi_related_not_related":"","_relevanssi_related_posts":"","_relevanssi_noindex_reason":""},"product_brand":[],"product_cat":[5033,5067],"product_tag":[],"class_list":{"0":"post-10367","1":"product","2":"type-product","3":"status-publish","4":"has-post-thumbnail","6":"product_cat-mammiferes","7":"product_cat-nichoirs-pour-ecureuils","8":"pa_binnenmaat-b-x-h-x-d-cm-275-x-40-x-275-fr","9":"pa_buitenmaat-b-x-h-x-d-cm-39-x-435-x-38-fr","10":"pa_gewicht-kg-67-fr","11":"pa_kleur-vert","12":"pa_materiaal-contreplaque-fsc","13":"pa_materiaal-toiture","14":"pa_materiaal-voor-filter-bois-fsc","15":"pa_soort-ecureuil-roux","16":"pa_soortgroep-mammiferes","18":"first","19":"instock","20":"purchasable","21":"product-type-simple"},"acf":[],"_links":{"self":[{"href":"https:\/\/viva.ezxdemo.com\/fr\/wp-json\/wp\/v2\/product\/10367","targetHints":{"allow":["GET"]}}],"collection":[{"href":"https:\/\/viva.ezxdemo.com\/fr\/wp-json\/wp\/v2\/product"}],"about":[{"href":"https:\/\/viva.ezxdemo.com\/fr\/wp-json\/wp\/v2\/types\/product"}],"wp:featuredmedia":[{"embeddable":true,"href":"https:\/\/viva.ezxdemo.com\/fr\/wp-json\/wp\/v2\/media\/10371"}],"wp:attachment":[{"href":"https:\/\/viva.ezxdemo.com\/fr\/wp-json\/wp\/v2\/media?parent=10367"}],"wp:term":[{"taxonomy":"product_brand","embeddable":true,"href":"https:\/\/viva.ezxdemo.com\/fr\/wp-json\/wp\/v2\/product_brand?post=10367"},{"taxonomy":"product_cat","embeddable":true,"href":"https:\/\/viva.ezxdemo.com\/fr\/wp-json\/wp\/v2\/product_cat?post=10367"},{"taxonomy":"product_tag","embeddable":true,"href":"https:\/\/viva.ezxdemo.com\/fr\/wp-json\/wp\/v2\/product_tag?post=10367"}],"curies":[{"name":"wp","href":"https:\/\/api.w.org\/{rel}","templated":true}]}}