{"id":10368,"date":"2023-12-20T19:06:04","date_gmt":"2023-12-20T18:06:04","guid":{"rendered":"https:\/\/vivarapro.nl\/product\/vk-ws-13-boite-murale-pour-chauves-souris\/"},"modified":"2025-10-29T21:01:19","modified_gmt":"2025-10-29T20:01:19","slug":"vk-ws-13-boite-murale-pour-chauves-souris","status":"publish","type":"product","link":"https:\/\/viva.ezxdemo.com\/fr\/produit\/vk-ws-13-boite-murale-pour-chauves-souris\/","title":{"rendered":"VK WS 13 G\u00eete mural pour chauves-souris"},"content":{"rendered":"<p>Ce g\u00eete mural pour chauves-souris est con\u00e7u pour \u00eatre install\u00e9 directement sur une surface brute, comme une fa\u00e7ade en ma\u00e7onnerie. Le g\u00eete ne poss\u00e8de pas de paroi arri\u00e8re, ce qui permet aux chauves-souris de se faufiler \u00e0 travers la fa\u00e7ade pour acc\u00e9der \u00e0 la cavit\u00e9 du mur. Le g\u00eete est peint en blanc afin de limiter la mont\u00e9e en temp\u00e9rature lorsqu\u2019il est expos\u00e9 dans des endroits chauds et ensoleill\u00e9s. Le g\u00eete est fabriqu\u00e9 en WoodStone\u00ae (un m\u00e9lange de fibres de bois 100\u00a0% certifi\u00e9es FSC\u00ae et de b\u00e9ton). Il est livr\u00e9 avec deux chevilles et boulons pour le fixer au mur. Avant la pose, appliquez le compribande fourni sur tout le pourtour de la partie arri\u00e8re du g\u00eete afin d\u2019assurer une parfaite \u00e9tanch\u00e9it\u00e9 avec le mur. Cet abri convient particuli\u00e8rement comme g\u00eete d\u2019\u00e9t\u00e9 et\/ou site de reproduction pour la pipistrelle commune, bien que d\u2019autres esp\u00e8ces de chauves-souris puissent \u00e9galement l\u2019utiliser, selon les esp\u00e8ces pr\u00e9sentes localement et l\u2019endroit o\u00f9 le g\u00eete est install\u00e9. Il peut servir de g\u00eete d\u2019\u00e9t\u00e9 et\/ou de reproduction et peut \u00e9galement faire office de refuge pendant les hivers doux. Cet abri peut \u00eatre utilis\u00e9 comme g\u00eete d\u2019\u00e9t\u00e9 ou de reproduction par les esp\u00e8ces suivantes\u00a0: <\/p>\n<ul>\n<li>Murin \u00e0 moustaches<\/li>\n<li>Pipistrelle commune<\/li>\n<li>Oreillard roux<\/li>\n<li>Pipistrelle pygm\u00e9e<\/li>\n<li>Murin des marais (en tant que g\u00eete d\u2019hibernation)<\/li>\n<li>Pipistrelle de Nathusius<\/li>\n<li>S\u00e9rotine bicolore<\/li>\n<li>Murin de Daubenton (en tant que g\u00eete d\u2019hibernation)<\/li>\n<\/ul>\n<p>Pendant les hivers doux, il peut \u00eatre utilis\u00e9 par les\u00a0: <\/p>\n<ul>\n<li>Pipistrelle commune<\/li>\n<li>Oreillard roux<\/li>\n<\/ul>\n","protected":false},"excerpt":{"rendered":"<p>VK WS 13 G\u00eete mural pour chauves-souris | Vivara Pro | Le plus grand fabricant europ\u00e9en de solutions de nidification pour les chauves-souris, les oiseaux et la faune sauvage<\/p>\n","protected":false},"featured_media":28970,"template":"","meta":{"_acf_changed":false,"_relevanssi_hide_post":"","_relevanssi_hide_content":"","_relevanssi_pin_for_all":"","_relevanssi_pin_keywords":"","_relevanssi_unpin_keywords":"","_relevanssi_related_keywords":"","_relevanssi_related_include_ids":"","_relevanssi_related_exclude_ids":"","_relevanssi_related_no_append":"","_relevanssi_related_not_related":"","_relevanssi_related_posts":"","_relevanssi_noindex_reason":""},"product_brand":[],"product_cat":[5024,5040,5037],"product_tag":[],"class_list":{"0":"post-10368","1":"product","2":"type-product","3":"status-publish","4":"has-post-thumbnail","6":"product_cat-chauves-souris","7":"product_cat-nichoirs-muraux","8":"product_cat-nichoirs-muraux-chauves-souris","9":"pa_binnenmaat-b-x-h-x-d-cm-25-x-47-x-25-fr","10":"pa_buitenmaat-b-x-h-x-d-cm-30-x-50-x-6-fr","11":"pa_gewicht-kg-4-fr","12":"pa_kleur-blanc","13":"pa_materiaal-woodstone-fr","14":"pa_materiaal-voor-filter-beton-de-bois","15":"pa_soort-murin-a-moustaches","16":"pa_soort-murin-de-daubenton","17":"pa_soort-murin-de-natterer","18":"pa_soort-murin-des-marais","19":"pa_soort-oreillard-roux","20":"pa_soort-oreillard-roux-fr","21":"pa_soort-pipistrelle-commune","22":"pa_soort-pipistrelle-de-nathusius","23":"pa_soort-pipistrelle-pygmee","24":"pa_soort-serotine-commune","25":"pa_soortgroep-chauves-souris","27":"first","28":"instock","29":"purchasable","30":"product-type-simple"},"acf":[],"_links":{"self":[{"href":"https:\/\/viva.ezxdemo.com\/fr\/wp-json\/wp\/v2\/product\/10368","targetHints":{"allow":["GET"]}}],"collection":[{"href":"https:\/\/viva.ezxdemo.com\/fr\/wp-json\/wp\/v2\/product"}],"about":[{"href":"https:\/\/viva.ezxdemo.com\/fr\/wp-json\/wp\/v2\/types\/product"}],"wp:featuredmedia":[{"embeddable":true,"href":"https:\/\/viva.ezxdemo.com\/fr\/wp-json\/wp\/v2\/media\/28970"}],"wp:attachment":[{"href":"https:\/\/viva.ezxdemo.com\/fr\/wp-json\/wp\/v2\/media?parent=10368"}],"wp:term":[{"taxonomy":"product_brand","embeddable":true,"href":"https:\/\/viva.ezxdemo.com\/fr\/wp-json\/wp\/v2\/product_brand?post=10368"},{"taxonomy":"product_cat","embeddable":true,"href":"https:\/\/viva.ezxdemo.com\/fr\/wp-json\/wp\/v2\/product_cat?post=10368"},{"taxonomy":"product_tag","embeddable":true,"href":"https:\/\/viva.ezxdemo.com\/fr\/wp-json\/wp\/v2\/product_tag?post=10368"}],"curies":[{"name":"wp","href":"https:\/\/api.w.org\/{rel}","templated":true}]}}