{"id":10369,"date":"2023-12-20T19:06:04","date_gmt":"2023-12-20T18:06:04","guid":{"rendered":"https:\/\/vivarapro.nl\/product\/vk-ws-08-nichoir-arbre-a-chauves-souris\/"},"modified":"2025-10-29T21:01:19","modified_gmt":"2025-10-29T20:01:19","slug":"vk-ws-08-nichoir-arbre-a-chauves-souris","status":"publish","type":"product","link":"https:\/\/viva.ezxdemo.com\/fr\/produit\/vk-ws-08-nichoir-arbre-a-chauves-souris\/","title":{"rendered":"VK WS 08 G\u00eete d\u2019arbre pour chauves-souris"},"content":{"rendered":"<p>Ce g\u00eete pour chauve-souris est principalement destin\u00e9 \u00e0 \u00eatre install\u00e9 dans les arbres, mais peut \u00e9galement \u00eatre plac\u00e9 dans des greniers. D\u00e9velopp\u00e9 et optimis\u00e9 avec l\u2019aide d\u2019experts, il convient particuli\u00e8rement \u00e0 la noctule commune et \u00e0 l\u2019oreillard roux, mais d\u2019autres esp\u00e8ces peuvent utiliser ce g\u00eete, selon les esp\u00e8ces pr\u00e9sentes localement et l\u2019endroit o\u00f9 il est install\u00e9. Il est adapt\u00e9 comme g\u00eete d\u2019\u00e9t\u00e9 et\/ou site de reproduction, et peut parfois accueillir de petits groupes de chauves-souris pour la mise-bas. Pendant les hivers doux, il peut \u00e9galement servir d\u2019abri. En tant que g\u00eete d\u2019\u00e9t\u00e9 et pour d\u2019\u00e9ventuels groupes de maternit\u00e9, il convient notamment aux esp\u00e8ces suivantes\u00a0: <\/p>\n<ul>\n<li>Pipistrelle commune<\/li>\n<li>Pipistrelle de Nathusius<\/li>\n<li>Pipistrelle pygm\u00e9e<\/li>\n<li>Oreillard roux<\/li>\n<li>Noctule de Leisler<\/li>\n<li>Murin de Natterer<\/li>\n<li>Murin de Daubenton<\/li>\n<li>Noctule commune<\/li>\n<\/ul>\n<p> Pendant les hivers doux, il peut \u00eatre utilis\u00e9 par les\u00a0: <\/p>\n<ul>\n<li>Pipistrelle commune<\/li>\n<li>Oreillard roux<\/li>\n<\/ul>\n<p> Le g\u00eete est fabriqu\u00e9 en 100\u00a0% WoodStone\u00ae (un m\u00e9lange de fibres de bois certifi\u00e9es FSC\u00ae \u00e0 100\u00a0% et de b\u00e9ton) et comporte deux entr\u00e9es avec pare-m\u00e9sanges int\u00e9gr\u00e9s, l\u2019une \u00e0 l\u2019avant et l\u2019autre en bas. L\u2019int\u00e9rieur pr\u00e9sente une structure en b\u00e9ton permettant aux chauves-souris de s\u2019accrocher entre les parois, et un espace d\u00e9gag\u00e9 en haut pour que plusieurs individus puissent se regrouper. Cette structure en b\u00e9ton est amovible, ce qui facilite le contr\u00f4le et l\u2019entretien.<\/p>\n","protected":false},"excerpt":{"rendered":"<p>VK WS 08 G\u00eete d\u2019arbre pour chauves-souris | Vivara Pro | Le plus grand fabricant europ\u00e9en de solutions de nidification pour les chauves-souris, les oiseaux et la faune sauvage<\/p>\n","protected":false},"featured_media":29249,"template":"","meta":{"_acf_changed":false,"_relevanssi_hide_post":"","_relevanssi_hide_content":"","_relevanssi_pin_for_all":"","_relevanssi_pin_keywords":"","_relevanssi_unpin_keywords":"","_relevanssi_related_keywords":"","_relevanssi_related_include_ids":"","_relevanssi_related_exclude_ids":"","_relevanssi_related_no_append":"","_relevanssi_related_not_related":"","_relevanssi_related_posts":"","_relevanssi_noindex_reason":""},"product_brand":[],"product_cat":[5024,5039,5042],"product_tag":[],"class_list":{"0":"post-10369","1":"product","2":"type-product","3":"status-publish","4":"has-post-thumbnail","6":"product_cat-chauves-souris","7":"product_cat-gite-de-maternite-pour-chauves-souris","8":"product_cat-gites-darbre-pour-chauves-souris","9":"pa_binnenmaat-b-x-h-x-d-cm-14-x-34-x-11-fr","10":"pa_buitenmaat-b-x-h-x-d-cm-215-x-39-x-20-fr","11":"pa_gewicht-kg-8-fr","12":"pa_kleur-marron-noir","13":"pa_materiaal-woodstone-fr","14":"pa_materiaal-voor-filter-beton-de-bois","15":"pa_soort-murin-de-daubenton","16":"pa_soort-murin-de-natterer","17":"pa_soort-noctule-commune","18":"pa_soort-noctule-de-leisler","19":"pa_soort-oreillard-roux","20":"pa_soort-pipistrelle-commune","21":"pa_soort-pipistrelle-de-nathusius","22":"pa_soort-pipistrelle-pygmee","23":"pa_soortgroep-chauves-souris","25":"first","26":"instock","27":"purchasable","28":"product-type-simple"},"acf":[],"_links":{"self":[{"href":"https:\/\/viva.ezxdemo.com\/fr\/wp-json\/wp\/v2\/product\/10369","targetHints":{"allow":["GET"]}}],"collection":[{"href":"https:\/\/viva.ezxdemo.com\/fr\/wp-json\/wp\/v2\/product"}],"about":[{"href":"https:\/\/viva.ezxdemo.com\/fr\/wp-json\/wp\/v2\/types\/product"}],"wp:featuredmedia":[{"embeddable":true,"href":"https:\/\/viva.ezxdemo.com\/fr\/wp-json\/wp\/v2\/media\/29249"}],"wp:attachment":[{"href":"https:\/\/viva.ezxdemo.com\/fr\/wp-json\/wp\/v2\/media?parent=10369"}],"wp:term":[{"taxonomy":"product_brand","embeddable":true,"href":"https:\/\/viva.ezxdemo.com\/fr\/wp-json\/wp\/v2\/product_brand?post=10369"},{"taxonomy":"product_cat","embeddable":true,"href":"https:\/\/viva.ezxdemo.com\/fr\/wp-json\/wp\/v2\/product_cat?post=10369"},{"taxonomy":"product_tag","embeddable":true,"href":"https:\/\/viva.ezxdemo.com\/fr\/wp-json\/wp\/v2\/product_tag?post=10369"}],"curies":[{"name":"wp","href":"https:\/\/api.w.org\/{rel}","templated":true}]}}