{"id":10370,"date":"2023-12-20T19:17:54","date_gmt":"2023-12-20T18:17:54","guid":{"rendered":"https:\/\/vivarapro.nl\/product\/zk-mu-03-boite-a-loirs\/"},"modified":"2025-10-29T21:01:20","modified_gmt":"2025-10-29T20:01:20","slug":"zk-mu-03-boite-a-loirs","status":"publish","type":"product","link":"https:\/\/viva.ezxdemo.com\/fr\/produit\/zk-mu-03-boite-a-loirs\/","title":{"rendered":"ZK MU 03 Nichoir pour muscardin"},"content":{"rendered":"<p>Ce nichoir pour muscardin remporte un grand succ\u00e8s depuis de nombreuses ann\u00e9es. Il constitue un habitat parfait pour le muscardin, lui offrant une cachette, ainsi qu\u2019un g\u00eete de repos, de maternit\u00e9 ou d\u2019hivernage. Le nichoir est fabriqu\u00e9 en bois de pin et recouvert d\u2019un vernis \u00e0 base d\u2019eau. Il est dot\u00e9 d\u2019un couvercle amovible permettant un \u00e9ventuel suivi de l\u2019occupation. <\/li>\n<li>ATTENTION\u00a0: Le muscardin est une esp\u00e8ce tr\u00e8s sensible aux d\u00e9rangements. Les contr\u00f4les ne doivent \u00eatre r\u00e9alis\u00e9s que par des sp\u00e9cialistes exp\u00e9riment\u00e9s.<\/li>\n<\/ul>\n","protected":false},"excerpt":{"rendered":"<p>ZK MU 03 Nichoir pour muscardin | Vivara Pro | Le plus grand fabricant europ\u00e9en de solutions de nidification pour les chauves-souris, les oiseaux et la faune sauvage<\/p>\n","protected":false},"featured_media":10382,"template":"","meta":{"_acf_changed":false,"_relevanssi_hide_post":"","_relevanssi_hide_content":"","_relevanssi_pin_for_all":"","_relevanssi_pin_keywords":"","_relevanssi_unpin_keywords":"","_relevanssi_related_keywords":"","_relevanssi_related_include_ids":"","_relevanssi_related_exclude_ids":"","_relevanssi_related_no_append":"","_relevanssi_related_not_related":"","_relevanssi_related_posts":"","_relevanssi_noindex_reason":""},"product_brand":[],"product_cat":[5033,5073],"product_tag":[],"class_list":{"0":"post-10370","1":"product","2":"type-product","3":"status-publish","4":"has-post-thumbnail","6":"product_cat-mammiferes","7":"product_cat-nichoirs-pour-muscardins","8":"pa_binnenmaat-b-x-h-x-d-cm-10-x-13-x-11-fr","9":"pa_buitenmaat-b-x-h-x-d-cm-15-x-19-x-18-fr","10":"pa_gewicht-kg-2-fr","11":"pa_inkruipopening-bxh-mm-rd-30-fr","12":"pa_kleur-naturel-fr","13":"pa_materiaal-whitewood-fsc","14":"pa_materiaal-voor-filter-bois-fsc","15":"pa_soort-muscardin","16":"pa_soortgroep-mammiferes","18":"first","19":"instock","20":"purchasable","21":"product-type-simple"},"acf":[],"_links":{"self":[{"href":"https:\/\/viva.ezxdemo.com\/fr\/wp-json\/wp\/v2\/product\/10370","targetHints":{"allow":["GET"]}}],"collection":[{"href":"https:\/\/viva.ezxdemo.com\/fr\/wp-json\/wp\/v2\/product"}],"about":[{"href":"https:\/\/viva.ezxdemo.com\/fr\/wp-json\/wp\/v2\/types\/product"}],"wp:featuredmedia":[{"embeddable":true,"href":"https:\/\/viva.ezxdemo.com\/fr\/wp-json\/wp\/v2\/media\/10382"}],"wp:attachment":[{"href":"https:\/\/viva.ezxdemo.com\/fr\/wp-json\/wp\/v2\/media?parent=10370"}],"wp:term":[{"taxonomy":"product_brand","embeddable":true,"href":"https:\/\/viva.ezxdemo.com\/fr\/wp-json\/wp\/v2\/product_brand?post=10370"},{"taxonomy":"product_cat","embeddable":true,"href":"https:\/\/viva.ezxdemo.com\/fr\/wp-json\/wp\/v2\/product_cat?post=10370"},{"taxonomy":"product_tag","embeddable":true,"href":"https:\/\/viva.ezxdemo.com\/fr\/wp-json\/wp\/v2\/product_tag?post=10370"}],"curies":[{"name":"wp","href":"https:\/\/api.w.org\/{rel}","templated":true}]}}