{"id":16087,"date":"2024-11-20T13:43:18","date_gmt":"2024-11-20T12:43:18","guid":{"rendered":"https:\/\/vivarapro.nl\/?post_type=product&#038;p=16087"},"modified":"2025-10-29T21:01:24","modified_gmt":"2025-10-29T20:01:24","slug":"soil-feeder-woodstone","status":"publish","type":"product","link":"https:\/\/viva.ezxdemo.com\/fr\/produit\/soil-feeder-woodstone\/","title":{"rendered":"TV VS 08 Mangeoire au sol en Woodstone\u00ae"},"content":{"rendered":"<p>Cette mangeoire est sp\u00e9cialement con\u00e7ue pour les oiseaux qui pr\u00e9f\u00e8rent chercher leur nourriture au sol, comme les merles noirs, les rouges-gorges, les pinsons et les moineaux. Compos\u00e9e de bois-b\u00e9ton\/Woodstone\u00ae \u00e9coresponsable, elle offre un point d\u2019alimentation solide et durable d\u2019une capacit\u00e9 de 3,5\u00a0kg. Le plateau de la mangeoire est facile \u00e0 nettoyer.<\/p>\n<p><strong>Pourquoi choisir le WoodStone\u00ae\u00a0?<\/strong><\/p>\n<ul>\n<li>Mat\u00e9riau isolant et respirant<\/li>\n<li>Prot\u00e8ge efficacement des pr\u00e9dateurs<\/li>\n<li>Longue dur\u00e9e de vie<\/li>\n<\/ul>\n<p>Les produits en Woodstone\u00ae sont recommand\u00e9s par Vogelbescherming Nederland pour leur qualit\u00e9 et leur fiabilit\u00e9.<\/p>\n","protected":false},"excerpt":{"rendered":"<p>Cette mangeoire est sp\u00e9cialement con\u00e7ue pour les oiseaux qui pr\u00e9f\u00e8rent chercher leur nourriture au sol, comme les merles noirs, les rouges-gorges, les pinsons et les moineaux. Compos\u00e9e de bois-b\u00e9ton\/Woodstone\u00ae \u00e9coresponsable, elle offre un point d\u2019alimentation solide et durable d\u2019une capacit\u00e9 de 3,5\u00a0kg. Le plateau de la mangeoire est facile \u00e0 nettoyer. Pourquoi choisir le WoodStone\u00ae\u00a0? [&hellip;]<\/p>\n","protected":false},"featured_media":16118,"template":"","meta":{"_acf_changed":false,"_relevanssi_hide_post":"","_relevanssi_hide_content":"","_relevanssi_pin_for_all":"","_relevanssi_pin_keywords":"","_relevanssi_unpin_keywords":"","_relevanssi_related_keywords":"","_relevanssi_related_include_ids":"","_relevanssi_related_exclude_ids":"","_relevanssi_related_no_append":"","_relevanssi_related_not_related":"","_relevanssi_related_posts":"","_relevanssi_noindex_reason":""},"product_brand":[],"product_cat":[6952],"product_tag":[],"class_list":{"0":"post-16087","1":"product","2":"type-product","3":"status-publish","4":"has-post-thumbnail","6":"product_cat-feeding-system","7":"pa_materiaal-beton-de-bois","8":"pa_soort-rougegorge","10":"first","11":"instock","12":"purchasable","13":"product-type-simple"},"acf":[],"_links":{"self":[{"href":"https:\/\/viva.ezxdemo.com\/fr\/wp-json\/wp\/v2\/product\/16087","targetHints":{"allow":["GET"]}}],"collection":[{"href":"https:\/\/viva.ezxdemo.com\/fr\/wp-json\/wp\/v2\/product"}],"about":[{"href":"https:\/\/viva.ezxdemo.com\/fr\/wp-json\/wp\/v2\/types\/product"}],"wp:featuredmedia":[{"embeddable":true,"href":"https:\/\/viva.ezxdemo.com\/fr\/wp-json\/wp\/v2\/media\/16118"}],"wp:attachment":[{"href":"https:\/\/viva.ezxdemo.com\/fr\/wp-json\/wp\/v2\/media?parent=16087"}],"wp:term":[{"taxonomy":"product_brand","embeddable":true,"href":"https:\/\/viva.ezxdemo.com\/fr\/wp-json\/wp\/v2\/product_brand?post=16087"},{"taxonomy":"product_cat","embeddable":true,"href":"https:\/\/viva.ezxdemo.com\/fr\/wp-json\/wp\/v2\/product_cat?post=16087"},{"taxonomy":"product_tag","embeddable":true,"href":"https:\/\/viva.ezxdemo.com\/fr\/wp-json\/wp\/v2\/product_tag?post=16087"}],"curies":[{"name":"wp","href":"https:\/\/api.w.org\/{rel}","templated":true}]}}