{"id":20025,"date":"2025-05-14T10:30:22","date_gmt":"2025-05-14T08:30:22","guid":{"rendered":"https:\/\/vivarapro.nl\/?post_type=product&#038;p=20025"},"modified":"2025-10-29T21:01:25","modified_gmt":"2025-10-29T20:01:25","slug":"ib-gz-11-swift-built-in-nest-box","status":"publish","type":"product","link":"https:\/\/viva.ezxdemo.com\/fr\/produit\/ib-gz-11-swift-built-in-nest-box\/","title":{"rendered":"IB GZ 11 Nichoir \u00e0 encastrer pour martinet noir"},"content":{"rendered":"<p class=\"\" data-start=\"0\" data-end=\"178\">Ce nichoir pour martinets noirs s\u2019int\u00e8gre parfaitement aux b\u00e2timents neufs ou en r\u00e9novation. Il s\u2019encastre enti\u00e8rement dans la ma\u00e7onnerie d\u2019un mur creux, puis une pierre d\u2019entr\u00e9e, par exemple le mod\u00e8le IB GZ 12\/13, est ajout\u00e9e au mur.<\/p>\n<p class=\"\" data-start=\"180\" data-end=\"390\">Comme tous nos produits en WoodStone\u00ae, ce nichoir offre une excellente protection contre les pr\u00e9dateurs et assure une isolation efficace contre les variations extr\u00eames de temp\u00e9rature, garantissant ainsi un environnement s\u00fbr et confortable pour ses occupants.<\/p>\n<p class=\"\" data-start=\"888\" data-end=\"961\">Ce nichoir \u00e0 encastrer est enti\u00e8rement fabriqu\u00e9 en b\u00e9ton de bois certifi\u00e9 FSC\u00ae.<\/p>\n","protected":false},"excerpt":{"rendered":"<p>Ce nichoir pour martinets noirs s\u2019int\u00e8gre parfaitement aux b\u00e2timents neufs ou en r\u00e9novation. Il s\u2019encastre enti\u00e8rement dans la ma\u00e7onnerie d\u2019un mur creux, puis une pierre d\u2019entr\u00e9e, par exemple le mod\u00e8le IB GZ 12\/13, est ajout\u00e9e au mur. Comme tous nos produits en WoodStone\u00ae, ce nichoir offre une excellente protection contre les pr\u00e9dateurs et assure une [&hellip;]<\/p>\n","protected":false},"featured_media":31189,"template":"","meta":{"_acf_changed":false,"_relevanssi_hide_post":"","_relevanssi_hide_content":"","_relevanssi_pin_for_all":"","_relevanssi_pin_keywords":"","_relevanssi_unpin_keywords":"","_relevanssi_related_keywords":"","_relevanssi_related_include_ids":"","_relevanssi_related_exclude_ids":"","_relevanssi_related_no_append":"","_relevanssi_related_not_related":"","_relevanssi_related_posts":"","_relevanssi_noindex_reason":""},"product_brand":[],"product_cat":[5023,5025,5038],"product_tag":[],"class_list":{"0":"post-20025","1":"product","2":"type-product","3":"status-publish","4":"has-post-thumbnail","6":"product_cat-gites-et-nichoirs-a-encastrer","7":"product_cat-martinets-noir","8":"product_cat-nichoirs-a-encastrer-pour-martinets-noir","9":"pa_buitenmaat-b-x-h-x-d-cm-44x215x25-fr","10":"pa_kleur-gris","11":"pa_materiaal-woodstone-fr","12":"pa_materiaal-voor-filter-beton-de-bois","13":"pa_soort-martinet-noir","14":"pa_soortgroep-martinets","16":"first","17":"instock","18":"purchasable","19":"product-type-simple"},"acf":[],"_links":{"self":[{"href":"https:\/\/viva.ezxdemo.com\/fr\/wp-json\/wp\/v2\/product\/20025","targetHints":{"allow":["GET"]}}],"collection":[{"href":"https:\/\/viva.ezxdemo.com\/fr\/wp-json\/wp\/v2\/product"}],"about":[{"href":"https:\/\/viva.ezxdemo.com\/fr\/wp-json\/wp\/v2\/types\/product"}],"wp:featuredmedia":[{"embeddable":true,"href":"https:\/\/viva.ezxdemo.com\/fr\/wp-json\/wp\/v2\/media\/31189"}],"wp:attachment":[{"href":"https:\/\/viva.ezxdemo.com\/fr\/wp-json\/wp\/v2\/media?parent=20025"}],"wp:term":[{"taxonomy":"product_brand","embeddable":true,"href":"https:\/\/viva.ezxdemo.com\/fr\/wp-json\/wp\/v2\/product_brand?post=20025"},{"taxonomy":"product_cat","embeddable":true,"href":"https:\/\/viva.ezxdemo.com\/fr\/wp-json\/wp\/v2\/product_cat?post=20025"},{"taxonomy":"product_tag","embeddable":true,"href":"https:\/\/viva.ezxdemo.com\/fr\/wp-json\/wp\/v2\/product_tag?post=20025"}],"curies":[{"name":"wp","href":"https:\/\/api.w.org\/{rel}","templated":true}]}}