{"id":20239,"date":"2024-11-05T16:22:30","date_gmt":"2024-11-05T15:22:30","guid":{"rendered":"https:\/\/vivarapro.nl\/product\/nk-al-04-nestkast-open\/"},"modified":"2025-10-29T21:01:24","modified_gmt":"2025-10-29T20:01:24","slug":"nk-al-04-nest-box-open","status":"publish","type":"product","link":"https:\/\/viva.ezxdemo.com\/fr\/produit\/nk-al-04-nest-box-open\/","title":{"rendered":"NK AL 04 Nichoir ouvert"},"content":{"rendered":"<p data-start=\"101\" data-end=\"214\">Ce nichoir ovale en b\u00e9ton de bois est tr\u00e8s appr\u00e9ci\u00e9 des oiseaux et leur offre un lieu de nidification confortable.<\/p>\n<p data-start=\"216\" data-end=\"245\"><strong data-start=\"216\" data-end=\"243\">Avantages du Woodstone\u00ae:<\/strong><\/p>\n<ul data-start=\"246\" data-end=\"375\">\n<li data-start=\"246\" data-end=\"305\">\n<p data-start=\"248\" data-end=\"305\">Mat\u00e9riau isolant et respirant qui maintient une temp\u00e9rature optimale dans le nid<\/p>\n<\/li>\n<li data-start=\"306\" data-end=\"335\">\n<p data-start=\"308\" data-end=\"335\">Contribue au meilleur d\u00e9roulement de la reproduction<\/p>\n<\/li>\n<li data-start=\"336\" data-end=\"375\">\n<p data-start=\"338\" data-end=\"375\">Mat\u00e9riau durable avec une longue dur\u00e9e de vie<\/p>\n<\/li>\n<\/ul>\n","protected":false},"excerpt":{"rendered":"<p>Ce nichoir ovale en b\u00e9ton de bois est tr\u00e8s appr\u00e9ci\u00e9 des oiseaux et leur offre un lieu de nidification confortable. Avantages du Woodstone\u00ae: Mat\u00e9riau isolant et respirant qui maintient une temp\u00e9rature optimale dans le nid Contribue au meilleur d\u00e9roulement de la reproduction Mat\u00e9riau durable avec une longue dur\u00e9e de vie<\/p>\n","protected":false},"featured_media":15779,"template":"","meta":{"_acf_changed":false,"_relevanssi_hide_post":"","_relevanssi_hide_content":"","_relevanssi_pin_for_all":"","_relevanssi_pin_keywords":"","_relevanssi_unpin_keywords":"","_relevanssi_related_keywords":"","_relevanssi_related_include_ids":"","_relevanssi_related_exclude_ids":"","_relevanssi_related_no_append":"","_relevanssi_related_not_related":"","_relevanssi_related_posts":"","_relevanssi_noindex_reason":""},"product_brand":[],"product_cat":[5029,5063,5058,5060,5059,7868],"product_tag":[],"class_list":{"0":"post-20239","1":"product","2":"type-product","3":"status-publish","4":"has-post-thumbnail","6":"product_cat-nichoirs-oiseaux-chanteurs","7":"product_cat-nichoirs-autres","8":"product_cat-nichoirs-pour-bergeronnettes","9":"product_cat-nichoirs-pour-les-gobe-mouches","10":"product_cat-nichoirs-pour-les-rouge-queues-a-front-blanc","11":"product_cat-nichoirs","12":"pa_kleur-vert","13":"pa_materiaal-beton-de-bois","14":"pa_soort-bergeronnette-grise","15":"pa_soort-gobe-mouche-gris","16":"pa_soort-rougegorge","17":"pa_soort-rougequeue-a-front-blanc","18":"pa_soort-rougequeue-noir","19":"pa_soortgroep-oiseaux-chanteurs","21":"first","22":"instock","23":"purchasable","24":"product-type-simple"},"acf":[],"_links":{"self":[{"href":"https:\/\/viva.ezxdemo.com\/fr\/wp-json\/wp\/v2\/product\/20239","targetHints":{"allow":["GET"]}}],"collection":[{"href":"https:\/\/viva.ezxdemo.com\/fr\/wp-json\/wp\/v2\/product"}],"about":[{"href":"https:\/\/viva.ezxdemo.com\/fr\/wp-json\/wp\/v2\/types\/product"}],"wp:featuredmedia":[{"embeddable":true,"href":"https:\/\/viva.ezxdemo.com\/fr\/wp-json\/wp\/v2\/media\/15779"}],"wp:attachment":[{"href":"https:\/\/viva.ezxdemo.com\/fr\/wp-json\/wp\/v2\/media?parent=20239"}],"wp:term":[{"taxonomy":"product_brand","embeddable":true,"href":"https:\/\/viva.ezxdemo.com\/fr\/wp-json\/wp\/v2\/product_brand?post=20239"},{"taxonomy":"product_cat","embeddable":true,"href":"https:\/\/viva.ezxdemo.com\/fr\/wp-json\/wp\/v2\/product_cat?post=20239"},{"taxonomy":"product_tag","embeddable":true,"href":"https:\/\/viva.ezxdemo.com\/fr\/wp-json\/wp\/v2\/product_tag?post=20239"}],"curies":[{"name":"wp","href":"https:\/\/api.w.org\/{rel}","templated":true}]}}