{"id":20754,"date":"2025-07-01T09:45:55","date_gmt":"2025-07-01T07:45:55","guid":{"rendered":"https:\/\/vivarapro.nl\/?post_type=product&#038;p=20754"},"modified":"2025-10-29T21:01:23","modified_gmt":"2025-10-29T20:01:23","slug":"ip-sw-01","status":"publish","type":"product","link":"https:\/\/viva.ezxdemo.com\/fr\/produit\/ip-sw-01\/","title":{"rendered":"IP SW 01 Nichoir \u00e0 bourdons"},"content":{"rendered":"<p>Ce nichoir en Woodstone\u00ae convient \u00e0 plusieurs esp\u00e8ces de bourdons et au frelon europ\u00e9en. Tant que ces insectes ne sont pas d\u00e9rang\u00e9s, ils ne montrent aucune agressivit\u00e9.<\/p>\n<p>Ce nichoir peut \u00eatre install\u00e9 sur un mur ou dans les arbres. Les nervures ajout\u00e9es \u00e0 l\u2019arri\u00e8re lui assurent une grande stabilit\u00e9. Le support de fixation amovible permet \u00e9galement de le suspendre librement \u00e0 une branche. La porte se retire facilement pour l\u2019entretien.<\/p>\n<p>Le b\u00e9ton de bois est un mat\u00e9riau tr\u00e8s durable, compos\u00e9 de b\u00e9ton m\u00e9lang\u00e9 \u00e0 du bois certifi\u00e9 FSC\u00ae.<\/p>\n","protected":false},"excerpt":{"rendered":"<p>Ce nichoir en Woodstone\u00ae convient \u00e0 plusieurs esp\u00e8ces de bourdons et au frelon europ\u00e9en. Tant que ces insectes ne sont pas d\u00e9rang\u00e9s, ils ne montrent aucune agressivit\u00e9. Ce nichoir peut \u00eatre install\u00e9 sur un mur ou dans les arbres. Les nervures ajout\u00e9es \u00e0 l\u2019arri\u00e8re lui assurent une grande stabilit\u00e9. Le support de fixation amovible permet [&hellip;]<\/p>\n","protected":false},"featured_media":20881,"template":"","meta":{"_acf_changed":false,"_relevanssi_hide_post":"","_relevanssi_hide_content":"","_relevanssi_pin_for_all":"","_relevanssi_pin_keywords":"","_relevanssi_unpin_keywords":"","_relevanssi_related_keywords":"","_relevanssi_related_include_ids":"","_relevanssi_related_exclude_ids":"","_relevanssi_related_no_append":"","_relevanssi_related_not_related":"","_relevanssi_related_posts":"","_relevanssi_noindex_reason":""},"product_brand":[],"product_cat":[5057,5031],"product_tag":[],"class_list":{"0":"post-20754","1":"product","2":"type-product","3":"status-publish","4":"has-post-thumbnail","6":"product_cat-hotel-a-insectes","7":"product_cat-nichoirs-a-insectes","8":"pa_binnenmaat-b-x-h-x-d-cm-13-x-21-x-13","9":"pa_buitenmaat-b-x-h-x-d-cm-17-x-26-x-17-fr","10":"pa_gewicht-kg-7522","11":"pa_kleur-grijs-met-wit-front","12":"pa_materiaal-woodstone-fr","13":"pa_soortgroep-insectes","15":"first","16":"instock","17":"shipping-taxable","18":"purchasable","19":"product-type-simple"},"acf":[],"_links":{"self":[{"href":"https:\/\/viva.ezxdemo.com\/fr\/wp-json\/wp\/v2\/product\/20754","targetHints":{"allow":["GET"]}}],"collection":[{"href":"https:\/\/viva.ezxdemo.com\/fr\/wp-json\/wp\/v2\/product"}],"about":[{"href":"https:\/\/viva.ezxdemo.com\/fr\/wp-json\/wp\/v2\/types\/product"}],"wp:featuredmedia":[{"embeddable":true,"href":"https:\/\/viva.ezxdemo.com\/fr\/wp-json\/wp\/v2\/media\/20881"}],"wp:attachment":[{"href":"https:\/\/viva.ezxdemo.com\/fr\/wp-json\/wp\/v2\/media?parent=20754"}],"wp:term":[{"taxonomy":"product_brand","embeddable":true,"href":"https:\/\/viva.ezxdemo.com\/fr\/wp-json\/wp\/v2\/product_brand?post=20754"},{"taxonomy":"product_cat","embeddable":true,"href":"https:\/\/viva.ezxdemo.com\/fr\/wp-json\/wp\/v2\/product_cat?post=20754"},{"taxonomy":"product_tag","embeddable":true,"href":"https:\/\/viva.ezxdemo.com\/fr\/wp-json\/wp\/v2\/product_tag?post=20754"}],"curies":[{"name":"wp","href":"https:\/\/api.w.org\/{rel}","templated":true}]}}