{"id":20937,"date":"2025-05-07T15:23:29","date_gmt":"2025-05-07T13:23:29","guid":{"rendered":"https:\/\/vivarapro.nl\/product\/ip-bl-02-bloc-a-insectes-jaune\/"},"modified":"2025-10-29T21:01:32","modified_gmt":"2025-10-29T20:01:32","slug":"ip-bl-02-bloc-a-insectes-jaune","status":"publish","type":"product","link":"https:\/\/viva.ezxdemo.com\/fr\/produit\/ip-bl-02-bloc-a-insectes-jaune\/","title":{"rendered":"IP BL 02 H\u00f4tel \u00e0 insectes jaune"},"content":{"rendered":"<p>Cet h\u00f4tel \u00e0 insectes offre des possibilit\u00e9s de nidification \u00e0 plusieurs esp\u00e8ces d\u2019abeilles solitaires. Des abeilles \u00ab\u00a0coucous\u00a0\u00bb peuvent \u00e9galement s\u2019y installer. Certaines esp\u00e8ces d\u2019abeilles solitaires ressemblent \u00e0 des gu\u00eapes, mais, contrairement \u00e0 celles-ci, elles ne piquent pas et ne posent aucun d\u00e9sagr\u00e9ment. Bien qu\u2019elles soient dites solitaires, ces abeilles peuvent occuper ces h\u00f4tels de fa\u00e7on collective, rappelant une colonie. Cet h\u00f4tel \u00e0 insectes est enti\u00e8rement constitu\u00e9 de WoodStone\u00ae FSC\u00ae, un mat\u00e9riau durable et robuste combinant des fibres de bois 100\u00a0% certifi\u00e9es FSC\u00ae et du ciment, et il est \u00e9quip\u00e9 de tubes de bambou creux de diff\u00e9rents diam\u00e8tres.<\/p>\n","protected":false},"excerpt":{"rendered":"<p>Cet h\u00f4tel \u00e0 insectes offre des possibilit\u00e9s de nidification \u00e0 plusieurs esp\u00e8ces d\u2019abeilles solitaires. Des abeilles \u00ab\u00a0coucous\u00a0\u00bb peuvent \u00e9galement s\u2019y installer. Certaines esp\u00e8ces d\u2019abeilles solitaires ressemblent \u00e0 des gu\u00eapes, mais, contrairement \u00e0 celles-ci, elles ne piquent pas et ne posent aucun d\u00e9sagr\u00e9ment. Bien qu\u2019elles soient dites solitaires, ces abeilles peuvent occuper ces h\u00f4tels de fa\u00e7on [&hellip;]<\/p>\n","protected":false},"featured_media":16022,"template":"","meta":{"_acf_changed":false,"_relevanssi_hide_post":"","_relevanssi_hide_content":"","_relevanssi_pin_for_all":"","_relevanssi_pin_keywords":"","_relevanssi_unpin_keywords":"","_relevanssi_related_keywords":"","_relevanssi_related_include_ids":"","_relevanssi_related_exclude_ids":"","_relevanssi_related_no_append":"","_relevanssi_related_not_related":"","_relevanssi_related_posts":"","_relevanssi_noindex_reason":""},"product_brand":[],"product_cat":[5023,5057,5052,5031],"product_tag":[],"class_list":{"0":"post-20937","1":"product","2":"type-product","3":"status-publish","4":"has-post-thumbnail","6":"product_cat-gites-et-nichoirs-a-encastrer","7":"product_cat-hotel-a-insectes","8":"product_cat-nichoirs-a-encastrer-pour-insectes","9":"product_cat-nichoirs-a-insectes","10":"pa_buitenmaat-b-x-h-x-d-cm-185-x-27-x-9-fr","11":"pa_gewicht-kg-4843","13":"first","14":"instock","15":"purchasable","16":"product-type-simple"},"acf":[],"_links":{"self":[{"href":"https:\/\/viva.ezxdemo.com\/fr\/wp-json\/wp\/v2\/product\/20937","targetHints":{"allow":["GET"]}}],"collection":[{"href":"https:\/\/viva.ezxdemo.com\/fr\/wp-json\/wp\/v2\/product"}],"about":[{"href":"https:\/\/viva.ezxdemo.com\/fr\/wp-json\/wp\/v2\/types\/product"}],"wp:featuredmedia":[{"embeddable":true,"href":"https:\/\/viva.ezxdemo.com\/fr\/wp-json\/wp\/v2\/media\/16022"}],"wp:attachment":[{"href":"https:\/\/viva.ezxdemo.com\/fr\/wp-json\/wp\/v2\/media?parent=20937"}],"wp:term":[{"taxonomy":"product_brand","embeddable":true,"href":"https:\/\/viva.ezxdemo.com\/fr\/wp-json\/wp\/v2\/product_brand?post=20937"},{"taxonomy":"product_cat","embeddable":true,"href":"https:\/\/viva.ezxdemo.com\/fr\/wp-json\/wp\/v2\/product_cat?post=20937"},{"taxonomy":"product_tag","embeddable":true,"href":"https:\/\/viva.ezxdemo.com\/fr\/wp-json\/wp\/v2\/product_tag?post=20937"}],"curies":[{"name":"wp","href":"https:\/\/api.w.org\/{rel}","templated":true}]}}