{"id":20942,"date":"2025-04-16T16:27:59","date_gmt":"2025-04-16T14:27:59","guid":{"rendered":"https:\/\/vivarapro.nl\/product\/zk-ee-02-nichoir-pour-ecureuils\/"},"modified":"2026-02-24T11:05:40","modified_gmt":"2026-02-24T10:05:40","slug":"zk-ee-02-nichoir-pour-ecureuils","status":"publish","type":"product","link":"https:\/\/viva.ezxdemo.com\/fr\/produit\/zk-ee-02-nichoir-pour-ecureuils\/","title":{"rendered":"ZK EE 02 Nichoir pour \u00e9cureuils"},"content":{"rendered":"<p class=\" data-start=\" data-end=\"525\">Ce nichoir robuste pour \u00e9cureuils, fabriqu\u00e9 en b\u00e9ton de bois durable, est \u00e9quip\u00e9 de deux ouvertures afin que les \u00e9cureuils disposent toujours d&#8217;une issue de secours en cas de danger. Au printemps, les \u00e9cureuils l\u2019utilisent souvent comme g\u00eete de nidification pour \u00e9lever les petits, tandis qu\u2019en hiver, ils s\u2019en servent d\u2019abri chaud et prot\u00e9g\u00e9 pour l\u2019hibernation. Ce nichoir est adapt\u00e9 \u00e0 l\u2019\u00e9cureuil roux europ\u00e9en. Si les \u00e9cureuils ne l\u2019ont pas encore adopt\u00e9, d\u2019autres esp\u00e8ces comme les \u00e9tourneaux, les pigeons colombins ou les choucas peuvent \u00e9galement l\u2019utiliser.<\/p>\n","protected":false},"excerpt":{"rendered":"<p>Ce nichoir robuste pour \u00e9cureuils, fabriqu\u00e9 en b\u00e9ton de bois durable, est \u00e9quip\u00e9 de deux ouvertures afin que les \u00e9cureuils disposent toujours d&#8217;une issue de secours en cas de danger. Au printemps, les \u00e9cureuils l\u2019utilisent souvent comme g\u00eete de nidification pour \u00e9lever les petits, tandis qu\u2019en hiver, ils s\u2019en servent d\u2019abri chaud et prot\u00e9g\u00e9 pour [&hellip;]<\/p>\n","protected":false},"featured_media":19319,"template":"","meta":{"_acf_changed":false,"_relevanssi_hide_post":"","_relevanssi_hide_content":"","_relevanssi_pin_for_all":"","_relevanssi_pin_keywords":"","_relevanssi_unpin_keywords":"","_relevanssi_related_keywords":"","_relevanssi_related_include_ids":"","_relevanssi_related_exclude_ids":"","_relevanssi_related_no_append":"","_relevanssi_related_not_related":"","_relevanssi_related_posts":"","_relevanssi_noindex_reason":""},"product_brand":[],"product_cat":[5022,5067],"product_tag":[],"class_list":{"0":"post-20942","1":"product","2":"type-product","3":"status-publish","4":"has-post-thumbnail","6":"product_cat-ne-fait-partie-daucune-categorie","7":"product_cat-nichoirs-pour-ecureuils","8":"pa_binnenmaat-b-x-h-x-d-cm-20-x-48-x-20-fr","9":"pa_buitenmaat-b-x-h-x-d-cm-28-x-52-x-31-fr","10":"pa_gewicht-kg-12-fr-2","11":"pa_kleur-vert","12":"pa_materiaal-woodstone-fr","14":"first","15":"instock","16":"shipping-taxable","17":"purchasable","18":"product-type-simple"},"acf":[],"_links":{"self":[{"href":"https:\/\/viva.ezxdemo.com\/fr\/wp-json\/wp\/v2\/product\/20942","targetHints":{"allow":["GET"]}}],"collection":[{"href":"https:\/\/viva.ezxdemo.com\/fr\/wp-json\/wp\/v2\/product"}],"about":[{"href":"https:\/\/viva.ezxdemo.com\/fr\/wp-json\/wp\/v2\/types\/product"}],"wp:featuredmedia":[{"embeddable":true,"href":"https:\/\/viva.ezxdemo.com\/fr\/wp-json\/wp\/v2\/media\/19319"}],"wp:attachment":[{"href":"https:\/\/viva.ezxdemo.com\/fr\/wp-json\/wp\/v2\/media?parent=20942"}],"wp:term":[{"taxonomy":"product_brand","embeddable":true,"href":"https:\/\/viva.ezxdemo.com\/fr\/wp-json\/wp\/v2\/product_brand?post=20942"},{"taxonomy":"product_cat","embeddable":true,"href":"https:\/\/viva.ezxdemo.com\/fr\/wp-json\/wp\/v2\/product_cat?post=20942"},{"taxonomy":"product_tag","embeddable":true,"href":"https:\/\/viva.ezxdemo.com\/fr\/wp-json\/wp\/v2\/product_tag?post=20942"}],"curies":[{"name":"wp","href":"https:\/\/api.w.org\/{rel}","templated":true}]}}