{"id":20943,"date":"2025-04-16T16:13:00","date_gmt":"2025-04-16T14:13:00","guid":{"rendered":"https:\/\/vivarapro.nl\/product\/nk-gz-14-nichoir-de-facade-pour-martinet-noir\/"},"modified":"2025-10-29T21:01:22","modified_gmt":"2025-10-29T20:01:22","slug":"nk-gz-14-nichoir-de-facade-pour-martinet-noir","status":"publish","type":"product","link":"https:\/\/viva.ezxdemo.com\/fr\/produit\/nk-gz-14-nichoir-de-facade-pour-martinet-noir\/","title":{"rendered":"NK GZ 14 Nichoir mural pour martinet noir"},"content":{"rendered":"<p>Les moineaux domestiques aiment \u00e9galement utiliser ce nichoir, ce qui favorise sa d\u00e9couverte par les martinets noirs. Si un martinet souhaite occuper un nichoir d\u00e9j\u00e0 pris par des moineaux, il les d\u00e9logera tout simplement.<br \/>Ce nichoir est fabriqu\u00e9 en contreplaqu\u00e9 certifi\u00e9 FSC\u00ae et recouvert de li\u00e8ge projet\u00e9 gris. La paroi arri\u00e8re \u00e0 l\u2019int\u00e9rieur est \u00e9galement recouverte de li\u00e8ge projet\u00e9, permettant aux jeunes oiseaux de s\u2019y agripper pour muscler leurs ailes.<br \/>L\u2019installation est simple gr\u00e2ce au crochet de suspension et aux vis en acier inoxydable fournis.<\/p>\n","protected":false},"excerpt":{"rendered":"<p>NK GZ 14 Nichoir mural pour martinets noirs | Vivara Pro | Le plus grand fabricant europ\u00e9en de solutions de nidification pour les chauves-souris, les oiseaux et la faune sauvage<\/p>\n","protected":false},"featured_media":19458,"template":"","meta":{"_acf_changed":false,"_relevanssi_hide_post":"","_relevanssi_hide_content":"","_relevanssi_pin_for_all":"","_relevanssi_pin_keywords":"","_relevanssi_unpin_keywords":"","_relevanssi_related_keywords":"","_relevanssi_related_include_ids":"","_relevanssi_related_exclude_ids":"","_relevanssi_related_no_append":"","_relevanssi_related_not_related":"","_relevanssi_related_posts":"","_relevanssi_noindex_reason":""},"product_brand":[],"product_cat":[5041,5025,5040],"product_tag":[],"class_list":{"0":"post-20943","1":"product","2":"type-product","3":"status-publish","4":"has-post-thumbnail","6":"product_cat-nichoirs-muraux-pour-martinets-noirs","7":"product_cat-martinets-noir","8":"product_cat-nichoirs-muraux","9":"pa_binnenmaat-b-x-h-x-d-cm-27-6-x-16-x-19-fr","10":"pa_buitenmaat-b-x-h-x-d-cm-30-x-16-x-19-fr","11":"pa_gewicht-kg-1-4-fr","12":"pa_materiaal-nichoir-en-contreplaque-avec-kit-de-fixation","14":"first","15":"instock","16":"shipping-taxable","17":"purchasable","18":"product-type-simple"},"acf":[],"_links":{"self":[{"href":"https:\/\/viva.ezxdemo.com\/fr\/wp-json\/wp\/v2\/product\/20943","targetHints":{"allow":["GET"]}}],"collection":[{"href":"https:\/\/viva.ezxdemo.com\/fr\/wp-json\/wp\/v2\/product"}],"about":[{"href":"https:\/\/viva.ezxdemo.com\/fr\/wp-json\/wp\/v2\/types\/product"}],"wp:featuredmedia":[{"embeddable":true,"href":"https:\/\/viva.ezxdemo.com\/fr\/wp-json\/wp\/v2\/media\/19458"}],"wp:attachment":[{"href":"https:\/\/viva.ezxdemo.com\/fr\/wp-json\/wp\/v2\/media?parent=20943"}],"wp:term":[{"taxonomy":"product_brand","embeddable":true,"href":"https:\/\/viva.ezxdemo.com\/fr\/wp-json\/wp\/v2\/product_brand?post=20943"},{"taxonomy":"product_cat","embeddable":true,"href":"https:\/\/viva.ezxdemo.com\/fr\/wp-json\/wp\/v2\/product_cat?post=20943"},{"taxonomy":"product_tag","embeddable":true,"href":"https:\/\/viva.ezxdemo.com\/fr\/wp-json\/wp\/v2\/product_tag?post=20943"}],"curies":[{"name":"wp","href":"https:\/\/api.w.org\/{rel}","templated":true}]}}