{"id":24131,"date":"2025-09-25T13:34:41","date_gmt":"2025-09-25T11:34:41","guid":{"rendered":"https:\/\/vivarapro.nl\/?post_type=product&#038;p=24131"},"modified":"2025-10-29T09:45:37","modified_gmt":"2025-10-29T08:45:37","slug":"vl-ef-02-clapet-atterrissage-pour-chauves-souris","status":"publish","type":"product","link":"https:\/\/viva.ezxdemo.com\/fr\/produit\/vl-ef-02-clapet-atterrissage-pour-chauves-souris\/","title":{"rendered":"VL EF 02 Clapet atterrissage pour chauves-souris"},"content":{"rendered":"<p>Dans certaines situations, il est n\u00e9cessaire d&#8217;\u00e9liminer les chauves-souris d&#8217;un b\u00e2timent ou d&#8217;un arbre. Il peut s&#8217;agir de la r\u00e9novation ou de la d\u00e9molition d&#8217;un b\u00e2timent ou de l&#8217;abattage d&#8217;un arbre. Cela n\u00e9cessite une d\u00e9rogation \u00e0 la loi sur la protection de la nature. Ce volet d&#8217;exclusion permet de rendre un site exempt de chauves-souris. Placez le rabat d&#8217;exclusion sur l&#8217;ouverture pour volatiles, ce qui permettra aux chauves-souris de continuer \u00e0 sortir mais la surface lisse du rabat en caoutchouc les emp\u00eachera d&#8217;entrer. Cela cr\u00e9e un Type de trafic \u00e0 sens unique. Nous avons re\u00e7u les images ci-dessous de Mark Bouwmeester d&#8217;Ecoresult B.V. Vous pouvez y voir clairement comment le lambeau d&#8217;excusion fonctionne dans la pratique.<\/p>\n","protected":false},"excerpt":{"rendered":"<p>VL EF 01 Clapet atterrissage pour chauves-souris | Vivara Pro | Le plus grand fabricant europ\u00e9en de solutions de nidification pour les chauves-souris, les oiseaux et la faune sauvage<\/p>\n","protected":false},"featured_media":30112,"template":"","meta":{"_acf_changed":false,"_relevanssi_hide_post":"","_relevanssi_hide_content":"","_relevanssi_pin_for_all":"","_relevanssi_pin_keywords":"","_relevanssi_unpin_keywords":"","_relevanssi_related_keywords":"","_relevanssi_related_include_ids":"","_relevanssi_related_exclude_ids":"","_relevanssi_related_no_append":"","_relevanssi_related_not_related":"","_relevanssi_related_posts":"","_relevanssi_noindex_reason":""},"product_brand":[],"product_cat":[5024,5037,5080],"product_tag":[],"class_list":{"0":"post-24131","1":"product","2":"type-product","3":"status-publish","4":"has-post-thumbnail","6":"product_cat-chauves-souris","7":"product_cat-nichoirs-muraux-chauves-souris","8":"product_cat-produits-de-decouragement","9":"pa_buitenmaat-b-x-h-x-d-cm-22-x-22-x-15-fr","10":"pa_gewicht-kg-09-fr","11":"pa_kleur-naturel-fr","12":"pa_materiaal-voor-filter-bois-fsc","13":"pa_soortgroep-chauves-souris","15":"first","16":"instock","17":"purchasable","18":"product-type-simple"},"acf":[],"_links":{"self":[{"href":"https:\/\/viva.ezxdemo.com\/fr\/wp-json\/wp\/v2\/product\/24131","targetHints":{"allow":["GET"]}}],"collection":[{"href":"https:\/\/viva.ezxdemo.com\/fr\/wp-json\/wp\/v2\/product"}],"about":[{"href":"https:\/\/viva.ezxdemo.com\/fr\/wp-json\/wp\/v2\/types\/product"}],"wp:featuredmedia":[{"embeddable":true,"href":"https:\/\/viva.ezxdemo.com\/fr\/wp-json\/wp\/v2\/media\/30112"}],"wp:attachment":[{"href":"https:\/\/viva.ezxdemo.com\/fr\/wp-json\/wp\/v2\/media?parent=24131"}],"wp:term":[{"taxonomy":"product_brand","embeddable":true,"href":"https:\/\/viva.ezxdemo.com\/fr\/wp-json\/wp\/v2\/product_brand?post=24131"},{"taxonomy":"product_cat","embeddable":true,"href":"https:\/\/viva.ezxdemo.com\/fr\/wp-json\/wp\/v2\/product_cat?post=24131"},{"taxonomy":"product_tag","embeddable":true,"href":"https:\/\/viva.ezxdemo.com\/fr\/wp-json\/wp\/v2\/product_tag?post=24131"}],"curies":[{"name":"wp","href":"https:\/\/api.w.org\/{rel}","templated":true}]}}