{"id":27003,"date":"2024-07-19T21:07:31","date_gmt":"2024-07-19T19:07:31","guid":{"rendered":"https:\/\/vivarapro.nl\/product\/nk-gz-12-nichoir-mural-pour-martinets-noirs\/"},"modified":"2025-10-30T09:14:45","modified_gmt":"2025-10-30T08:14:45","slug":"nk-gz-12-nichoir-mural-pour-martinets-noirs","status":"publish","type":"product","link":"https:\/\/viva.ezxdemo.com\/fr\/produit\/nk-gz-12-nichoir-mural-pour-martinets-noirs\/","title":{"rendered":"NK GZ 12 Nichoir mural pour martinets noirs"},"content":{"rendered":"<p>Les moineaux domestiques aiment \u00e9galement utiliser ce nichoir, ce qui favorise sa d\u00e9couverte par les martinets noirs pour leur propre usage. Si un martinet souhaite occuper un nichoir d\u00e9j\u00e0 pris par des moineaux, il les d\u00e9logera tout simplement. Le nichoir est fabriqu\u00e9 en WoodStone\u00ae, un m\u00e9lange de fibres de bois 100\u00a0% certifi\u00e9es FSC\u00ae et de b\u00e9ton. Ce mat\u00e9riau robuste est respectueux de l\u2019environnement et con\u00e7u pour durer plusieurs d\u00e9cennies. L\u2019installation est simple gr\u00e2ce au crochet en Z et aux vis en acier inoxydable fournis. Ce nichoir r\u00e9pond \u00e0 toutes les exigences d\u00e9finies dans le document\u00a0Bij12 pour les martinets, conform\u00e9ment aux lois n\u00e9erlandaises sur la protection et la conservation de la nature.<\/p>\n","protected":false},"excerpt":{"rendered":"<p>Les moineaux domestiques aiment \u00e9galement utiliser ce nichoir, ce qui favorise sa d\u00e9couverte par les martinets noirs pour leur propre usage. Si un martinet souhaite occuper un nichoir d\u00e9j\u00e0 pris par des moineaux, il les d\u00e9logera tout simplement. Le nichoir est fabriqu\u00e9 en WoodStone\u00ae, un m\u00e9lange de fibres de bois 100\u00a0% certifi\u00e9es FSC\u00ae et de [&hellip;]<\/p>\n","protected":false},"featured_media":11860,"template":"","meta":{"_acf_changed":false,"_relevanssi_hide_post":"","_relevanssi_hide_content":"","_relevanssi_pin_for_all":"","_relevanssi_pin_keywords":"","_relevanssi_unpin_keywords":"","_relevanssi_related_keywords":"","_relevanssi_related_include_ids":"","_relevanssi_related_exclude_ids":"","_relevanssi_related_no_append":"","_relevanssi_related_not_related":"","_relevanssi_related_posts":"","_relevanssi_noindex_reason":""},"product_brand":[],"product_cat":[5025,5040,5041],"product_tag":[],"class_list":{"0":"post-27003","1":"product","2":"type-product","3":"status-publish","4":"has-post-thumbnail","6":"product_cat-martinets-noir","7":"product_cat-nichoirs-muraux","8":"product_cat-nichoirs-muraux-pour-martinets-noirs","9":"pa_binnenmaat-b-x-h-x-d-cm-35-x-17-x-17-fr","10":"pa_buitenmaat-b-x-h-x-d-cm-44-x-27-x-27-fr","11":"pa_gewicht-kg-9-fr","12":"pa_invliegopening-65-x-30-mm-ovale","13":"pa_kleur-gris","14":"pa_materiaal-woodstone-fr","15":"pa_materiaal-voor-filter-beton-de-bois","16":"pa_soort-martinet-noir","17":"pa_soortgroep-martinets","19":"first","20":"instock","21":"purchasable","22":"product-type-simple"},"acf":[],"_links":{"self":[{"href":"https:\/\/viva.ezxdemo.com\/fr\/wp-json\/wp\/v2\/product\/27003","targetHints":{"allow":["GET"]}}],"collection":[{"href":"https:\/\/viva.ezxdemo.com\/fr\/wp-json\/wp\/v2\/product"}],"about":[{"href":"https:\/\/viva.ezxdemo.com\/fr\/wp-json\/wp\/v2\/types\/product"}],"wp:featuredmedia":[{"embeddable":true,"href":"https:\/\/viva.ezxdemo.com\/fr\/wp-json\/wp\/v2\/media\/11860"}],"wp:attachment":[{"href":"https:\/\/viva.ezxdemo.com\/fr\/wp-json\/wp\/v2\/media?parent=27003"}],"wp:term":[{"taxonomy":"product_brand","embeddable":true,"href":"https:\/\/viva.ezxdemo.com\/fr\/wp-json\/wp\/v2\/product_brand?post=27003"},{"taxonomy":"product_cat","embeddable":true,"href":"https:\/\/viva.ezxdemo.com\/fr\/wp-json\/wp\/v2\/product_cat?post=27003"},{"taxonomy":"product_tag","embeddable":true,"href":"https:\/\/viva.ezxdemo.com\/fr\/wp-json\/wp\/v2\/product_tag?post=27003"}],"curies":[{"name":"wp","href":"https:\/\/api.w.org\/{rel}","templated":true}]}}