{"id":27004,"date":"2024-10-10T16:00:37","date_gmt":"2024-10-10T14:00:37","guid":{"rendered":"https:\/\/vivarapro.nl\/product\/ib-gz-16-nichoir-a-encastrer-pour-martinet-noir\/"},"modified":"2025-10-30T09:16:27","modified_gmt":"2025-10-30T08:16:27","slug":"ib-gz-16-nichoir-a-encastrer-pour-martinet-noir","status":"publish","type":"product","link":"https:\/\/viva.ezxdemo.com\/fr\/produit\/ib-gz-16-nichoir-a-encastrer-pour-martinet-noir\/","title":{"rendered":"IB GZ 16 Nichoir \u00e0 encastrer pour martinet noir"},"content":{"rendered":"<p class=\"\" data-start=\"119\" data-end=\"418\">Ce nichoir \u00e0 encastrer pour martinet noir remplace efficacement les sites de nidification naturels des martinets noirs dans les fa\u00e7ades.<br data-start=\"234\" data-end=\"237\" \/>Ce nichoir est particuli\u00e8rement adapt\u00e9 aux fa\u00e7ades enduites (cr\u00e9pies).<br data-start=\"311\" data-end=\"314\" \/>De plus, il peut s\u2019int\u00e8grer dans les b\u00e2timents neufs, les b\u00e2timents en r\u00e9novation ou lors de travaux de post-isolation.<\/p>\n<p class=\"\" data-start=\"420\" data-end=\"591\">La hauteur de ce nichoir \u00e0 encastrer correspond parfaitement \u00e0 un format de mur en trois rangs de briques Waal, et le trou d\u2019envol peut \u00eatre orient\u00e9 \u00e0 gauche ou \u00e0 droite.<\/p>\n<p class=\"\" data-start=\"593\" data-end=\"886\">Les moineaux domestiques aiment \u00e9galement utiliser ce nichoir \u00e0 encastrer.<br data-start=\"648\" data-end=\"651\" \/>Cette utilisation favorise sa d\u00e9couverte par les martinets noirs.<br data-start=\"717\" data-end=\"720\" \/>Si un martinet d\u00e9cide d\u2019occuper un nichoir d\u00e9j\u00e0 pris par des moineaux, il les d\u00e9logera sans h\u00e9siter.<br data-start=\"818\" data-end=\"821\" \/>Les m\u00e9sanges charbonni\u00e8res et les m\u00e9sanges bleues peuvent \u00e9galement utiliser ce nichoir \u00e0 l\u2019occasion.<\/p>\n<p class=\"\" data-start=\"888\" data-end=\"961\">Ce nichoir \u00e0 encastrer est enti\u00e8rement fabriqu\u00e9 en b\u00e9ton de bois certifi\u00e9 FSC\u00ae.<\/p>\n","protected":false},"excerpt":{"rendered":"<p>Ce nichoir \u00e0 encastrer pour martinet noir remplace efficacement les sites de nidification naturels des martinets noirs dans les fa\u00e7ades.Ce nichoir est particuli\u00e8rement adapt\u00e9 aux fa\u00e7ades enduites (cr\u00e9pies).De plus, il peut s\u2019int\u00e8grer dans les b\u00e2timents neufs, les b\u00e2timents en r\u00e9novation ou lors de travaux de post-isolation. La hauteur de ce nichoir \u00e0 encastrer correspond parfaitement [&hellip;]<\/p>\n","protected":false},"featured_media":31237,"template":"","meta":{"_acf_changed":false,"_relevanssi_hide_post":"","_relevanssi_hide_content":"","_relevanssi_pin_for_all":"","_relevanssi_pin_keywords":"","_relevanssi_unpin_keywords":"","_relevanssi_related_keywords":"","_relevanssi_related_include_ids":"","_relevanssi_related_exclude_ids":"","_relevanssi_related_no_append":"","_relevanssi_related_not_related":"","_relevanssi_related_posts":"","_relevanssi_noindex_reason":""},"product_brand":[],"product_cat":[5023,5025,5038],"product_tag":[],"class_list":{"0":"post-27004","1":"product","2":"type-product","3":"status-publish","4":"has-post-thumbnail","6":"product_cat-gites-et-nichoirs-a-encastrer","7":"product_cat-martinets-noir","8":"product_cat-nichoirs-a-encastrer-pour-martinets-noir","9":"pa_binnenmaat-b-x-h-x-d-cm-37-x-13-x-15-fr","10":"pa_buitenmaat-b-x-h-x-d-cm-42-x-18x-19-fr","11":"pa_gewicht-kg-7494","12":"pa_invliegopening-30-x-65-fr","13":"pa_kleur-gris","14":"pa_materiaal-woodstone-fr","15":"pa_materiaal-voor-filter-beton-de-bois","16":"pa_soort-martinet-noir","17":"pa_soortgroep-martinets","19":"first","20":"instock","21":"purchasable","22":"product-type-simple"},"acf":[],"_links":{"self":[{"href":"https:\/\/viva.ezxdemo.com\/fr\/wp-json\/wp\/v2\/product\/27004","targetHints":{"allow":["GET"]}}],"collection":[{"href":"https:\/\/viva.ezxdemo.com\/fr\/wp-json\/wp\/v2\/product"}],"about":[{"href":"https:\/\/viva.ezxdemo.com\/fr\/wp-json\/wp\/v2\/types\/product"}],"wp:featuredmedia":[{"embeddable":true,"href":"https:\/\/viva.ezxdemo.com\/fr\/wp-json\/wp\/v2\/media\/31237"}],"wp:attachment":[{"href":"https:\/\/viva.ezxdemo.com\/fr\/wp-json\/wp\/v2\/media?parent=27004"}],"wp:term":[{"taxonomy":"product_brand","embeddable":true,"href":"https:\/\/viva.ezxdemo.com\/fr\/wp-json\/wp\/v2\/product_brand?post=27004"},{"taxonomy":"product_cat","embeddable":true,"href":"https:\/\/viva.ezxdemo.com\/fr\/wp-json\/wp\/v2\/product_cat?post=27004"},{"taxonomy":"product_tag","embeddable":true,"href":"https:\/\/viva.ezxdemo.com\/fr\/wp-json\/wp\/v2\/product_tag?post=27004"}],"curies":[{"name":"wp","href":"https:\/\/api.w.org\/{rel}","templated":true}]}}