{"id":27005,"date":"2024-10-10T16:40:28","date_gmt":"2024-10-10T14:40:28","guid":{"rendered":"https:\/\/vivarapro.nl\/product\/ib-vl-18-gite-a-encastrer-pour-chauves-souris\/"},"modified":"2025-10-30T09:20:48","modified_gmt":"2025-10-30T08:20:48","slug":"ib-vl-18-gite-a-encastrer-pour-chauves-souris","status":"publish","type":"product","link":"https:\/\/viva.ezxdemo.com\/fr\/produit\/ib-vl-18-gite-a-encastrer-pour-chauves-souris\/","title":{"rendered":"IB VL 18 G\u00eete \u00e0 encastrer pour chauves-souris"},"content":{"rendered":"<ul>\n<li>Ce g\u00eete \u00e0 encastrer constitue une mesure compensatoire adapt\u00e9e pour servir d\u2019abri d\u2019\u00e9t\u00e9 ou de g\u00eete de maternit\u00e9 aux chauves-souris. Il convient particuli\u00e8rement aux fa\u00e7ades recouvertes d\u2019enduit.<\/li>\n<li>Il peut \u00eatre utilis\u00e9 par des esp\u00e8ces comme la pipistrelle commune, la pipistrelle pygm\u00e9e, la pipistrelle de Nathusius et la s\u00e9rotine bicolore.<\/li>\n<li>Il est fabriqu\u00e9 en b\u00e9ton de bois certifi\u00e9 100\u00a0% FSC\u00ae et r\u00e9pond \u00e0 toutes les exigences d\u2019accueil de la pipistrelle commune.<\/li>\n<li>Il peut \u00eatre install\u00e9 seul ou combin\u00e9 c\u00f4te \u00e0 c\u00f4te avec plusieurs g\u00eetes IB VL\u00a018. Cette configuration offre davantage d\u2019espace aux chauves-souris et permet aussi d\u2019accueillir une colonie de mise bas.<\/li>\n<li>Pour les chauves-souris, plus il y a d\u2019espace disponible, mieux c\u2019est\u00a0!<\/li>\n<\/ul>\n","protected":false},"excerpt":{"rendered":"<p>Ce g\u00eete \u00e0 encastrer constitue une mesure compensatoire adapt\u00e9e pour servir d\u2019abri d\u2019\u00e9t\u00e9 ou de g\u00eete de maternit\u00e9 aux chauves-souris. Il convient particuli\u00e8rement aux fa\u00e7ades recouvertes d\u2019enduit. Il peut \u00eatre utilis\u00e9 par des esp\u00e8ces comme la pipistrelle commune, la pipistrelle pygm\u00e9e, la pipistrelle de Nathusius et la s\u00e9rotine bicolore. Il est fabriqu\u00e9 en b\u00e9ton de [&hellip;]<\/p>\n","protected":false},"featured_media":29887,"template":"","meta":{"_acf_changed":false,"_relevanssi_hide_post":"","_relevanssi_hide_content":"","_relevanssi_pin_for_all":"","_relevanssi_pin_keywords":"","_relevanssi_unpin_keywords":"","_relevanssi_related_keywords":"","_relevanssi_related_include_ids":"","_relevanssi_related_exclude_ids":"","_relevanssi_related_no_append":"","_relevanssi_related_not_related":"","_relevanssi_related_posts":"","_relevanssi_noindex_reason":""},"product_brand":[],"product_cat":[5024,5035,5023],"product_tag":[],"class_list":{"0":"post-27005","1":"product","2":"type-product","3":"status-publish","4":"has-post-thumbnail","6":"product_cat-chauves-souris","7":"product_cat-gites-a-encastrer-pour-chauves-souris","8":"product_cat-gites-et-nichoirs-a-encastrer","9":"pa_binnenmaat-b-x-h-x-d-cm-16-x-37-x-18","10":"pa_buitenmaat-b-x-h-x-d-cm-21-x-50-x-11-fr","11":"pa_gewicht-kg-7494","12":"pa_kleur-gris","13":"pa_materiaal-beton-de-bois","14":"pa_materiaal-voor-filter-beton-de-bois","15":"pa_soort-pipistrelle-commune","16":"pa_soort-pipistrelle-de-nathusius","17":"pa_soort-pipistrelle-pygmee","18":"pa_soortgroep-chauves-souris","20":"first","21":"instock","22":"purchasable","23":"product-type-simple"},"acf":[],"_links":{"self":[{"href":"https:\/\/viva.ezxdemo.com\/fr\/wp-json\/wp\/v2\/product\/27005","targetHints":{"allow":["GET"]}}],"collection":[{"href":"https:\/\/viva.ezxdemo.com\/fr\/wp-json\/wp\/v2\/product"}],"about":[{"href":"https:\/\/viva.ezxdemo.com\/fr\/wp-json\/wp\/v2\/types\/product"}],"wp:featuredmedia":[{"embeddable":true,"href":"https:\/\/viva.ezxdemo.com\/fr\/wp-json\/wp\/v2\/media\/29887"}],"wp:attachment":[{"href":"https:\/\/viva.ezxdemo.com\/fr\/wp-json\/wp\/v2\/media?parent=27005"}],"wp:term":[{"taxonomy":"product_brand","embeddable":true,"href":"https:\/\/viva.ezxdemo.com\/fr\/wp-json\/wp\/v2\/product_brand?post=27005"},{"taxonomy":"product_cat","embeddable":true,"href":"https:\/\/viva.ezxdemo.com\/fr\/wp-json\/wp\/v2\/product_cat?post=27005"},{"taxonomy":"product_tag","embeddable":true,"href":"https:\/\/viva.ezxdemo.com\/fr\/wp-json\/wp\/v2\/product_tag?post=27005"}],"curies":[{"name":"wp","href":"https:\/\/api.w.org\/{rel}","templated":true}]}}