{"id":27006,"date":"2024-10-16T15:54:47","date_gmt":"2024-10-16T13:54:47","guid":{"rendered":"https:\/\/vivarapro.nl\/product\/ib-vl-19-gite-a-encastrer-pour-chauves-souris\/"},"modified":"2025-10-30T09:19:18","modified_gmt":"2025-10-30T08:19:18","slug":"ib-vl-19-gite-a-encastrer-pour-chauves-souris","status":"publish","type":"product","link":"https:\/\/viva.ezxdemo.com\/fr\/produit\/ib-vl-19-gite-a-encastrer-pour-chauves-souris\/","title":{"rendered":"IB VL 19 G\u00eete \u00e0 encastrer pour chauves-souris"},"content":{"rendered":"<ul>\n<li>Ce g\u00eete \u00e0 encastrer pour chauves-souris est con\u00e7u pour les murs recouverts d\u2019un rev\u00eatement ext\u00e9rieur, comme ceux des constructions \u00e0 ossature bois (COB).<\/li>\n<li>Avant l\u2019installation, choisissez l\u2019\u00e9paisseur souhait\u00e9e pour le trou d\u2019envol, en fonction de l\u2019\u00e9paisseur du rev\u00eatement qui a \u00e9t\u00e9 appliqu\u00e9.<\/li>\n<li>Vous avez le choix entre 20\u00a0mm (72005) et 28\u00a0mm (72006).<\/li>\n<\/ul>\n","protected":false},"excerpt":{"rendered":"<p>Ce g\u00eete \u00e0 encastrer pour chauves-souris est con\u00e7u pour les murs recouverts d\u2019un rev\u00eatement ext\u00e9rieur, comme ceux des constructions \u00e0 ossature bois (COB). Avant l\u2019installation, choisissez l\u2019\u00e9paisseur souhait\u00e9e pour le trou d\u2019envol, en fonction de l\u2019\u00e9paisseur du rev\u00eatement qui a \u00e9t\u00e9 appliqu\u00e9. Vous avez le choix entre 20\u00a0mm (72005) et 28\u00a0mm (72006).<\/p>\n","protected":false},"featured_media":29915,"template":"","meta":{"_acf_changed":false,"_relevanssi_hide_post":"","_relevanssi_hide_content":"","_relevanssi_pin_for_all":"","_relevanssi_pin_keywords":"","_relevanssi_unpin_keywords":"","_relevanssi_related_keywords":"","_relevanssi_related_include_ids":"","_relevanssi_related_exclude_ids":"","_relevanssi_related_no_append":"","_relevanssi_related_not_related":"","_relevanssi_related_posts":"","_relevanssi_noindex_reason":""},"product_brand":[],"product_cat":[5024,5035,5023],"product_tag":[],"class_list":{"0":"post-27006","1":"product","2":"type-product","3":"status-publish","4":"has-post-thumbnail","6":"product_cat-chauves-souris","7":"product_cat-gites-a-encastrer-pour-chauves-souris","8":"product_cat-gites-et-nichoirs-a-encastrer","9":"pa_binnenmaat-b-x-h-x-d-cm-24-x-48-x-2","10":"pa_buitenmaat-b-x-h-x-d-cm-28-x-56-x-5-fr","11":"pa_gewicht-kg-55-fr","12":"pa_kleur-gris","13":"pa_materiaal-beton-de-bois","14":"pa_materiaal-contreplaque-exterieur-fsc","15":"pa_materiaal-voor-filter-beton-de-bois","16":"pa_soort-murin-a-moustaches","17":"pa_soort-pipistrelle-commune","18":"pa_soort-pipistrelle-de-nathusius","19":"pa_soort-pipistrelle-pygmee","20":"pa_soort-serotine-commune","21":"pa_soortgroep-chauves-souris","23":"first","24":"instock","25":"purchasable","26":"product-type-simple"},"acf":[],"_links":{"self":[{"href":"https:\/\/viva.ezxdemo.com\/fr\/wp-json\/wp\/v2\/product\/27006","targetHints":{"allow":["GET"]}}],"collection":[{"href":"https:\/\/viva.ezxdemo.com\/fr\/wp-json\/wp\/v2\/product"}],"about":[{"href":"https:\/\/viva.ezxdemo.com\/fr\/wp-json\/wp\/v2\/types\/product"}],"wp:featuredmedia":[{"embeddable":true,"href":"https:\/\/viva.ezxdemo.com\/fr\/wp-json\/wp\/v2\/media\/29915"}],"wp:attachment":[{"href":"https:\/\/viva.ezxdemo.com\/fr\/wp-json\/wp\/v2\/media?parent=27006"}],"wp:term":[{"taxonomy":"product_brand","embeddable":true,"href":"https:\/\/viva.ezxdemo.com\/fr\/wp-json\/wp\/v2\/product_brand?post=27006"},{"taxonomy":"product_cat","embeddable":true,"href":"https:\/\/viva.ezxdemo.com\/fr\/wp-json\/wp\/v2\/product_cat?post=27006"},{"taxonomy":"product_tag","embeddable":true,"href":"https:\/\/viva.ezxdemo.com\/fr\/wp-json\/wp\/v2\/product_tag?post=27006"}],"curies":[{"name":"wp","href":"https:\/\/api.w.org\/{rel}","templated":true}]}}