{"id":27009,"date":"2024-10-15T15:13:39","date_gmt":"2024-10-15T13:13:39","guid":{"rendered":"https:\/\/vivarapro.nl\/product\/ib-di-04-nichoir-a-encastrer-semi-ouvert\/"},"modified":"2025-10-30T09:21:46","modified_gmt":"2025-10-30T08:21:46","slug":"ib-di-04-nichoir-a-encastrer-semi-ouvert","status":"publish","type":"product","link":"https:\/\/viva.ezxdemo.com\/fr\/produit\/ib-di-04-nichoir-a-encastrer-semi-ouvert\/","title":{"rendered":"IB DI 04 Nichoir \u00e0 encastrer semi-ouvert"},"content":{"rendered":"<p class=\"\" data-start=\"97\" data-end=\"435\">Ce nichoir \u00e0 encastrer permet de compenser la perte des nids d\u2019oiseaux tels que le rougequeue noir et il est id\u00e9al pour les fa\u00e7ades enduites. Ce nichoir \u00e0 encastrer convient pour les b\u00e2timents neufs ou faisant l\u2019objet de travaux de r\u00e9novations ou d\u2019isolation par l\u2019ext\u00e9rieur. Il s\u2019int\u00e8gre parfaitement dans un mur \u00e0 3 rangs de briques au format Waal.<\/p>\n<p class=\"\" data-start=\"437\" data-end=\"573\">D\u2019autres esp\u00e8ces comme la bergeronnette grise, la bergeronnette des ruisseaux, le rougegorge familier, le gobe-mouche gris et le moineau domestique peuvent \u00e9galement utiliser ce nichoir.<\/p>\n<p class=\"\" data-start=\"575\" data-end=\"638\">Ce nichoir est enti\u00e8rement fabriqu\u00e9 en b\u00e9ton de bois certifi\u00e9 FSC\u00ae.<\/p>\n","protected":false},"excerpt":{"rendered":"<p>Ce nichoir \u00e0 encastrer permet de compenser la perte des nids d\u2019oiseaux tels que le rougequeue noir et il est id\u00e9al pour les fa\u00e7ades enduites. Ce nichoir \u00e0 encastrer convient pour les b\u00e2timents neufs ou faisant l\u2019objet de travaux de r\u00e9novations ou d\u2019isolation par l\u2019ext\u00e9rieur. Il s\u2019int\u00e8gre parfaitement dans un mur \u00e0 3 rangs de [&hellip;]<\/p>\n","protected":false},"featured_media":17014,"template":"","meta":{"_acf_changed":false,"_relevanssi_hide_post":"","_relevanssi_hide_content":"","_relevanssi_pin_for_all":"","_relevanssi_pin_keywords":"","_relevanssi_unpin_keywords":"","_relevanssi_related_keywords":"","_relevanssi_related_include_ids":"","_relevanssi_related_exclude_ids":"","_relevanssi_related_no_append":"","_relevanssi_related_not_related":"","_relevanssi_related_posts":"","_relevanssi_noindex_reason":""},"product_brand":[],"product_cat":[5023,5026,5036,5029,7868],"product_tag":[],"class_list":{"0":"post-27009","1":"product","2":"type-product","3":"status-publish","4":"has-post-thumbnail","6":"product_cat-gites-et-nichoirs-a-encastrer","7":"product_cat-moineaux-domestiques","8":"product_cat-nichoirs-a-encastrer-autres","9":"product_cat-nichoirs-oiseaux-chanteurs","10":"product_cat-nichoirs","11":"pa_binnenmaat-b-x-h-x-d-cm-165-x-12-x-13","12":"pa_buitenmaat-b-x-h-x-d-cm-215-x-17-x-186-fr","13":"pa_gewicht-kg-4-fr","14":"pa_invliegopening-57-x-38","15":"pa_kleur-gris","16":"pa_materiaal-beton-de-bois","17":"pa_materiaal-voor-filter-beton-de-bois","18":"pa_soort-bergeronnette-des-ruisseaux","19":"pa_soort-bergeronnette-grise","20":"pa_soort-gobe-mouche-gris","21":"pa_soort-moineau-domestique","22":"pa_soort-rougegorge","23":"pa_soort-rougequeue-noir","24":"pa_soortgroep-oiseaux-chanteurs","26":"first","27":"instock","28":"purchasable","29":"product-type-simple"},"acf":[],"_links":{"self":[{"href":"https:\/\/viva.ezxdemo.com\/fr\/wp-json\/wp\/v2\/product\/27009","targetHints":{"allow":["GET"]}}],"collection":[{"href":"https:\/\/viva.ezxdemo.com\/fr\/wp-json\/wp\/v2\/product"}],"about":[{"href":"https:\/\/viva.ezxdemo.com\/fr\/wp-json\/wp\/v2\/types\/product"}],"wp:featuredmedia":[{"embeddable":true,"href":"https:\/\/viva.ezxdemo.com\/fr\/wp-json\/wp\/v2\/media\/17014"}],"wp:attachment":[{"href":"https:\/\/viva.ezxdemo.com\/fr\/wp-json\/wp\/v2\/media?parent=27009"}],"wp:term":[{"taxonomy":"product_brand","embeddable":true,"href":"https:\/\/viva.ezxdemo.com\/fr\/wp-json\/wp\/v2\/product_brand?post=27009"},{"taxonomy":"product_cat","embeddable":true,"href":"https:\/\/viva.ezxdemo.com\/fr\/wp-json\/wp\/v2\/product_cat?post=27009"},{"taxonomy":"product_tag","embeddable":true,"href":"https:\/\/viva.ezxdemo.com\/fr\/wp-json\/wp\/v2\/product_tag?post=27009"}],"curies":[{"name":"wp","href":"https:\/\/api.w.org\/{rel}","templated":true}]}}