{"id":27010,"date":"2024-11-06T16:11:26","date_gmt":"2024-11-06T15:11:26","guid":{"rendered":"https:\/\/vivarapro.nl\/product\/vk-sk-09-gite-mural-pour-chauves-souris\/"},"modified":"2025-10-30T09:23:02","modified_gmt":"2025-10-30T08:23:02","slug":"vk-sk-09-gite-mural-pour-chauves-souris","status":"publish","type":"product","link":"https:\/\/viva.ezxdemo.com\/fr\/produit\/vk-sk-09-gite-mural-pour-chauves-souris\/","title":{"rendered":"VK SK 09 G\u00eete mural pour chauves-souris"},"content":{"rendered":"<p data-start=\"239\" data-end=\"527\">Ce mod\u00e8le de g\u00eete de maternit\u00e9 pour chauves-souris, \u00e0 l\u2019efficacit\u00e9 prouv\u00e9e, a \u00e9t\u00e9 am\u00e9lior\u00e9 par l\u2019ajout d\u2019une isolation suppl\u00e9mentaire. Le g\u00eete se compose de trois chambres, la chambre centrale \u00e9tant isol\u00e9e avec des fibres de chanvre afin de cr\u00e9er davantage de microclimats dans l\u2019abri. Les chauves-souris peuvent aussi acc\u00e9der aux espaces int\u00e9rieurs.<\/p>\n<p data-start=\"529\" data-end=\"922\">Ce grand g\u00eete de mise bas est adapt\u00e9 pour une installation sur des murs en briques ou autres fa\u00e7ades rugueuses. Les chauves-souris peuvent y acc\u00e9der de deux mani\u00e8res\u202f: par l\u2019arri\u00e8re, gr\u00e2ce \u00e0 un espace de 2\u202fcm entre le mur et le g\u00eete, et par les ouvertures situ\u00e9es au fond. Le fond ouvert permet \u00e9galement un contr\u00f4le facile. Les trois compartiments, espac\u00e9s de 19 mm, communiquent entre eux gr\u00e2ce \u00e0 des trous perc\u00e9s dans les cloisons internes.<\/p>\n<p data-start=\"924\" data-end=\"1065\">Cet abri peut servir de g\u00eete de mise-bas mais aussi de g\u00eete d\u2019\u00e9t\u00e9 et\/ou d\u2019accouplement. Pendant les hivers doux, il peut faire office de refuge.<\/p>\n<p data-start=\"1067\" data-end=\"1117\"><strong data-start=\"1067\" data-end=\"1117\">En tant que g\u00eete de mise-bas, d\u2019\u00e9t\u00e9 ou d\u2019accouplement, il convient notamment aux esp\u00e8ces suivantes\u00a0:<\/strong><\/p>\n<ul data-start=\"1118\" data-end=\"1322\">\n<li data-start=\"1118\" data-end=\"1135\">\n<p data-start=\"1120\" data-end=\"1135\">Murin \u00e0 moustaches<\/p>\n<\/li>\n<li data-start=\"1136\" data-end=\"1158\">\n<p data-start=\"1138\" data-end=\"1158\">Pipistrelle commune<\/p>\n<\/li>\n<li data-start=\"1159\" data-end=\"1182\">\n<p data-start=\"1161\" data-end=\"1182\">Pipistrelle pygm\u00e9e<\/p>\n<\/li>\n<li data-start=\"1183\" data-end=\"1209\">\n<p data-start=\"1185\" data-end=\"1209\">Noctule commune (\u00e0 titre exp\u00e9rimental)<\/p>\n<\/li>\n<li data-start=\"1210\" data-end=\"1237\">\n<p data-start=\"1212\" data-end=\"1237\">Murin des marais (\u00e0 titre exp\u00e9rimental)<\/p>\n<\/li>\n<li data-start=\"1238\" data-end=\"1264\">\n<p data-start=\"1240\" data-end=\"1264\">Pipistrelle de Nathusius<\/p>\n<\/li>\n<li data-start=\"1265\" data-end=\"1322\">\n<p data-start=\"1267\" data-end=\"1322\">S\u00e9rotine bicolore (potentiellement aussi comme g\u00eete de mise-bas)<\/p>\n<\/li>\n<\/ul>\n<p data-start=\"1324\" data-end=\"1364\"><strong data-start=\"1324\" data-end=\"1364\">Pendant les hivers doux, il peut \u00e9galement servir d\u2019abri \u00e0 la :<\/strong><\/p>\n<ul data-start=\"1365\" data-end=\"1385\">\n<li data-start=\"1365\" data-end=\"1385\">\n<p data-start=\"1367\" data-end=\"1385\">Pipistrelle commune<\/p>\n<\/li>\n<\/ul>\n<p data-start=\"1387\" data-end=\"1722\">Le g\u00eete est fabriqu\u00e9 en contreplaqu\u00e9 ext\u00e9rieur hydrofuge coll\u00e9, r\u00e9sistant aux intemp\u00e9ries. L\u2019int\u00e9rieur de la paroi arri\u00e8re et une face des cloisons sont recouverts de li\u00e8ge projet\u00e9 pour assurer une bonne accroche. L\u2019ext\u00e9rieur est \u00e9galement prot\u00e9g\u00e9 et isol\u00e9 par un rev\u00eatement en li\u00e8ge projet\u00e9. Le g\u00eete est livr\u00e9 avec le mat\u00e9riel de fixation n\u00e9cessaire pour un montage facile.<\/p>\n","protected":false},"excerpt":{"rendered":"<p>Ce mod\u00e8le de g\u00eete de maternit\u00e9 pour chauves-souris, \u00e0 l\u2019efficacit\u00e9 prouv\u00e9e, a \u00e9t\u00e9 am\u00e9lior\u00e9 par l\u2019ajout d\u2019une isolation suppl\u00e9mentaire. Le g\u00eete se compose de trois chambres, la chambre centrale \u00e9tant isol\u00e9e avec des fibres de chanvre afin de cr\u00e9er davantage de microclimats dans l\u2019abri. Les chauves-souris peuvent aussi acc\u00e9der aux espaces int\u00e9rieurs. Ce grand g\u00eete [&hellip;]<\/p>\n","protected":false},"featured_media":10256,"template":"","meta":{"_acf_changed":false,"_relevanssi_hide_post":"","_relevanssi_hide_content":"","_relevanssi_pin_for_all":"","_relevanssi_pin_keywords":"","_relevanssi_unpin_keywords":"","_relevanssi_related_keywords":"","_relevanssi_related_include_ids":"","_relevanssi_related_exclude_ids":"","_relevanssi_related_no_append":"","_relevanssi_related_not_related":"","_relevanssi_related_posts":"","_relevanssi_noindex_reason":""},"product_brand":[],"product_cat":[5024,5039,5040,5037],"product_tag":[],"class_list":{"0":"post-27010","1":"product","2":"type-product","3":"status-publish","4":"has-post-thumbnail","6":"product_cat-chauves-souris","7":"product_cat-gite-de-maternite-pour-chauves-souris","8":"product_cat-nichoirs-muraux","9":"product_cat-nichoirs-muraux-chauves-souris","10":"pa_binnenmaat-b-x-h-x-d-cm-68-x-79-x-3-x-19-fr","11":"pa_buitenmaat-b-x-h-x-d-cm-70-x-80-x-135-fr","12":"pa_gewicht-kg-15-fr-2","13":"pa_kleur-gris","14":"pa_materiaal-contreplaque-exterieur-fsc","15":"pa_materiaal-een-ruimte-gevuld-met-hennep","16":"pa_materiaal-revetement-en-liege","17":"pa_materiaal-voor-filter-bois-fsc","18":"pa_soort-murin-a-moustaches","19":"pa_soort-oreillard-roux","20":"pa_soort-pipistrelle-commune","21":"pa_soort-pipistrelle-de-nathusius","22":"pa_soort-pipistrelle-pygmee","23":"pa_soort-serotine-commune","24":"pa_soortgroep-chauves-souris","26":"first","27":"instock","28":"purchasable","29":"product-type-simple"},"acf":[],"_links":{"self":[{"href":"https:\/\/viva.ezxdemo.com\/fr\/wp-json\/wp\/v2\/product\/27010","targetHints":{"allow":["GET"]}}],"collection":[{"href":"https:\/\/viva.ezxdemo.com\/fr\/wp-json\/wp\/v2\/product"}],"about":[{"href":"https:\/\/viva.ezxdemo.com\/fr\/wp-json\/wp\/v2\/types\/product"}],"wp:featuredmedia":[{"embeddable":true,"href":"https:\/\/viva.ezxdemo.com\/fr\/wp-json\/wp\/v2\/media\/10256"}],"wp:attachment":[{"href":"https:\/\/viva.ezxdemo.com\/fr\/wp-json\/wp\/v2\/media?parent=27010"}],"wp:term":[{"taxonomy":"product_brand","embeddable":true,"href":"https:\/\/viva.ezxdemo.com\/fr\/wp-json\/wp\/v2\/product_brand?post=27010"},{"taxonomy":"product_cat","embeddable":true,"href":"https:\/\/viva.ezxdemo.com\/fr\/wp-json\/wp\/v2\/product_cat?post=27010"},{"taxonomy":"product_tag","embeddable":true,"href":"https:\/\/viva.ezxdemo.com\/fr\/wp-json\/wp\/v2\/product_tag?post=27010"}],"curies":[{"name":"wp","href":"https:\/\/api.w.org\/{rel}","templated":true}]}}