{"id":27012,"date":"2025-04-14T10:52:34","date_gmt":"2025-04-14T08:52:34","guid":{"rendered":"https:\/\/vivarapro.nl\/product\/rv-zp-01-perchoir-pour-rapaces\/"},"modified":"2026-02-24T10:27:25","modified_gmt":"2026-02-24T09:27:25","slug":"rv-zp-01-perchoir-pour-rapaces","status":"publish","type":"product","link":"https:\/\/viva.ezxdemo.com\/fr\/produit\/rv-zp-01-perchoir-pour-rapaces\/","title":{"rendered":"RV ZP 01 Perchoir pour rapaces"},"content":{"rendered":"<p data-start=\"108\" data-end=\"142\">Perchoir pour rapaces. Les oiseaux de proie comme les buses variables, les faucons cr\u00e9cerelles et les chouettes pr\u00e9f\u00e8rent se percher en hauteur pour observer leur environnement et chasser. On installe fr\u00e9quemment ces perchoirs dans les vergers et les p\u00e9pini\u00e8res afin d\u2019\u00e9viter que les oiseaux ne se posent sur les cimes des jeunes arbres et provoquent la casse des branches. Ces perchoirs sont \u00e9galement utilis\u00e9s le long des routes et autoroutes pour dissuader les rapaces de voler trop bas au-dessus des v\u00e9hicules et entra\u00eener des collisions. En leur fournissant des perchoirs sur\u00e9lev\u00e9s, les oiseaux sont encourag\u00e9s \u00e0 traverser les routes depuis des positions plus \u00e9lev\u00e9es, renfor\u00e7ant ainsi leur s\u00e9curit\u00e9.<\/p>\n","protected":false},"excerpt":{"rendered":"<p>Perchoir pour rapaces. Les oiseaux de proie comme les buses variables, les faucons cr\u00e9cerelles et les chouettes pr\u00e9f\u00e8rent se percher en hauteur pour observer leur environnement et chasser. On installe fr\u00e9quemment ces perchoirs dans les vergers et les p\u00e9pini\u00e8res afin d\u2019\u00e9viter que les oiseaux ne se posent sur les cimes des jeunes arbres et provoquent [&hellip;]<\/p>\n","protected":false},"featured_media":18884,"template":"","meta":{"_acf_changed":false,"_relevanssi_hide_post":"","_relevanssi_hide_content":"","_relevanssi_pin_for_all":"","_relevanssi_pin_keywords":"","_relevanssi_unpin_keywords":"","_relevanssi_related_keywords":"","_relevanssi_related_include_ids":"","_relevanssi_related_exclude_ids":"","_relevanssi_related_no_append":"","_relevanssi_related_not_related":"","_relevanssi_related_posts":"","_relevanssi_noindex_reason":""},"product_brand":[],"product_cat":[5082,5075],"product_tag":[],"class_list":{"0":"post-27012","1":"product","2":"type-product","3":"status-publish","4":"has-post-thumbnail","6":"product_cat-nichoirs-pour-des-rapaces-et-des-hiboux","7":"product_cat-nichoir-sur-poteau","8":"pa_buitenmaat-b-x-h-x-d-cm-90-x-600-x-15-fr","9":"pa_gewicht-kg-7504","10":"pa_materiaal-douglas-paal-met-kastanjehout-zitbalk","11":"pa_soort-buse-variable","12":"pa_soort-faucon-crecerelle","13":"pa_soortgroep-oiseaux-de-proie","15":"first","16":"instock","17":"shipping-taxable","18":"purchasable","19":"product-type-simple"},"acf":[],"_links":{"self":[{"href":"https:\/\/viva.ezxdemo.com\/fr\/wp-json\/wp\/v2\/product\/27012","targetHints":{"allow":["GET"]}}],"collection":[{"href":"https:\/\/viva.ezxdemo.com\/fr\/wp-json\/wp\/v2\/product"}],"about":[{"href":"https:\/\/viva.ezxdemo.com\/fr\/wp-json\/wp\/v2\/types\/product"}],"wp:featuredmedia":[{"embeddable":true,"href":"https:\/\/viva.ezxdemo.com\/fr\/wp-json\/wp\/v2\/media\/18884"}],"wp:attachment":[{"href":"https:\/\/viva.ezxdemo.com\/fr\/wp-json\/wp\/v2\/media?parent=27012"}],"wp:term":[{"taxonomy":"product_brand","embeddable":true,"href":"https:\/\/viva.ezxdemo.com\/fr\/wp-json\/wp\/v2\/product_brand?post=27012"},{"taxonomy":"product_cat","embeddable":true,"href":"https:\/\/viva.ezxdemo.com\/fr\/wp-json\/wp\/v2\/product_cat?post=27012"},{"taxonomy":"product_tag","embeddable":true,"href":"https:\/\/viva.ezxdemo.com\/fr\/wp-json\/wp\/v2\/product_tag?post=27012"}],"curies":[{"name":"wp","href":"https:\/\/api.w.org\/{rel}","templated":true}]}}