{"id":27013,"date":"2025-04-16T08:54:39","date_gmt":"2025-04-16T06:54:39","guid":{"rendered":"https:\/\/vivarapro.nl\/product\/kn-bz-03-nid-dhirondelle-rustique\/"},"modified":"2025-12-17T11:11:27","modified_gmt":"2025-12-17T10:11:27","slug":"kn-bz-03-nid-dhirondelle-rustique","status":"publish","type":"product","link":"https:\/\/viva.ezxdemo.com\/fr\/produit\/kn-bz-03-nid-dhirondelle-rustique\/","title":{"rendered":"KN BZ 03 Nid d\u2019hirondelle de chemin\u00e9e"},"content":{"rendered":"<p data-start=\"111\" data-end=\"185\"><span class=\"relative -mx-px my-[-0.2rem] rounded px-px py-[0.2rem] transition-colors duration-100 ease-in-out\">Ce nid artificiel offre aux hirondelles\u00a0de chemin\u00e9e une possibilit\u00e9 de nidification adapt\u00e9e. La cuvette du nid est fabriqu\u00e9e en b\u00e9ton de bois durable et comporte une paroi arri\u00e8re en b\u00e9ton coul\u00e9. Pour permettre un montage s\u00e9curis\u00e9, ce nid artificiel est livr\u00e9 avec deux vis en acier inoxydable accompagn\u00e9es des chevilles associ\u00e9es.<\/span><\/p>\n","protected":false},"excerpt":{"rendered":"<p>Ce nid artificiel offre aux hirondelles\u00a0de chemin\u00e9e une possibilit\u00e9 de nidification adapt\u00e9e. La cuvette du nid est fabriqu\u00e9e en b\u00e9ton de bois durable et comporte une paroi arri\u00e8re en b\u00e9ton coul\u00e9. Pour permettre un montage s\u00e9curis\u00e9, ce nid artificiel est livr\u00e9 avec deux vis en acier inoxydable accompagn\u00e9es des chevilles associ\u00e9es.<\/p>\n","protected":false},"featured_media":31522,"template":"","meta":{"_acf_changed":false,"_relevanssi_hide_post":"","_relevanssi_hide_content":"","_relevanssi_pin_for_all":"","_relevanssi_pin_keywords":"","_relevanssi_unpin_keywords":"","_relevanssi_related_keywords":"","_relevanssi_related_include_ids":"","_relevanssi_related_exclude_ids":"","_relevanssi_related_no_append":"","_relevanssi_related_not_related":"","_relevanssi_related_posts":"","_relevanssi_noindex_reason":""},"product_brand":[],"product_cat":[5048,5027,5040,5045,7868],"product_tag":[],"class_list":{"0":"post-27013","1":"product","2":"type-product","3":"status-publish","4":"has-post-thumbnail","6":"product_cat-nichoirs-muraux-pour-hirondelles","7":"product_cat-hirondelles","8":"product_cat-nichoirs-muraux","9":"product_cat-nichoirs-pour-hirondelle-de-cheminee","10":"product_cat-nichoirs","11":"pa_binnenmaat-b-x-h-x-d-cm-12-x-11-x-6","12":"pa_buitenmaat-b-x-h-x-d-cm-19-x-13-x-15-fr","13":"pa_gewicht-kg-0-9","14":"pa_kleur-gris","15":"pa_materiaal-woodstone-fr","16":"pa_soort-hirondelle-de-cheminee","17":"pa_soortgroep-hirondelles","19":"first","20":"instock","21":"shipping-taxable","22":"purchasable","23":"product-type-simple"},"acf":[],"_links":{"self":[{"href":"https:\/\/viva.ezxdemo.com\/fr\/wp-json\/wp\/v2\/product\/27013","targetHints":{"allow":["GET"]}}],"collection":[{"href":"https:\/\/viva.ezxdemo.com\/fr\/wp-json\/wp\/v2\/product"}],"about":[{"href":"https:\/\/viva.ezxdemo.com\/fr\/wp-json\/wp\/v2\/types\/product"}],"wp:featuredmedia":[{"embeddable":true,"href":"https:\/\/viva.ezxdemo.com\/fr\/wp-json\/wp\/v2\/media\/31522"}],"wp:attachment":[{"href":"https:\/\/viva.ezxdemo.com\/fr\/wp-json\/wp\/v2\/media?parent=27013"}],"wp:term":[{"taxonomy":"product_brand","embeddable":true,"href":"https:\/\/viva.ezxdemo.com\/fr\/wp-json\/wp\/v2\/product_brand?post=27013"},{"taxonomy":"product_cat","embeddable":true,"href":"https:\/\/viva.ezxdemo.com\/fr\/wp-json\/wp\/v2\/product_cat?post=27013"},{"taxonomy":"product_tag","embeddable":true,"href":"https:\/\/viva.ezxdemo.com\/fr\/wp-json\/wp\/v2\/product_tag?post=27013"}],"curies":[{"name":"wp","href":"https:\/\/api.w.org\/{rel}","templated":true}]}}