{"id":27014,"date":"2025-04-16T08:57:37","date_gmt":"2025-04-16T06:57:37","guid":{"rendered":"https:\/\/vivarapro.nl\/product\/ib-gz-18-pierre-dentree-pour-martinet-noir\/"},"modified":"2025-10-30T09:10:42","modified_gmt":"2025-10-30T08:10:42","slug":"ib-gz-18-pierre-dentree-pour-martinet-noir","status":"publish","type":"product","link":"https:\/\/viva.ezxdemo.com\/fr\/produit\/ib-gz-18-pierre-dentree-pour-martinet-noir\/","title":{"rendered":"IB GZ 18 Pierre d\u2019entr\u00e9e pour martinet noir"},"content":{"rendered":"<p>Ce cylindre d\u2019entr\u00e9e pour martinets noirs est tr\u00e8s polyvalent et peut, par exemple, \u00eatre utilis\u00e9 en combinaison avec nos nichoirs \u00e0 encastrer IB GZ\u00a004 et IB GZ\u00a006. Il s\u2019installe facilement \u00e0 travers le rev\u00eatement ext\u00e9rieur d\u2019une fa\u00e7ade et permet l\u2019acc\u00e8s au nichoir \u00e0 encastrer. La large collerette ronde assure une finition soign\u00e9e sur le mur ext\u00e9rieur. Les cylindres peuvent \u00e9galement \u00eatre install\u00e9s directement dans le bardage des avant-toits, offrant ainsi aux oiseaux la possibilit\u00e9 de nicher dans les combles, avec ou sans nichoir plac\u00e9 derri\u00e8re le cylindre.<\/p>\n","protected":false},"excerpt":{"rendered":"<p>Ce cylindre d\u2019entr\u00e9e pour martinets noirs est tr\u00e8s polyvalent et peut, par exemple, \u00eatre utilis\u00e9 en combinaison avec nos nichoirs \u00e0 encastrer IB GZ\u00a004 et IB GZ\u00a006. Il s\u2019installe facilement \u00e0 travers le rev\u00eatement ext\u00e9rieur d\u2019une fa\u00e7ade et permet l\u2019acc\u00e8s au nichoir \u00e0 encastrer. La large collerette ronde assure une finition soign\u00e9e sur le mur [&hellip;]<\/p>\n","protected":false},"featured_media":31254,"template":"","meta":{"_acf_changed":false,"_relevanssi_hide_post":"","_relevanssi_hide_content":"","_relevanssi_pin_for_all":"","_relevanssi_pin_keywords":"","_relevanssi_unpin_keywords":"","_relevanssi_related_keywords":"","_relevanssi_related_include_ids":"","_relevanssi_related_exclude_ids":"","_relevanssi_related_no_append":"","_relevanssi_related_not_related":"","_relevanssi_related_posts":"","_relevanssi_noindex_reason":""},"product_brand":[],"product_cat":[5025,5023,5038],"product_tag":[],"class_list":{"0":"post-27014","1":"product","2":"type-product","3":"status-publish","4":"has-post-thumbnail","6":"product_cat-martinets-noir","7":"product_cat-gites-et-nichoirs-a-encastrer","8":"product_cat-nichoirs-a-encastrer-pour-martinets-noir","9":"pa_buitenmaat-b-x-h-x-d-cm-o-135-x-5-hoog-fr","10":"pa_gewicht-kg-7498","11":"pa_kleur-gris","12":"pa_materiaal-woodstone-fr","14":"first","15":"instock","16":"shipping-taxable","17":"purchasable","18":"product-type-simple"},"acf":[],"_links":{"self":[{"href":"https:\/\/viva.ezxdemo.com\/fr\/wp-json\/wp\/v2\/product\/27014","targetHints":{"allow":["GET"]}}],"collection":[{"href":"https:\/\/viva.ezxdemo.com\/fr\/wp-json\/wp\/v2\/product"}],"about":[{"href":"https:\/\/viva.ezxdemo.com\/fr\/wp-json\/wp\/v2\/types\/product"}],"wp:featuredmedia":[{"embeddable":true,"href":"https:\/\/viva.ezxdemo.com\/fr\/wp-json\/wp\/v2\/media\/31254"}],"wp:attachment":[{"href":"https:\/\/viva.ezxdemo.com\/fr\/wp-json\/wp\/v2\/media?parent=27014"}],"wp:term":[{"taxonomy":"product_brand","embeddable":true,"href":"https:\/\/viva.ezxdemo.com\/fr\/wp-json\/wp\/v2\/product_brand?post=27014"},{"taxonomy":"product_cat","embeddable":true,"href":"https:\/\/viva.ezxdemo.com\/fr\/wp-json\/wp\/v2\/product_cat?post=27014"},{"taxonomy":"product_tag","embeddable":true,"href":"https:\/\/viva.ezxdemo.com\/fr\/wp-json\/wp\/v2\/product_tag?post=27014"}],"curies":[{"name":"wp","href":"https:\/\/api.w.org\/{rel}","templated":true}]}}