{"id":27017,"date":"2025-04-08T15:53:03","date_gmt":"2025-04-08T13:53:03","guid":{"rendered":"https:\/\/vivarapro.nl\/product\/nk-sw-01-nichoir-28-mm\/"},"modified":"2026-02-24T09:48:53","modified_gmt":"2026-02-24T08:48:53","slug":"nk-sw-01-nichoir-28-mm","status":"publish","type":"product","link":"https:\/\/viva.ezxdemo.com\/fr\/produit\/nk-sw-01-nichoir-28-mm\/","title":{"rendered":"NK SW 01 Nichoir 28\u00a0mm"},"content":{"rendered":"<p>Ce nichoir durable en Woodstone est sp\u00e9cialement con\u00e7u pour les petites esp\u00e8ces de m\u00e9sanges, comme la m\u00e9sange bleue ou la m\u00e9sange noire. Il s\u2019installe facilement sur une fa\u00e7ade ou dans un arbre. Les nervures renforc\u00e9es \u00e0 l\u2019arri\u00e8re assurent une fixation stable. Gr\u00e2ce \u00e0 son support amovible, il peut \u00e9galement \u00eatre accroch\u00e9 librement \u00e0 une branche.<\/p>\n<p>Une protection anti-martres est int\u00e9gr\u00e9e \u00e0 l\u2019int\u00e9rieur de la fa\u00e7ade, afin de limiter les attaques de pr\u00e9dateur. La porte s\u2019enl\u00e8ve ais\u00e9ment, ce qui facilite l\u2019entretien. Le Woodstone est un mat\u00e9riau durable compos\u00e9 de b\u00e9ton et de bois certifi\u00e9 FSC\u00ae, offrant une bonne isolation et une longue dur\u00e9e de vie.<\/p>\n","protected":false},"excerpt":{"rendered":"<p>Ce nichoir durable en Woodstone est sp\u00e9cialement con\u00e7u pour les petites esp\u00e8ces de m\u00e9sanges, comme la m\u00e9sange bleue ou la m\u00e9sange noire. Il s\u2019installe facilement sur une fa\u00e7ade ou dans un arbre. Les nervures renforc\u00e9es \u00e0 l\u2019arri\u00e8re assurent une fixation stable. Gr\u00e2ce \u00e0 son support amovible, il peut \u00e9galement \u00eatre accroch\u00e9 librement \u00e0 une branche. [&hellip;]<\/p>\n","protected":false},"featured_media":24277,"template":"","meta":{"_acf_changed":false,"_relevanssi_hide_post":"","_relevanssi_hide_content":"","_relevanssi_pin_for_all":"","_relevanssi_pin_keywords":"","_relevanssi_unpin_keywords":"","_relevanssi_related_keywords":"","_relevanssi_related_include_ids":"","_relevanssi_related_exclude_ids":"","_relevanssi_related_no_append":"","_relevanssi_related_not_related":"","_relevanssi_related_posts":"","_relevanssi_noindex_reason":""},"product_brand":[],"product_cat":[5029,5061,7868],"product_tag":[],"class_list":{"0":"post-27017","1":"product","2":"type-product","3":"status-publish","4":"has-post-thumbnail","6":"product_cat-nichoirs-oiseaux-chanteurs","7":"product_cat-nichoirs-pour-mesanges","8":"product_cat-nichoirs","9":"pa_binnenmaat-b-x-h-x-d-cm-13-x-21-x-13","10":"pa_buitenmaat-b-x-h-x-d-cm-17-x-26-x-17-fr","11":"pa_gewicht-kg-4-fr","12":"pa_invliegopening-28-mm","13":"pa_kleur-gris-blanc","14":"pa_materiaal-woodstone-fr","15":"pa_materiaal-voor-filter-beton-de-bois","16":"pa_materiaal-voor-filter-bois-fsc","17":"pa_soort-mesange-bleue","18":"pa_soort-mesange-noire","19":"pa_soortgroep-oiseaux-chanteurs","21":"first","22":"instock","23":"shipping-taxable","24":"purchasable","25":"product-type-simple"},"acf":[],"_links":{"self":[{"href":"https:\/\/viva.ezxdemo.com\/fr\/wp-json\/wp\/v2\/product\/27017","targetHints":{"allow":["GET"]}}],"collection":[{"href":"https:\/\/viva.ezxdemo.com\/fr\/wp-json\/wp\/v2\/product"}],"about":[{"href":"https:\/\/viva.ezxdemo.com\/fr\/wp-json\/wp\/v2\/types\/product"}],"wp:featuredmedia":[{"embeddable":true,"href":"https:\/\/viva.ezxdemo.com\/fr\/wp-json\/wp\/v2\/media\/24277"}],"wp:attachment":[{"href":"https:\/\/viva.ezxdemo.com\/fr\/wp-json\/wp\/v2\/media?parent=27017"}],"wp:term":[{"taxonomy":"product_brand","embeddable":true,"href":"https:\/\/viva.ezxdemo.com\/fr\/wp-json\/wp\/v2\/product_brand?post=27017"},{"taxonomy":"product_cat","embeddable":true,"href":"https:\/\/viva.ezxdemo.com\/fr\/wp-json\/wp\/v2\/product_cat?post=27017"},{"taxonomy":"product_tag","embeddable":true,"href":"https:\/\/viva.ezxdemo.com\/fr\/wp-json\/wp\/v2\/product_tag?post=27017"}],"curies":[{"name":"wp","href":"https:\/\/api.w.org\/{rel}","templated":true}]}}