{"id":27021,"date":"2025-04-08T15:03:17","date_gmt":"2025-04-08T13:03:17","guid":{"rendered":"https:\/\/vivarapro.nl\/product\/nk-sw-04-nichoir-ouvert\/"},"modified":"2025-10-30T09:36:57","modified_gmt":"2025-10-30T08:36:57","slug":"nk-sw-04-nichoir-ouvert","status":"publish","type":"product","link":"https:\/\/viva.ezxdemo.com\/fr\/produit\/nk-sw-04-nichoir-ouvert\/","title":{"rendered":"NK SW 04 Nichoir ouvert"},"content":{"rendered":"<p>Ce nichoir durable en woodstone offre un g\u00eete d\u2019accouplement s\u00fbr pour diff\u00e9rentes esp\u00e8ces d\u2019oiseaux, notamment le rouge-gorge, le rougequeue noir, le rougequeue \u00e0 front blanc et la bergeronnette grise. Ses nervures ajout\u00e9es \u00e0 l\u2019arri\u00e8re permettent au nichoir de rester bien en place contre les murs ou les arbres. Gr\u00e2ce \u00e0 son support de suspension amovible, il peut \u00e9galement \u00eatre accroch\u00e9 librement \u00e0 une branche. Le woodstone, m\u00e9lange de b\u00e9ton et de bois certifi\u00e9 FSC\u00ae, garantit une grande long\u00e9vit\u00e9 et une isolation optimale, qui contribue au bon d\u00e9roulement de la reproduction.<\/p>\n","protected":false},"excerpt":{"rendered":"<p>Ce nichoir durable en woodstone offre un g\u00eete d\u2019accouplement s\u00fbr pour diff\u00e9rentes esp\u00e8ces d\u2019oiseaux, notamment le rouge-gorge, le rougequeue noir, le rougequeue \u00e0 front blanc et la bergeronnette grise. Ses nervures ajout\u00e9es \u00e0 l\u2019arri\u00e8re permettent au nichoir de rester bien en place contre les murs ou les arbres. Gr\u00e2ce \u00e0 son support de suspension amovible, [&hellip;]<\/p>\n","protected":false},"featured_media":21053,"template":"","meta":{"_acf_changed":false,"_relevanssi_hide_post":"","_relevanssi_hide_content":"","_relevanssi_pin_for_all":"","_relevanssi_pin_keywords":"","_relevanssi_unpin_keywords":"","_relevanssi_related_keywords":"","_relevanssi_related_include_ids":"","_relevanssi_related_exclude_ids":"","_relevanssi_related_no_append":"","_relevanssi_related_not_related":"","_relevanssi_related_posts":"","_relevanssi_noindex_reason":""},"product_brand":[],"product_cat":[5029,5063,5058,5059,7868],"product_tag":[7518,7517,7513,7519,7515,7516,7514],"class_list":{"0":"post-27021","1":"product","2":"type-product","3":"status-publish","4":"has-post-thumbnail","6":"product_cat-nichoirs-oiseaux-chanteurs","7":"product_cat-nichoirs-autres","8":"product_cat-nichoirs-pour-bergeronnettes","9":"product_cat-nichoirs-pour-les-rouge-queues-a-front-blanc","10":"product_cat-nichoirs","11":"product_tag-gris","12":"product_tag-kwikstaart","13":"product_tag-nestkast","14":"product_tag-oiseaux-chanteurs","15":"product_tag-robins","16":"product_tag-roodstaart","17":"product_tag-vogelhuis","18":"pa_binnenmaat-b-x-h-x-d-cm-13-x-21-x-13","19":"pa_buitenmaat-b-x-h-x-d-cm-17-x-26-x-17-fr","20":"pa_gewicht-kg-7512","21":"pa_kleur-gris-blanc","22":"pa_materiaal-woodstone-fr","23":"pa_materiaal-voor-filter-beton-de-bois","24":"pa_materiaal-voor-filter-bois-fsc","25":"pa_soort-bergeronnette-grise","26":"pa_soort-gobe-mouche-gris","27":"pa_soort-rougegorge","28":"pa_soort-rougequeue-a-front-blanc","29":"pa_soort-rougequeue-noir","30":"pa_soortgroep-oiseaux-chanteurs","32":"first","33":"instock","34":"shipping-taxable","35":"purchasable","36":"product-type-simple"},"acf":[],"_links":{"self":[{"href":"https:\/\/viva.ezxdemo.com\/fr\/wp-json\/wp\/v2\/product\/27021","targetHints":{"allow":["GET"]}}],"collection":[{"href":"https:\/\/viva.ezxdemo.com\/fr\/wp-json\/wp\/v2\/product"}],"about":[{"href":"https:\/\/viva.ezxdemo.com\/fr\/wp-json\/wp\/v2\/types\/product"}],"wp:featuredmedia":[{"embeddable":true,"href":"https:\/\/viva.ezxdemo.com\/fr\/wp-json\/wp\/v2\/media\/21053"}],"wp:attachment":[{"href":"https:\/\/viva.ezxdemo.com\/fr\/wp-json\/wp\/v2\/media?parent=27021"}],"wp:term":[{"taxonomy":"product_brand","embeddable":true,"href":"https:\/\/viva.ezxdemo.com\/fr\/wp-json\/wp\/v2\/product_brand?post=27021"},{"taxonomy":"product_cat","embeddable":true,"href":"https:\/\/viva.ezxdemo.com\/fr\/wp-json\/wp\/v2\/product_cat?post=27021"},{"taxonomy":"product_tag","embeddable":true,"href":"https:\/\/viva.ezxdemo.com\/fr\/wp-json\/wp\/v2\/product_tag?post=27021"}],"curies":[{"name":"wp","href":"https:\/\/api.w.org\/{rel}","templated":true}]}}